{"id":9,"date":"2025-06-30T13:34:54","date_gmt":"2025-06-30T13:34:54","guid":{"rendered":"https:\/\/peninsoul.com\/?page_id=9"},"modified":"2025-09-08T13:02:27","modified_gmt":"2025-09-08T13:02:27","slug":"peninsoul","status":"publish","type":"page","link":"https:\/\/peninsoul.com\/fr\/peninsoul\/","title":{"rendered":"Peninsoul"},"content":{"rendered":"<p data-start=\"293\" data-end=\"616\">Depuis 2000, <strong>Peninsoul<\/strong> Nous sommes bas\u00e9s \u00e0 Barcelone et poursuivons un objectif clair : transformer le recyclage en valeur ajout\u00e9e. Nous sommes une entreprise \u00e0 vocation internationale, sp\u00e9cialis\u00e9e dans la r\u00e9utilisation et la commercialisation de papier r\u00e9cup\u00e9r\u00e9, forte d'une exp\u00e9rience de <strong>depuis plus de 25 ans<\/strong> ce qui a consolid\u00e9 notre position de leaders mondiaux dans ce secteur.<\/p>\n<p data-start=\"618\" data-end=\"1024\">Avec une usine de <strong>30 000 m\u00b2<\/strong> \u00c0 La Roca del Vall\u00e8s, pr\u00e8s de Barcelone, gr\u00e2ce \u00e0 une \u00e9quipe de 80 professionnels hautement qualifi\u00e9s, nous menons des activit\u00e9s commerciales en Europe et en Asie, g\u00e9rant plus de <strong>30 000 tonnes de papier recycl\u00e9 par mois<\/strong>. Nous agissons dans un esprit de transparence et de stabilit\u00e9, en nous appuyant sur nos propres capacit\u00e9s logistiques, afin d'assurer l'approvisionnement de nos clients et d'entretenir des relations de confiance avec les acheteurs et les vendeurs du monde entier.<\/p>\n<p data-start=\"1026\" data-end=\"1400\">Notre engagement envers l'excellence nous a permis d'\u00e9tendre nos activit\u00e9s \u00e0 de nouveaux domaines, tels que le commerce de mati\u00e8res plastiques et de p\u00e2te \u00e0 papier, ainsi que la gestion de lots de balles \u00e0 l'aide de nos propres presses. Cette diversification nous permet de r\u00e9pondre rapidement aux besoins d'un march\u00e9 en constante \u00e9volution, en proposant des solutions efficaces, durables et comp\u00e9titives.<\/p>\n<p data-start=\"1402\" data-end=\"1610\">Chez Peninsoul, nous ne nous contentons pas de recycler le papier : nous recyclons les opportunit\u00e9s et construisons l'avenir. Nous nous engageons en faveur d'un mod\u00e8le circulaire et responsable, en phase avec les Objectifs de d\u00e9veloppement durable et le respect de l'environnement.<\/p>","protected":false},"excerpt":{"rendered":"<p>Des de l\u2019any 2000, Peninsoul treballa des de Barcelona amb un objectiu clar: convertir el reciclatge en valor. Som una empresa amb vocaci\u00f3 internacional, especialitzada en la reutilitzaci\u00f3 i comercialitzaci\u00f3 de paper recuperat, amb una traject\u00f2ria de m\u00e9s de 25 anys que ens ha consolidat com a referents globals del sector. Amb una planta de [&hellip;]<\/p>\n","protected":false},"author":1,"featured_media":33,"parent":0,"menu_order":0,"comment_status":"closed","ping_status":"closed","template":"page-qui-som.php","meta":{"_acf_changed":false,"footnotes":""},"class_list":["post-9","page","type-page","status-publish","has-post-thumbnail","hentry"],"acf":[],"yoast_head":"<!-- This site is optimized with the Yoast SEO plugin v27.1.1 - https:\/\/yoast.com\/product\/yoast-seo-wordpress\/ -->\n<title>Peninsoul - Peninsoul<\/title>\n<meta name=\"robots\" content=\"index, follow, max-snippet:-1, max-image-preview:large, max-video-preview:-1\" \/>\n<link rel=\"canonical\" href=\"https:\/\/peninsoul.com\/fr\/peninsoul\/\" \/>\n<meta property=\"og:locale\" content=\"fr_FR\" \/>\n<meta property=\"og:type\" content=\"article\" \/>\n<meta property=\"og:title\" content=\"Peninsoul - Peninsoul\" \/>\n<meta property=\"og:description\" content=\"Des de l\u2019any 2000, Peninsoul treballa des de Barcelona amb un objectiu clar: convertir el reciclatge en valor. Som una empresa amb vocaci\u00f3 internacional, especialitzada en la reutilitzaci\u00f3 i comercialitzaci\u00f3 de paper recuperat, amb una traject\u00f2ria de m\u00e9s de 25 anys que ens ha consolidat com a referents globals del sector. Amb una planta de [&hellip;]\" \/>\n<meta property=\"og:url\" content=\"https:\/\/peninsoul.com\/fr\/peninsoul\/\" \/>\n<meta property=\"og:site_name\" content=\"Peninsoul\" \/>\n<meta property=\"article:modified_time\" content=\"2025-09-08T13:02:27+00:00\" \/>\n<meta property=\"og:image\" content=\"https:\/\/peninsoul.com\/wp-content\/uploads\/2025\/07\/empresa.jpg\" \/>\n\t<meta property=\"og:image:width\" content=\"1920\" \/>\n\t<meta property=\"og:image:height\" content=\"500\" \/>\n\t<meta property=\"og:image:type\" content=\"image\/jpeg\" \/>\n<meta name=\"twitter:card\" content=\"summary_large_image\" \/>\n<meta name=\"twitter:label1\" content=\"Dur\u00e9e de lecture estim\u00e9e\" \/>\n\t<meta name=\"twitter:data1\" content=\"1 minute\" \/>\n<script type=\"application\/ld+json\" class=\"yoast-schema-graph\">{\"@context\":\"https:\/\/schema.org\",\"@graph\":[{\"@type\":\"WebPage\",\"@id\":\"https:\/\/peninsoul.com\/peninsoul\/\",\"url\":\"https:\/\/peninsoul.com\/peninsoul\/\",\"name\":\"Peninsoul - Peninsoul\",\"isPartOf\":{\"@id\":\"https:\/\/peninsoul.com\/#website\"},\"primaryImageOfPage\":{\"@id\":\"https:\/\/peninsoul.com\/peninsoul\/#primaryimage\"},\"image\":{\"@id\":\"https:\/\/peninsoul.com\/peninsoul\/#primaryimage\"},\"thumbnailUrl\":\"https:\/\/peninsoul.com\/wp-content\/uploads\/2025\/07\/empresa.jpg\",\"datePublished\":\"2025-06-30T13:34:54+00:00\",\"dateModified\":\"2025-09-08T13:02:27+00:00\",\"breadcrumb\":{\"@id\":\"https:\/\/peninsoul.com\/peninsoul\/#breadcrumb\"},\"inLanguage\":\"fr-FR\",\"potentialAction\":[{\"@type\":\"ReadAction\",\"target\":[\"https:\/\/peninsoul.com\/peninsoul\/\"]}]},{\"@type\":\"ImageObject\",\"inLanguage\":\"fr-FR\",\"@id\":\"https:\/\/peninsoul.com\/peninsoul\/#primaryimage\",\"url\":\"https:\/\/peninsoul.com\/wp-content\/uploads\/2025\/07\/empresa.jpg\",\"contentUrl\":\"https:\/\/peninsoul.com\/wp-content\/uploads\/2025\/07\/empresa.jpg\",\"width\":1920,\"height\":500},{\"@type\":\"BreadcrumbList\",\"@id\":\"https:\/\/peninsoul.com\/peninsoul\/#breadcrumb\",\"itemListElement\":[{\"@type\":\"ListItem\",\"position\":1,\"name\":\"Inici\",\"item\":\"https:\/\/peninsoul.com\/\"},{\"@type\":\"ListItem\",\"position\":2,\"name\":\"Peninsoul\"}]},{\"@type\":\"WebSite\",\"@id\":\"https:\/\/peninsoul.com\/#website\",\"url\":\"https:\/\/peninsoul.com\/\",\"name\":\"Peninsoul\",\"description\":\"Reciclar, transformar i connectar amb el m\u00f3n.\",\"potentialAction\":[{\"@type\":\"SearchAction\",\"target\":{\"@type\":\"EntryPoint\",\"urlTemplate\":\"https:\/\/peninsoul.com\/?s={search_term_string}\"},\"query-input\":{\"@type\":\"PropertyValueSpecification\",\"valueRequired\":true,\"valueName\":\"search_term_string\"}}],\"inLanguage\":\"fr-FR\"}]}<\/script>\n<!-- \/ Yoast SEO plugin. -->","yoast_head_json":{"title":"Peninsoul - Peninsoul","robots":{"index":"index","follow":"follow","max-snippet":"max-snippet:-1","max-image-preview":"max-image-preview:large","max-video-preview":"max-video-preview:-1"},"canonical":"https:\/\/peninsoul.com\/fr\/peninsoul\/","og_locale":"fr_FR","og_type":"article","og_title":"Peninsoul - Peninsoul","og_description":"Des de l\u2019any 2000, Peninsoul treballa des de Barcelona amb un objectiu clar: convertir el reciclatge en valor. Som una empresa amb vocaci\u00f3 internacional, especialitzada en la reutilitzaci\u00f3 i comercialitzaci\u00f3 de paper recuperat, amb una traject\u00f2ria de m\u00e9s de 25 anys que ens ha consolidat com a referents globals del sector. Amb una planta de [&hellip;]","og_url":"https:\/\/peninsoul.com\/fr\/peninsoul\/","og_site_name":"Peninsoul","article_modified_time":"2025-09-08T13:02:27+00:00","og_image":[{"width":1920,"height":500,"url":"https:\/\/peninsoul.com\/wp-content\/uploads\/2025\/07\/empresa.jpg","type":"image\/jpeg"}],"twitter_card":"summary_large_image","twitter_misc":{"Dur\u00e9e de lecture estim\u00e9e":"1 minute"},"schema":{"@context":"https:\/\/schema.org","@graph":[{"@type":"WebPage","@id":"https:\/\/peninsoul.com\/peninsoul\/","url":"https:\/\/peninsoul.com\/peninsoul\/","name":"Peninsoul - Peninsoul","isPartOf":{"@id":"https:\/\/peninsoul.com\/#website"},"primaryImageOfPage":{"@id":"https:\/\/peninsoul.com\/peninsoul\/#primaryimage"},"image":{"@id":"https:\/\/peninsoul.com\/peninsoul\/#primaryimage"},"thumbnailUrl":"https:\/\/peninsoul.com\/wp-content\/uploads\/2025\/07\/empresa.jpg","datePublished":"2025-06-30T13:34:54+00:00","dateModified":"2025-09-08T13:02:27+00:00","breadcrumb":{"@id":"https:\/\/peninsoul.com\/peninsoul\/#breadcrumb"},"inLanguage":"fr-FR","potentialAction":[{"@type":"ReadAction","target":["https:\/\/peninsoul.com\/peninsoul\/"]}]},{"@type":"ImageObject","inLanguage":"fr-FR","@id":"https:\/\/peninsoul.com\/peninsoul\/#primaryimage","url":"https:\/\/peninsoul.com\/wp-content\/uploads\/2025\/07\/empresa.jpg","contentUrl":"https:\/\/peninsoul.com\/wp-content\/uploads\/2025\/07\/empresa.jpg","width":1920,"height":500},{"@type":"BreadcrumbList","@id":"https:\/\/peninsoul.com\/peninsoul\/#breadcrumb","itemListElement":[{"@type":"ListItem","position":1,"name":"Inici","item":"https:\/\/peninsoul.com\/"},{"@type":"ListItem","position":2,"name":"Peninsoul"}]},{"@type":"WebSite","@id":"https:\/\/peninsoul.com\/#website","url":"https:\/\/peninsoul.com\/","name":"Peninsoul","description":"Recyclez, transformez et connectez-vous au monde.","potentialAction":[{"@type":"SearchAction","target":{"@type":"EntryPoint","urlTemplate":"https:\/\/peninsoul.com\/?s={search_term_string}"},"query-input":{"@type":"PropertyValueSpecification","valueRequired":true,"valueName":"search_term_string"}}],"inLanguage":"fr-FR"}]}},"_links":{"self":[{"href":"https:\/\/peninsoul.com\/fr\/wp-json\/wp\/v2\/pages\/9","targetHints":{"allow":["GET"]}}],"collection":[{"href":"https:\/\/peninsoul.com\/fr\/wp-json\/wp\/v2\/pages"}],"about":[{"href":"https:\/\/peninsoul.com\/fr\/wp-json\/wp\/v2\/types\/page"}],"author":[{"embeddable":true,"href":"https:\/\/peninsoul.com\/fr\/wp-json\/wp\/v2\/users\/1"}],"replies":[{"embeddable":true,"href":"https:\/\/peninsoul.com\/fr\/wp-json\/wp\/v2\/comments?post=9"}],"version-history":[{"count":11,"href":"https:\/\/peninsoul.com\/fr\/wp-json\/wp\/v2\/pages\/9\/revisions"}],"predecessor-version":[{"id":140,"href":"https:\/\/peninsoul.com\/fr\/wp-json\/wp\/v2\/pages\/9\/revisions\/140"}],"wp:featuredmedia":[{"embeddable":true,"href":"https:\/\/peninsoul.com\/fr\/wp-json\/wp\/v2\/media\/33"}],"wp:attachment":[{"href":"https:\/\/peninsoul.com\/fr\/wp-json\/wp\/v2\/media?parent=9"}],"curies":[{"name":"wp","href":"https:\/\/api.w.org\/{rel}","templated":true}]}}