{"id":39,"date":"2025-07-01T11:40:14","date_gmt":"2025-07-01T11:40:14","guid":{"rendered":"https:\/\/peninsoul.com\/?page_id=39"},"modified":"2025-09-08T13:06:36","modified_gmt":"2025-09-08T13:06:36","slug":"ce-qui-nous-distingue","status":"publish","type":"page","link":"https:\/\/peninsoul.com\/fr\/que-ens-diferencia\/","title":{"rendered":"Qu'est-ce qui nous distingue ?"},"content":{"rendered":"<p data-start=\"219\" data-end=\"584\">A <strong>Peninsoul<\/strong> Pour nous, le recyclage et la commercialisation du papier ne sont pas seulement une activit\u00e9 industrielle, mais aussi un engagement en faveur de la qualit\u00e9, de l'efficacit\u00e9 et d'un avenir durable pour notre environnement. Ce qui nous distingue vraiment, ce n'est pas seulement le volume de tonnes que nous traitons chaque mois, mais <strong data-start=\"508\" data-end=\"583\">notre fa\u00e7on de faire, alliant rigueur, innovation et vision \u00e0 long terme<\/strong>.<\/p>\n<p data-start=\"586\" data-end=\"945\">Forts de plus de 25 ans d'exp\u00e9rience, nous avons tiss\u00e9 un solide r\u00e9seau de relations de confiance avec nos fournisseurs et nos clients, tant au niveau national qu'international. Nous sommes fermement engag\u00e9s \u00e0 <strong data-start=\"762\" data-end=\"845\">la proximit\u00e9, la flexibilit\u00e9 et la technologie comme moteurs de l'am\u00e9lioration continue<\/strong>, et nous nous effor\u00e7ons chaque jour d'apporter une r\u00e9elle valeur ajout\u00e9e \u00e0 la cha\u00eene d'approvisionnement en papier recycl\u00e9.<\/p>\n<p data-start=\"947\" data-end=\"1288\">De la r\u00e9ception des mati\u00e8res premi\u00e8res \u00e0 leur exportation, chaque \u00e9tape est con\u00e7ue pour optimiser les r\u00e9sultats, r\u00e9duire les incidents et garantir la tra\u00e7abilit\u00e9. Cette approche nous a permis de nous imposer comme une r\u00e9f\u00e9rence dans le secteur, en maintenant un <strong data-start=\"1197\" data-end=\"1287\">\u00c9quilibre entre croissance industrielle, responsabilit\u00e9 environnementale et qualit\u00e9 du service<\/strong>.<\/p>\n<p data-start=\"1290\" data-end=\"1326\">Voici nos points forts :<\/p>","protected":false},"excerpt":{"rendered":"<p>A Peninsoul entenem el reciclatge i la comercialitzaci\u00f3 de paper no nom\u00e9s com una activitat industrial, sin\u00f3 com un comprom\u00eds amb la qualitat, l\u2019efici\u00e8ncia i el futur sostenible del nostre entorn. El que realment ens fa diferents no \u00e9s nom\u00e9s el volum de tones que gestionem cada mes, sin\u00f3 la manera com ho fem, amb [&hellip;]<\/p>\n","protected":false},"author":1,"featured_media":42,"parent":0,"menu_order":0,"comment_status":"closed","ping_status":"closed","template":"","meta":{"_acf_changed":false,"footnotes":""},"class_list":["post-39","page","type-page","status-publish","has-post-thumbnail","hentry"],"acf":[],"yoast_head":"<!-- This site is optimized with the Yoast SEO plugin v27.1.1 - https:\/\/yoast.com\/product\/yoast-seo-wordpress\/ -->\n<title>Qu\u00e8 ens diferencia? - Peninsoul<\/title>\n<meta name=\"robots\" content=\"index, follow, max-snippet:-1, max-image-preview:large, max-video-preview:-1\" \/>\n<link rel=\"canonical\" href=\"https:\/\/peninsoul.com\/fr\/ce-qui-nous-distingue\/\" \/>\n<meta property=\"og:locale\" content=\"fr_FR\" \/>\n<meta property=\"og:type\" content=\"article\" \/>\n<meta property=\"og:title\" content=\"Qu\u00e8 ens diferencia? - Peninsoul\" \/>\n<meta property=\"og:description\" content=\"A Peninsoul entenem el reciclatge i la comercialitzaci\u00f3 de paper no nom\u00e9s com una activitat industrial, sin\u00f3 com un comprom\u00eds amb la qualitat, l\u2019efici\u00e8ncia i el futur sostenible del nostre entorn. El que realment ens fa diferents no \u00e9s nom\u00e9s el volum de tones que gestionem cada mes, sin\u00f3 la manera com ho fem, amb [&hellip;]\" \/>\n<meta property=\"og:url\" content=\"https:\/\/peninsoul.com\/fr\/ce-qui-nous-distingue\/\" \/>\n<meta property=\"og:site_name\" content=\"Peninsoul\" \/>\n<meta property=\"article:modified_time\" content=\"2025-09-08T13:06:36+00:00\" \/>\n<meta property=\"og:image\" content=\"https:\/\/peninsoul.com\/wp-content\/uploads\/2025\/07\/diferencies.jpg\" \/>\n\t<meta property=\"og:image:width\" content=\"1920\" \/>\n\t<meta property=\"og:image:height\" content=\"500\" \/>\n\t<meta property=\"og:image:type\" content=\"image\/jpeg\" \/>\n<meta name=\"twitter:card\" content=\"summary_large_image\" \/>\n<meta name=\"twitter:label1\" content=\"Dur\u00e9e de lecture estim\u00e9e\" \/>\n\t<meta name=\"twitter:data1\" content=\"1 minute\" \/>\n<script type=\"application\/ld+json\" class=\"yoast-schema-graph\">{\"@context\":\"https:\/\/schema.org\",\"@graph\":[{\"@type\":\"WebPage\",\"@id\":\"https:\/\/peninsoul.com\/que-ens-diferencia\/\",\"url\":\"https:\/\/peninsoul.com\/que-ens-diferencia\/\",\"name\":\"Qu\u00e8 ens diferencia? - Peninsoul\",\"isPartOf\":{\"@id\":\"https:\/\/peninsoul.com\/#website\"},\"primaryImageOfPage\":{\"@id\":\"https:\/\/peninsoul.com\/que-ens-diferencia\/#primaryimage\"},\"image\":{\"@id\":\"https:\/\/peninsoul.com\/que-ens-diferencia\/#primaryimage\"},\"thumbnailUrl\":\"https:\/\/peninsoul.com\/wp-content\/uploads\/2025\/07\/diferencies.jpg\",\"datePublished\":\"2025-07-01T11:40:14+00:00\",\"dateModified\":\"2025-09-08T13:06:36+00:00\",\"breadcrumb\":{\"@id\":\"https:\/\/peninsoul.com\/que-ens-diferencia\/#breadcrumb\"},\"inLanguage\":\"fr-FR\",\"potentialAction\":[{\"@type\":\"ReadAction\",\"target\":[\"https:\/\/peninsoul.com\/que-ens-diferencia\/\"]}]},{\"@type\":\"ImageObject\",\"inLanguage\":\"fr-FR\",\"@id\":\"https:\/\/peninsoul.com\/que-ens-diferencia\/#primaryimage\",\"url\":\"https:\/\/peninsoul.com\/wp-content\/uploads\/2025\/07\/diferencies.jpg\",\"contentUrl\":\"https:\/\/peninsoul.com\/wp-content\/uploads\/2025\/07\/diferencies.jpg\",\"width\":1920,\"height\":500},{\"@type\":\"BreadcrumbList\",\"@id\":\"https:\/\/peninsoul.com\/que-ens-diferencia\/#breadcrumb\",\"itemListElement\":[{\"@type\":\"ListItem\",\"position\":1,\"name\":\"Inici\",\"item\":\"https:\/\/peninsoul.com\/\"},{\"@type\":\"ListItem\",\"position\":2,\"name\":\"Qu\u00e8 ens diferencia?\"}]},{\"@type\":\"WebSite\",\"@id\":\"https:\/\/peninsoul.com\/#website\",\"url\":\"https:\/\/peninsoul.com\/\",\"name\":\"Peninsoul\",\"description\":\"Reciclar, transformar i connectar amb el m\u00f3n.\",\"potentialAction\":[{\"@type\":\"SearchAction\",\"target\":{\"@type\":\"EntryPoint\",\"urlTemplate\":\"https:\/\/peninsoul.com\/?s={search_term_string}\"},\"query-input\":{\"@type\":\"PropertyValueSpecification\",\"valueRequired\":true,\"valueName\":\"search_term_string\"}}],\"inLanguage\":\"fr-FR\"}]}<\/script>\n<!-- \/ Yoast SEO plugin. -->","yoast_head_json":{"title":"Qu'est-ce qui nous distingue ? - Peninsoul","robots":{"index":"index","follow":"follow","max-snippet":"max-snippet:-1","max-image-preview":"max-image-preview:large","max-video-preview":"max-video-preview:-1"},"canonical":"https:\/\/peninsoul.com\/fr\/ce-qui-nous-distingue\/","og_locale":"fr_FR","og_type":"article","og_title":"Qu\u00e8 ens diferencia? - Peninsoul","og_description":"A Peninsoul entenem el reciclatge i la comercialitzaci\u00f3 de paper no nom\u00e9s com una activitat industrial, sin\u00f3 com un comprom\u00eds amb la qualitat, l\u2019efici\u00e8ncia i el futur sostenible del nostre entorn. El que realment ens fa diferents no \u00e9s nom\u00e9s el volum de tones que gestionem cada mes, sin\u00f3 la manera com ho fem, amb [&hellip;]","og_url":"https:\/\/peninsoul.com\/fr\/ce-qui-nous-distingue\/","og_site_name":"Peninsoul","article_modified_time":"2025-09-08T13:06:36+00:00","og_image":[{"width":1920,"height":500,"url":"https:\/\/peninsoul.com\/wp-content\/uploads\/2025\/07\/diferencies.jpg","type":"image\/jpeg"}],"twitter_card":"summary_large_image","twitter_misc":{"Dur\u00e9e de lecture estim\u00e9e":"1 minute"},"schema":{"@context":"https:\/\/schema.org","@graph":[{"@type":"WebPage","@id":"https:\/\/peninsoul.com\/que-ens-diferencia\/","url":"https:\/\/peninsoul.com\/que-ens-diferencia\/","name":"Qu'est-ce qui nous distingue ? - Peninsoul","isPartOf":{"@id":"https:\/\/peninsoul.com\/#website"},"primaryImageOfPage":{"@id":"https:\/\/peninsoul.com\/que-ens-diferencia\/#primaryimage"},"image":{"@id":"https:\/\/peninsoul.com\/que-ens-diferencia\/#primaryimage"},"thumbnailUrl":"https:\/\/peninsoul.com\/wp-content\/uploads\/2025\/07\/diferencies.jpg","datePublished":"2025-07-01T11:40:14+00:00","dateModified":"2025-09-08T13:06:36+00:00","breadcrumb":{"@id":"https:\/\/peninsoul.com\/que-ens-diferencia\/#breadcrumb"},"inLanguage":"fr-FR","potentialAction":[{"@type":"ReadAction","target":["https:\/\/peninsoul.com\/que-ens-diferencia\/"]}]},{"@type":"ImageObject","inLanguage":"fr-FR","@id":"https:\/\/peninsoul.com\/que-ens-diferencia\/#primaryimage","url":"https:\/\/peninsoul.com\/wp-content\/uploads\/2025\/07\/diferencies.jpg","contentUrl":"https:\/\/peninsoul.com\/wp-content\/uploads\/2025\/07\/diferencies.jpg","width":1920,"height":500},{"@type":"BreadcrumbList","@id":"https:\/\/peninsoul.com\/que-ens-diferencia\/#breadcrumb","itemListElement":[{"@type":"ListItem","position":1,"name":"Inici","item":"https:\/\/peninsoul.com\/"},{"@type":"ListItem","position":2,"name":"Qu\u00e8 ens diferencia?"}]},{"@type":"WebSite","@id":"https:\/\/peninsoul.com\/#website","url":"https:\/\/peninsoul.com\/","name":"Peninsoul","description":"Recyclez, transformez et connectez-vous au monde.","potentialAction":[{"@type":"SearchAction","target":{"@type":"EntryPoint","urlTemplate":"https:\/\/peninsoul.com\/?s={search_term_string}"},"query-input":{"@type":"PropertyValueSpecification","valueRequired":true,"valueName":"search_term_string"}}],"inLanguage":"fr-FR"}]}},"_links":{"self":[{"href":"https:\/\/peninsoul.com\/fr\/wp-json\/wp\/v2\/pages\/39","targetHints":{"allow":["GET"]}}],"collection":[{"href":"https:\/\/peninsoul.com\/fr\/wp-json\/wp\/v2\/pages"}],"about":[{"href":"https:\/\/peninsoul.com\/fr\/wp-json\/wp\/v2\/types\/page"}],"author":[{"embeddable":true,"href":"https:\/\/peninsoul.com\/fr\/wp-json\/wp\/v2\/users\/1"}],"replies":[{"embeddable":true,"href":"https:\/\/peninsoul.com\/fr\/wp-json\/wp\/v2\/comments?post=39"}],"version-history":[{"count":10,"href":"https:\/\/peninsoul.com\/fr\/wp-json\/wp\/v2\/pages\/39\/revisions"}],"predecessor-version":[{"id":141,"href":"https:\/\/peninsoul.com\/fr\/wp-json\/wp\/v2\/pages\/39\/revisions\/141"}],"wp:featuredmedia":[{"embeddable":true,"href":"https:\/\/peninsoul.com\/fr\/wp-json\/wp\/v2\/media\/42"}],"wp:attachment":[{"href":"https:\/\/peninsoul.com\/fr\/wp-json\/wp\/v2\/media?parent=39"}],"curies":[{"name":"wp","href":"https:\/\/api.w.org\/{rel}","templated":true}]}}