{"id":29,"date":"2025-07-01T10:19:26","date_gmt":"2025-07-01T10:19:26","guid":{"rendered":"https:\/\/peninsoul.com\/?page_id=29"},"modified":"2025-09-08T12:56:05","modified_gmt":"2025-09-08T12:56:05","slug":"services-et-produits","status":"publish","type":"page","link":"https:\/\/peninsoul.com\/fr\/serveis-i-productes\/","title":{"rendered":"Services et produits"},"content":{"rendered":"<p>A <strong>Peninsoul<\/strong>, nous commercialisons plus d'une fois par an <strong>400 000 tonnes de vieux papiers, de bobines, de p\u00e2te \u00e0 papier et de plastique<\/strong>, avec une pr\u00e9sence bien \u00e9tablie sur les march\u00e9s <strong>national, europ\u00e9en et asiatique<\/strong>.<\/p>\n<p>Nous sommes une entreprise sp\u00e9cialis\u00e9e dans la gestion de l'ensemble du cycle du papier, de la collecte \u00e0 la distribution mondiale :<\/p>\n<ul>\n<li><strong>Classificateurs<\/strong>Nous s\u00e9lectionnons rigoureusement tous les types de papier afin qu'ils puissent \u00eatre r\u00e9utilis\u00e9s en toute s\u00e9curit\u00e9.<\/li>\n<li><strong>R\u00e9cup\u00e9rateurs<\/strong>Nous donnons une seconde vie au papier tri\u00e9 en le transformant en mati\u00e8re premi\u00e8re.<\/li>\n<li><strong>Commer\u00e7ants<\/strong>Nous achetons et vendons des mati\u00e8res premi\u00e8res \u00e0 l'\u00e9chelle internationale, en mettant en relation l'offre et la demande avec fiabilit\u00e9 et expertise.<\/li>\n<\/ul>\n<h3>Notre catalogue de produits<\/h3>\n<p>Nous proposons un <strong>volume stable et garanti<\/strong> Produit disponible toute l'ann\u00e9e, avec un large choix de r\u00e9f\u00e9rences et de qualit\u00e9s.<\/p>\n<p>Nos principaux produits sont les suivants :<\/p>","protected":false},"excerpt":{"rendered":"<p>A Peninsoul, comercialitzem anualment m\u00e9s de 400.000 tones de paper vell, bobines, pasta de paper i pl\u00e0stic, amb una activitat consolidada als mercats nacional, europeu i asi\u00e0tic. Som una empresa especialitzada en gestionar tot el cicle del paper, des de la recuperaci\u00f3 fins a la distribuci\u00f3 global: Classificadors: seleccionem amb rigor tots els tipus de [&hellip;]<\/p>\n","protected":false},"author":1,"featured_media":38,"parent":0,"menu_order":0,"comment_status":"closed","ping_status":"closed","template":"page-serveis.php","meta":{"_acf_changed":false,"footnotes":""},"class_list":["post-29","page","type-page","status-publish","has-post-thumbnail","hentry"],"acf":[],"yoast_head":"<!-- This site is optimized with the Yoast SEO plugin v27.1.1 - https:\/\/yoast.com\/product\/yoast-seo-wordpress\/ -->\n<title>Serveis i productes - Peninsoul<\/title>\n<meta name=\"robots\" content=\"index, follow, max-snippet:-1, max-image-preview:large, max-video-preview:-1\" \/>\n<link rel=\"canonical\" href=\"https:\/\/peninsoul.com\/fr\/services-et-produits\/\" \/>\n<meta property=\"og:locale\" content=\"fr_FR\" \/>\n<meta property=\"og:type\" content=\"article\" \/>\n<meta property=\"og:title\" content=\"Serveis i productes - Peninsoul\" \/>\n<meta property=\"og:description\" content=\"A Peninsoul, comercialitzem anualment m\u00e9s de 400.000 tones de paper vell, bobines, pasta de paper i pl\u00e0stic, amb una activitat consolidada als mercats nacional, europeu i asi\u00e0tic. Som una empresa especialitzada en gestionar tot el cicle del paper, des de la recuperaci\u00f3 fins a la distribuci\u00f3 global: Classificadors: seleccionem amb rigor tots els tipus de [&hellip;]\" \/>\n<meta property=\"og:url\" content=\"https:\/\/peninsoul.com\/fr\/services-et-produits\/\" \/>\n<meta property=\"og:site_name\" content=\"Peninsoul\" \/>\n<meta property=\"article:modified_time\" content=\"2025-09-08T12:56:05+00:00\" \/>\n<meta property=\"og:image\" content=\"https:\/\/peninsoul.com\/wp-content\/uploads\/2025\/07\/serveis-1.jpg\" \/>\n\t<meta property=\"og:image:width\" content=\"1920\" \/>\n\t<meta property=\"og:image:height\" content=\"500\" \/>\n\t<meta property=\"og:image:type\" content=\"image\/jpeg\" \/>\n<meta name=\"twitter:card\" content=\"summary_large_image\" \/>\n<meta name=\"twitter:label1\" content=\"Dur\u00e9e de lecture estim\u00e9e\" \/>\n\t<meta name=\"twitter:data1\" content=\"1 minute\" \/>\n<script type=\"application\/ld+json\" class=\"yoast-schema-graph\">{\"@context\":\"https:\/\/schema.org\",\"@graph\":[{\"@type\":\"WebPage\",\"@id\":\"https:\/\/peninsoul.com\/es\/serveis-i-productes\/\",\"url\":\"https:\/\/peninsoul.com\/es\/serveis-i-productes\/\",\"name\":\"Serveis i productes - Peninsoul\",\"isPartOf\":{\"@id\":\"https:\/\/peninsoul.com\/#website\"},\"primaryImageOfPage\":{\"@id\":\"https:\/\/peninsoul.com\/es\/serveis-i-productes\/#primaryimage\"},\"image\":{\"@id\":\"https:\/\/peninsoul.com\/es\/serveis-i-productes\/#primaryimage\"},\"thumbnailUrl\":\"https:\/\/peninsoul.com\/wp-content\/uploads\/2025\/07\/serveis-1.jpg\",\"datePublished\":\"2025-07-01T10:19:26+00:00\",\"dateModified\":\"2025-09-08T12:56:05+00:00\",\"breadcrumb\":{\"@id\":\"https:\/\/peninsoul.com\/es\/serveis-i-productes\/#breadcrumb\"},\"inLanguage\":\"fr-FR\",\"potentialAction\":[{\"@type\":\"ReadAction\",\"target\":[\"https:\/\/peninsoul.com\/es\/serveis-i-productes\/\"]}]},{\"@type\":\"ImageObject\",\"inLanguage\":\"fr-FR\",\"@id\":\"https:\/\/peninsoul.com\/es\/serveis-i-productes\/#primaryimage\",\"url\":\"https:\/\/peninsoul.com\/wp-content\/uploads\/2025\/07\/serveis-1.jpg\",\"contentUrl\":\"https:\/\/peninsoul.com\/wp-content\/uploads\/2025\/07\/serveis-1.jpg\",\"width\":1920,\"height\":500},{\"@type\":\"BreadcrumbList\",\"@id\":\"https:\/\/peninsoul.com\/es\/serveis-i-productes\/#breadcrumb\",\"itemListElement\":[{\"@type\":\"ListItem\",\"position\":1,\"name\":\"Inici\",\"item\":\"https:\/\/peninsoul.com\/\"},{\"@type\":\"ListItem\",\"position\":2,\"name\":\"Serveis i productes\"}]},{\"@type\":\"WebSite\",\"@id\":\"https:\/\/peninsoul.com\/#website\",\"url\":\"https:\/\/peninsoul.com\/\",\"name\":\"Peninsoul\",\"description\":\"Reciclar, transformar i connectar amb el m\u00f3n.\",\"potentialAction\":[{\"@type\":\"SearchAction\",\"target\":{\"@type\":\"EntryPoint\",\"urlTemplate\":\"https:\/\/peninsoul.com\/?s={search_term_string}\"},\"query-input\":{\"@type\":\"PropertyValueSpecification\",\"valueRequired\":true,\"valueName\":\"search_term_string\"}}],\"inLanguage\":\"fr-FR\"}]}<\/script>\n<!-- \/ Yoast SEO plugin. -->","yoast_head_json":{"title":"Services et produits - Peninsoul","robots":{"index":"index","follow":"follow","max-snippet":"max-snippet:-1","max-image-preview":"max-image-preview:large","max-video-preview":"max-video-preview:-1"},"canonical":"https:\/\/peninsoul.com\/fr\/services-et-produits\/","og_locale":"fr_FR","og_type":"article","og_title":"Serveis i productes - Peninsoul","og_description":"A Peninsoul, comercialitzem anualment m\u00e9s de 400.000 tones de paper vell, bobines, pasta de paper i pl\u00e0stic, amb una activitat consolidada als mercats nacional, europeu i asi\u00e0tic. Som una empresa especialitzada en gestionar tot el cicle del paper, des de la recuperaci\u00f3 fins a la distribuci\u00f3 global: Classificadors: seleccionem amb rigor tots els tipus de [&hellip;]","og_url":"https:\/\/peninsoul.com\/fr\/services-et-produits\/","og_site_name":"Peninsoul","article_modified_time":"2025-09-08T12:56:05+00:00","og_image":[{"width":1920,"height":500,"url":"https:\/\/peninsoul.com\/wp-content\/uploads\/2025\/07\/serveis-1.jpg","type":"image\/jpeg"}],"twitter_card":"summary_large_image","twitter_misc":{"Dur\u00e9e de lecture estim\u00e9e":"1 minute"},"schema":{"@context":"https:\/\/schema.org","@graph":[{"@type":"WebPage","@id":"https:\/\/peninsoul.com\/es\/serveis-i-productes\/","url":"https:\/\/peninsoul.com\/es\/serveis-i-productes\/","name":"Services et produits - Peninsoul","isPartOf":{"@id":"https:\/\/peninsoul.com\/#website"},"primaryImageOfPage":{"@id":"https:\/\/peninsoul.com\/es\/serveis-i-productes\/#primaryimage"},"image":{"@id":"https:\/\/peninsoul.com\/es\/serveis-i-productes\/#primaryimage"},"thumbnailUrl":"https:\/\/peninsoul.com\/wp-content\/uploads\/2025\/07\/serveis-1.jpg","datePublished":"2025-07-01T10:19:26+00:00","dateModified":"2025-09-08T12:56:05+00:00","breadcrumb":{"@id":"https:\/\/peninsoul.com\/es\/serveis-i-productes\/#breadcrumb"},"inLanguage":"fr-FR","potentialAction":[{"@type":"ReadAction","target":["https:\/\/peninsoul.com\/es\/serveis-i-productes\/"]}]},{"@type":"ImageObject","inLanguage":"fr-FR","@id":"https:\/\/peninsoul.com\/es\/serveis-i-productes\/#primaryimage","url":"https:\/\/peninsoul.com\/wp-content\/uploads\/2025\/07\/serveis-1.jpg","contentUrl":"https:\/\/peninsoul.com\/wp-content\/uploads\/2025\/07\/serveis-1.jpg","width":1920,"height":500},{"@type":"BreadcrumbList","@id":"https:\/\/peninsoul.com\/es\/serveis-i-productes\/#breadcrumb","itemListElement":[{"@type":"ListItem","position":1,"name":"Inici","item":"https:\/\/peninsoul.com\/"},{"@type":"ListItem","position":2,"name":"Serveis i productes"}]},{"@type":"WebSite","@id":"https:\/\/peninsoul.com\/#website","url":"https:\/\/peninsoul.com\/","name":"Peninsoul","description":"Recyclez, transformez et connectez-vous au monde.","potentialAction":[{"@type":"SearchAction","target":{"@type":"EntryPoint","urlTemplate":"https:\/\/peninsoul.com\/?s={search_term_string}"},"query-input":{"@type":"PropertyValueSpecification","valueRequired":true,"valueName":"search_term_string"}}],"inLanguage":"fr-FR"}]}},"_links":{"self":[{"href":"https:\/\/peninsoul.com\/fr\/wp-json\/wp\/v2\/pages\/29","targetHints":{"allow":["GET"]}}],"collection":[{"href":"https:\/\/peninsoul.com\/fr\/wp-json\/wp\/v2\/pages"}],"about":[{"href":"https:\/\/peninsoul.com\/fr\/wp-json\/wp\/v2\/types\/page"}],"author":[{"embeddable":true,"href":"https:\/\/peninsoul.com\/fr\/wp-json\/wp\/v2\/users\/1"}],"replies":[{"embeddable":true,"href":"https:\/\/peninsoul.com\/fr\/wp-json\/wp\/v2\/comments?post=29"}],"version-history":[{"count":21,"href":"https:\/\/peninsoul.com\/fr\/wp-json\/wp\/v2\/pages\/29\/revisions"}],"predecessor-version":[{"id":137,"href":"https:\/\/peninsoul.com\/fr\/wp-json\/wp\/v2\/pages\/29\/revisions\/137"}],"wp:featuredmedia":[{"embeddable":true,"href":"https:\/\/peninsoul.com\/fr\/wp-json\/wp\/v2\/media\/38"}],"wp:attachment":[{"href":"https:\/\/peninsoul.com\/fr\/wp-json\/wp\/v2\/media?parent=29"}],"curies":[{"name":"wp","href":"https:\/\/api.w.org\/{rel}","templated":true}]}}