{"id":162,"date":"2026-03-10T13:15:33","date_gmt":"2026-03-10T13:15:33","guid":{"rendered":"https:\/\/peninsoul.com\/?page_id=162"},"modified":"2026-03-10T13:19:20","modified_gmt":"2026-03-10T13:19:20","slug":"mentions-legales","status":"publish","type":"page","link":"https:\/\/peninsoul.com\/fr\/avis-legal\/","title":{"rendered":"Mentions l\u00e9gales"},"content":{"rendered":"<h3 data-section-id=\"1vt3ifa\" data-start=\"392\" data-end=\"419\">1. Donn\u00e9es d'identification<\/h3>\n<p data-start=\"421\" data-end=\"618\">Conform\u00e9ment \u00e0 l'obligation d'information pr\u00e9vue \u00e0 l'article 10 de la <strong data-start=\"492\" data-end=\"602\">Loi 34\/2002 du 11 juillet relative aux services de la soci\u00e9t\u00e9 de l'information et au commerce \u00e9lectronique (LSSI-CE)<\/strong>, il est rapport\u00e9 que :<\/p>\n<p data-start=\"620\" data-end=\"872\">Peninsoul, SL (ci-apr\u00e8s, le <strong data-start=\"651\" data-end=\"664\">Pr\u00eateur<\/strong>), avec <strong data-start=\"671\" data-end=\"688\">Num\u00e9ro d'identification fiscale B62170113<\/strong> et si\u00e8ge social \u00e0 <strong data-start=\"709\" data-end=\"790\">C. Albert Einstein, Zone industrielle Can Jorn, 08430 La Roca del Vall\u00e8s (Barcelone)<\/strong>, est le titre du site web. <strong data-start=\"819\" data-end=\"840\"><a class=\"decorated-link\" href=\"https:\/\/peninsoul.com\/fr\/\" target=\"_new\" rel=\"noopener\" data-start=\"821\" data-end=\"838\">www.peninsoul.com<\/a><\/strong> (ci-apr\u00e8s, le <strong data-start=\"858\" data-end=\"870\">site web<\/strong>).<\/p>\n<hr data-start=\"874\" data-end=\"877\" \/>\n<h3 data-section-id=\"1i0yn8p\" data-start=\"879\" data-end=\"892\">2. Objet<\/h3>\n<p data-start=\"894\" data-end=\"969\">Les pr\u00e9sentes mentions l\u00e9gales r\u00e9gissent l'acc\u00e8s et l'utilisation du site web. <a class=\"decorated-link\" href=\"https:\/\/peninsoul.com\/fr\/\" target=\"_new\" rel=\"noopener\" data-start=\"951\" data-end=\"968\">www.peninsoul.com<\/a>.<\/p>\n<p data-start=\"971\" data-end=\"1130\">La navigation sur le site web conf\u00e8re le statut d'utilisateur et implique l'acceptation pleine et sans r\u00e9serve de toutes les dispositions contenues dans la pr\u00e9sente mention l\u00e9gale.<\/p>\n<p data-start=\"1132\" data-end=\"1341\">Le fournisseur se r\u00e9serve le droit de modifier toute information pouvant appara\u00eetre sur le site web, sans obligation de pr\u00e9avis ni d'information pr\u00e9alable des utilisateurs de ces modifications.<\/p>\n<hr data-start=\"1343\" data-end=\"1346\" \/>\n<h3 data-section-id=\"8mzejp\" data-start=\"1348\" data-end=\"1369\">3. Conditions d'utilisation<\/h3>\n<p data-start=\"1371\" data-end=\"1511\">L'utilisateur s'engage \u00e0 faire un usage appropri\u00e9 du site web et de son contenu, conform\u00e9ment \u00e0 la l\u00e9gislation en vigueur, \u00e0 la bonne foi et \u00e0 l'ordre public.<\/p>\n<p data-start=\"1513\" data-end=\"1528\">Il est interdit :<\/p>\n<ul data-start=\"1530\" data-end=\"1790\">\n<li data-section-id=\"13wkhvz\" data-start=\"1530\" data-end=\"1611\">\n<p data-start=\"1532\" data-end=\"1611\">Utilisation du site web \u00e0 des fins illicites ou en violation de la l\u00e9gislation en vigueur.<\/p>\n<\/li>\n<li data-section-id=\"zhcqme\" data-start=\"1612\" data-end=\"1694\">\n<p data-start=\"1614\" data-end=\"1694\">Causer des dommages aux syst\u00e8mes physiques ou logiques du propri\u00e9taire du site web ou de tiers.<\/p>\n<\/li>\n<li data-section-id=\"bukula\" data-start=\"1695\" data-end=\"1790\">\n<p data-start=\"1697\" data-end=\"1790\">Introduire ou diffuser des virus informatiques ou tout autre syst\u00e8me susceptible de causer des dommages.<\/p>\n<\/li>\n<\/ul>\n<p data-start=\"1792\" data-end=\"1942\">L'exploitant du site web se r\u00e9serve le droit de refuser ou de retirer l'acc\u00e8s au site web sans pr\u00e9avis aux utilisateurs qui ne respectent pas ces conditions.<\/p>\n<hr data-start=\"1944\" data-end=\"1947\" \/>\n<h3 data-section-id=\"1k9h8dm\" data-start=\"1949\" data-end=\"1991\">4. Propri\u00e9t\u00e9 intellectuelle et industrielle<\/h3>\n<p data-start=\"1993\" data-end=\"2080\">Tout le contenu du site Web, y compris, mais sans s'y limiter :<\/p>\n<ul data-start=\"2082\" data-end=\"2193\">\n<li data-section-id=\"irsfpl\" data-start=\"2082\" data-end=\"2092\">\n<p data-start=\"2084\" data-end=\"2092\">textes<\/p>\n<\/li>\n<li data-section-id=\"udhah4\" data-start=\"2093\" data-end=\"2104\">\n<p data-start=\"2095\" data-end=\"2104\">images<\/p>\n<\/li>\n<li data-section-id=\"1elsr5w\" data-start=\"2105\" data-end=\"2117\">\n<p data-start=\"2107\" data-end=\"2117\">mod\u00e8les<\/p>\n<\/li>\n<li data-section-id=\"1ign6ot\" data-start=\"2118\" data-end=\"2130\">\n<p data-start=\"2120\" data-end=\"2130\">logos<\/p>\n<\/li>\n<li data-section-id=\"v9zodg\" data-start=\"2131\" data-end=\"2142\">\n<p data-start=\"2133\" data-end=\"2142\">marques<\/p>\n<\/li>\n<li data-section-id=\"16jjtgn\" data-start=\"2143\" data-end=\"2155\">\n<p data-start=\"2145\" data-end=\"2155\">logiciel<\/p>\n<\/li>\n<li data-section-id=\"1eibwm3\" data-start=\"2156\" data-end=\"2193\">\n<p data-start=\"2158\" data-end=\"2193\">Structure et conception du site web<\/p>\n<\/li>\n<\/ul>\n<p data-start=\"2195\" data-end=\"2276\">appartiennent au titulaire ou disposent des licences n\u00e9cessaires pour leur utilisation.<\/p>\n<p data-start=\"2278\" data-end=\"2420\">La reproduction, la distribution ou la communication publique, en tout ou en partie, du contenu est interdite sans l'autorisation expresse du d\u00e9tenteur des droits.<\/p>\n<hr data-start=\"2422\" data-end=\"2425\" \/>\n<h3 data-section-id=\"1vrprdi\" data-start=\"2427\" data-end=\"2448\">5. Responsabilit\u00e9<\/h3>\n<p data-start=\"2450\" data-end=\"2634\">Le fournisseur d\u00e9cline toute responsabilit\u00e9 d\u00e9coulant des informations publi\u00e9es sur le site web, dans la mesure o\u00f9 ces informations ont \u00e9t\u00e9 manipul\u00e9es ou saisies par un tiers.<\/p>\n<p data-start=\"2636\" data-end=\"2772\">Le site web peut utiliser des cookies. L'utilisateur peut consulter les informations relatives \u00e0 l'utilisation des cookies dans la section correspondante. <strong data-start=\"2748\" data-end=\"2771\">Politique en mati\u00e8re de cookies<\/strong>.<\/p>\n<hr data-start=\"2774\" data-end=\"2777\" \/>\n<h3 data-section-id=\"1wqwr9r\" data-start=\"2779\" data-end=\"2801\">6. Liens externes<\/h3>\n<p data-start=\"2803\" data-end=\"3023\">Depuis le site Web, vous pouvez \u00eatre redirig\u00e9 vers du contenu tiers. \u00c9tant donn\u00e9 que le fournisseur ne peut pas toujours contr\u00f4ler le contenu fourni par des tiers, il n'assume aucune responsabilit\u00e9 quant \u00e0 ce contenu.<\/p>\n<hr data-start=\"3025\" data-end=\"3028\" \/>\n<h3 data-section-id=\"1k9zfrc\" data-start=\"3030\" data-end=\"3070\">7. Droit applicable et juridiction comp\u00e9tente<\/h3>\n<p data-start=\"3072\" data-end=\"3157\">La relation entre le pr\u00eateur et l'utilisateur sera r\u00e9gie par la l\u00e9gislation espagnole applicable.<\/p>\n<p data-start=\"3159\" data-end=\"3315\">Pour le r\u00e8glement de tout litige pouvant survenir, les parties se soumettront aux cours et tribunaux comp\u00e9tents en vertu du droit applicable.<\/p>","protected":false},"excerpt":{"rendered":"<p>1. Dades identificatives En compliment amb el deure d&#8217;informaci\u00f3 recollit en l&#8217;article 10 de la Llei 34\/2002, d&#8217;11 de juliol, de Serveis de la Societat de la Informaci\u00f3 i del Comer\u00e7 Electr\u00f2nic (LSSI-CE), s&#8217;informa que: Peninsoul, SL (en endavant, el Prestador), amb NIF B62170113 i domicili social a C. Albert Einstein, Pol. Ind. C\u2019an Jorn, [&hellip;]<\/p>\n","protected":false},"author":1,"featured_media":0,"parent":0,"menu_order":0,"comment_status":"closed","ping_status":"closed","template":"page-legals.php","meta":{"_acf_changed":false,"footnotes":""},"class_list":["post-162","page","type-page","status-publish","hentry"],"acf":[],"yoast_head":"<!-- This site is optimized with the Yoast SEO plugin v27.1.1 - https:\/\/yoast.com\/product\/yoast-seo-wordpress\/ -->\n<title>Av\u00eds legal - Peninsoul<\/title>\n<meta name=\"robots\" content=\"index, follow, max-snippet:-1, max-image-preview:large, max-video-preview:-1\" \/>\n<link rel=\"canonical\" href=\"https:\/\/peninsoul.com\/fr\/mentions-legales\/\" \/>\n<meta property=\"og:locale\" content=\"fr_FR\" \/>\n<meta property=\"og:type\" content=\"article\" \/>\n<meta property=\"og:title\" content=\"Av\u00eds legal - Peninsoul\" \/>\n<meta property=\"og:description\" content=\"1. Dades identificatives En compliment amb el deure d&#8217;informaci\u00f3 recollit en l&#8217;article 10 de la Llei 34\/2002, d&#8217;11 de juliol, de Serveis de la Societat de la Informaci\u00f3 i del Comer\u00e7 Electr\u00f2nic (LSSI-CE), s&#8217;informa que: Peninsoul, SL (en endavant, el Prestador), amb NIF B62170113 i domicili social a C. Albert Einstein, Pol. Ind. C\u2019an Jorn, [&hellip;]\" \/>\n<meta property=\"og:url\" content=\"https:\/\/peninsoul.com\/fr\/mentions-legales\/\" \/>\n<meta property=\"og:site_name\" content=\"Peninsoul\" \/>\n<meta property=\"article:modified_time\" content=\"2026-03-10T13:19:20+00:00\" \/>\n<meta name=\"twitter:card\" content=\"summary_large_image\" \/>\n<meta name=\"twitter:label1\" content=\"Dur\u00e9e de lecture estim\u00e9e\" \/>\n\t<meta name=\"twitter:data1\" content=\"2 minutes\" \/>\n<script type=\"application\/ld+json\" class=\"yoast-schema-graph\">{\"@context\":\"https:\/\/schema.org\",\"@graph\":[{\"@type\":\"WebPage\",\"@id\":\"https:\/\/peninsoul.com\/avis-legal\/\",\"url\":\"https:\/\/peninsoul.com\/avis-legal\/\",\"name\":\"Av\u00eds legal - Peninsoul\",\"isPartOf\":{\"@id\":\"https:\/\/peninsoul.com\/#website\"},\"datePublished\":\"2026-03-10T13:15:33+00:00\",\"dateModified\":\"2026-03-10T13:19:20+00:00\",\"breadcrumb\":{\"@id\":\"https:\/\/peninsoul.com\/avis-legal\/#breadcrumb\"},\"inLanguage\":\"fr-FR\",\"potentialAction\":[{\"@type\":\"ReadAction\",\"target\":[\"https:\/\/peninsoul.com\/avis-legal\/\"]}]},{\"@type\":\"BreadcrumbList\",\"@id\":\"https:\/\/peninsoul.com\/avis-legal\/#breadcrumb\",\"itemListElement\":[{\"@type\":\"ListItem\",\"position\":1,\"name\":\"Inici\",\"item\":\"https:\/\/peninsoul.com\/\"},{\"@type\":\"ListItem\",\"position\":2,\"name\":\"Av\u00eds legal\"}]},{\"@type\":\"WebSite\",\"@id\":\"https:\/\/peninsoul.com\/#website\",\"url\":\"https:\/\/peninsoul.com\/\",\"name\":\"Peninsoul\",\"description\":\"Reciclar, transformar i connectar amb el m\u00f3n.\",\"potentialAction\":[{\"@type\":\"SearchAction\",\"target\":{\"@type\":\"EntryPoint\",\"urlTemplate\":\"https:\/\/peninsoul.com\/?s={search_term_string}\"},\"query-input\":{\"@type\":\"PropertyValueSpecification\",\"valueRequired\":true,\"valueName\":\"search_term_string\"}}],\"inLanguage\":\"fr-FR\"}]}<\/script>\n<!-- \/ Yoast SEO plugin. -->","yoast_head_json":{"title":"Mentions l\u00e9gales - Peninsoul","robots":{"index":"index","follow":"follow","max-snippet":"max-snippet:-1","max-image-preview":"max-image-preview:large","max-video-preview":"max-video-preview:-1"},"canonical":"https:\/\/peninsoul.com\/fr\/mentions-legales\/","og_locale":"fr_FR","og_type":"article","og_title":"Av\u00eds legal - Peninsoul","og_description":"1. Dades identificatives En compliment amb el deure d&#8217;informaci\u00f3 recollit en l&#8217;article 10 de la Llei 34\/2002, d&#8217;11 de juliol, de Serveis de la Societat de la Informaci\u00f3 i del Comer\u00e7 Electr\u00f2nic (LSSI-CE), s&#8217;informa que: Peninsoul, SL (en endavant, el Prestador), amb NIF B62170113 i domicili social a C. Albert Einstein, Pol. Ind. C\u2019an Jorn, [&hellip;]","og_url":"https:\/\/peninsoul.com\/fr\/mentions-legales\/","og_site_name":"Peninsoul","article_modified_time":"2026-03-10T13:19:20+00:00","twitter_card":"summary_large_image","twitter_misc":{"Dur\u00e9e de lecture estim\u00e9e":"2 minutes"},"schema":{"@context":"https:\/\/schema.org","@graph":[{"@type":"WebPage","@id":"https:\/\/peninsoul.com\/avis-legal\/","url":"https:\/\/peninsoul.com\/avis-legal\/","name":"Mentions l\u00e9gales - Peninsoul","isPartOf":{"@id":"https:\/\/peninsoul.com\/#website"},"datePublished":"2026-03-10T13:15:33+00:00","dateModified":"2026-03-10T13:19:20+00:00","breadcrumb":{"@id":"https:\/\/peninsoul.com\/avis-legal\/#breadcrumb"},"inLanguage":"fr-FR","potentialAction":[{"@type":"ReadAction","target":["https:\/\/peninsoul.com\/avis-legal\/"]}]},{"@type":"BreadcrumbList","@id":"https:\/\/peninsoul.com\/avis-legal\/#breadcrumb","itemListElement":[{"@type":"ListItem","position":1,"name":"Inici","item":"https:\/\/peninsoul.com\/"},{"@type":"ListItem","position":2,"name":"Av\u00eds legal"}]},{"@type":"WebSite","@id":"https:\/\/peninsoul.com\/#website","url":"https:\/\/peninsoul.com\/","name":"Peninsoul","description":"Recyclez, transformez et connectez-vous au monde.","potentialAction":[{"@type":"SearchAction","target":{"@type":"EntryPoint","urlTemplate":"https:\/\/peninsoul.com\/?s={search_term_string}"},"query-input":{"@type":"PropertyValueSpecification","valueRequired":true,"valueName":"search_term_string"}}],"inLanguage":"fr-FR"}]}},"_links":{"self":[{"href":"https:\/\/peninsoul.com\/fr\/wp-json\/wp\/v2\/pages\/162","targetHints":{"allow":["GET"]}}],"collection":[{"href":"https:\/\/peninsoul.com\/fr\/wp-json\/wp\/v2\/pages"}],"about":[{"href":"https:\/\/peninsoul.com\/fr\/wp-json\/wp\/v2\/types\/page"}],"author":[{"embeddable":true,"href":"https:\/\/peninsoul.com\/fr\/wp-json\/wp\/v2\/users\/1"}],"replies":[{"embeddable":true,"href":"https:\/\/peninsoul.com\/fr\/wp-json\/wp\/v2\/comments?post=162"}],"version-history":[{"count":2,"href":"https:\/\/peninsoul.com\/fr\/wp-json\/wp\/v2\/pages\/162\/revisions"}],"predecessor-version":[{"id":168,"href":"https:\/\/peninsoul.com\/fr\/wp-json\/wp\/v2\/pages\/162\/revisions\/168"}],"wp:attachment":[{"href":"https:\/\/peninsoul.com\/fr\/wp-json\/wp\/v2\/media?parent=162"}],"curies":[{"name":"wp","href":"https:\/\/api.w.org\/{rel}","templated":true}]}}