{"id":128,"date":"2025-07-03T11:41:46","date_gmt":"2025-07-03T11:41:46","guid":{"rendered":"https:\/\/peninsoul.com\/?page_id=128"},"modified":"2025-07-03T11:42:25","modified_gmt":"2025-07-03T11:42:25","slug":"politique-integree-en-matiere-de-qualite-et-denvironnement","status":"publish","type":"page","link":"https:\/\/peninsoul.com\/fr\/politica-integrada-de-calidad-y-medio-ambiente\/","title":{"rendered":"Politique int\u00e9gr\u00e9e en mati\u00e8re de qualit\u00e9 et d'environnement"},"content":{"rendered":"<p>La direction de PENINSOUL, S.L. et PENINPLASTIC, S.L., dans le cadre de son engagement \u00e0 offrir et \u00e0 garantir \u00e0 ses clients la prestation d'un service de :<br \/>\n\u201cValorisation des d\u00e9chets non dangereux et stockage des d\u00e9chets dangereux jusqu'\u00e0<br \/>\n\u201d une capacit\u00e9 de 30 tonnes \u201c et \u201d la commercialisation du papier et du plastique \u00e0 des fins de recyclage \u00bb.<\/p>\n<p>Am\u00e9liorer la qualit\u00e9 jour apr\u00e8s jour, tout en \u00e9tant conscient de l'importance de l'environnement et de l'impact que peuvent avoir les d\u00e9chets industriels sur celui-ci.<\/p>\n<p>La politique de qualit\u00e9 et d'environnement de PENINSOUL, S.L. et PENINPLASTIC, S.L. repose sur les engagements suivants :<\/p>\n<ol>\n<li>Engagement \u00e0 respecter toutes les obligations, qu'elles soient l\u00e9gales, contractuelles ou de toute autre nature, qui<br \/>\nne s'applique pas en raison de la nature de notre activit\u00e9, tant dans le cadre de la prestation de nos services,<br \/>\ntout comme dans le domaine environnemental de notre activit\u00e9, de sorte que nos actions ne puissent en aucun cas<br \/>\npourrait enfreindre les exigences l\u00e9gales et les sp\u00e9cifications \u00e9tablies par les diff\u00e9rentes administrations<br \/>\npublics.<\/li>\n<li>Notre engagement \u00e0 mener \u00e0 bien notre travail dans un environnement de gestion qui garantit l'am\u00e9lioration.<br \/>\nse poursuit dans nos processus, dans nos m\u00e9thodes de travail et dans nos relations avec les parties<br \/>\nles parties prenantes, gr\u00e2ce \u00e0 la d\u00e9finition et \u00e0 la r\u00e9vision p\u00e9riodique de nos objectifs en mati\u00e8re de qualit\u00e9 et d'environnement<br \/>\nenvironnemental.<\/li>\n<li>Notre engagement \u00e0 prot\u00e9ger l'environnement et notre cadre de vie par le biais d'actions et de mesures cibl\u00e9es.<br \/>\n\u00e0 la pr\u00e9vention de toute forme de pollution susceptible de r\u00e9sulter de nos activit\u00e9s<br \/>\nactivit\u00e9, qu'il s'agisse de notre travail ou de celui de nos sous-traitants.<\/li>\n<li>Engagement \u00e0 promouvoir la compr\u00e9hension et la diffusion de notre politique de qualit\u00e9 et de gestion.<br \/>\nenvironnementale au sein de notre organisation, gr\u00e2ce \u00e0 une formation continue et \u00e0 une communication avec<br \/>\nnotre travail.<\/li>\n<li>Engagement \u00e0 diffuser et \u00e0 promouvoir la culture du d\u00e9veloppement durable dans le domaine du recyclage des<br \/>\nd\u00e9chets industriels.<\/li>\n<li>Notre engagement \u00e0 contr\u00f4ler efficacement tous nos processus, en mettant particuli\u00e8rement l'accent sur :\n<ul>\n<li>Nous doter des ressources n\u00e9cessaires, tant humaines que techniques.<\/li>\n<li>La qualit\u00e9 de nos produits et services<\/li>\n<li>Efficacit\u00e9 et efficience de nos services.<\/li>\n<li>Nos relations avec nos clients.<\/li>\n<li>Promotion de la collecte et du recyclage des d\u00e9chets industriels autoris\u00e9s chez PENINSOUL, SL et<br \/>\nPENINPLASTIC, S.L.<\/li>\n<li>Gestion et suivi des d\u00e9chets, en particulier ceux de nos clients.<\/li>\n<\/ul>\n<\/li>\n<li>Engagement \u00e0 s\u00e9lectionner des fournisseurs soucieux de la qualit\u00e9 et \u00e0 collaborer avec eux ainsi qu'avec les autres parties concern\u00e9es.<br \/>\nint\u00e9ress\u00e9.<\/li>\n<li>Nous nous engageons \u00e0 rendre publique notre politique de qualit\u00e9 et \u00e0 la mettre \u00e0 la disposition des parties int\u00e9ress\u00e9es et<br \/>\nGestion environnementale.<\/li>\n<\/ol>\n<p>&nbsp;<\/p>","protected":false},"excerpt":{"rendered":"<p>La direcci\u00f3n de PENINSOUL, SL y PENINPLASTIC, S.L. en su voluntad de ofrecer y garantizar a sus clientes la prestaci\u00f3n de un servicio de: \u201cValorizaci\u00f3n de residuos no peligrosos y almacenaje de residuos peligrosos hasta una capacidad de 30 t\u201d y \u201cComercializaci\u00f3n de papel y pl\u00e1stico para el reciclaje\u201d. Mejorando la calidad d\u00eda a d\u00eda, [&hellip;]<\/p>\n","protected":false},"author":1,"featured_media":0,"parent":0,"menu_order":0,"comment_status":"closed","ping_status":"closed","template":"page-legals.php","meta":{"_acf_changed":false,"footnotes":""},"class_list":["post-128","page","type-page","status-publish","hentry"],"acf":[],"yoast_head":"<!-- This site is optimized with the Yoast SEO plugin v27.1.1 - https:\/\/yoast.com\/product\/yoast-seo-wordpress\/ -->\n<title>Pol\u00edtica integrada de calidad y medio ambiente - Peninsoul<\/title>\n<meta name=\"robots\" content=\"index, follow, max-snippet:-1, max-image-preview:large, max-video-preview:-1\" \/>\n<link rel=\"canonical\" href=\"https:\/\/peninsoul.com\/fr\/politique-integree-en-matiere-de-qualite-et-denvironnement\/\" \/>\n<meta property=\"og:locale\" content=\"fr_FR\" \/>\n<meta property=\"og:type\" content=\"article\" \/>\n<meta property=\"og:title\" content=\"Pol\u00edtica integrada de calidad y medio ambiente - Peninsoul\" \/>\n<meta property=\"og:description\" content=\"La direcci\u00f3n de PENINSOUL, SL y PENINPLASTIC, S.L. en su voluntad de ofrecer y garantizar a sus clientes la prestaci\u00f3n de un servicio de: \u201cValorizaci\u00f3n de residuos no peligrosos y almacenaje de residuos peligrosos hasta una capacidad de 30 t\u201d y \u201cComercializaci\u00f3n de papel y pl\u00e1stico para el reciclaje\u201d. Mejorando la calidad d\u00eda a d\u00eda, [&hellip;]\" \/>\n<meta property=\"og:url\" content=\"https:\/\/peninsoul.com\/fr\/politique-integree-en-matiere-de-qualite-et-denvironnement\/\" \/>\n<meta property=\"og:site_name\" content=\"Peninsoul\" \/>\n<meta property=\"article:modified_time\" content=\"2025-07-03T11:42:25+00:00\" \/>\n<meta name=\"twitter:card\" content=\"summary_large_image\" \/>\n<meta name=\"twitter:label1\" content=\"Dur\u00e9e de lecture estim\u00e9e\" \/>\n\t<meta name=\"twitter:data1\" content=\"2 minutes\" \/>\n<script type=\"application\/ld+json\" class=\"yoast-schema-graph\">{\"@context\":\"https:\/\/schema.org\",\"@graph\":[{\"@type\":\"WebPage\",\"@id\":\"https:\/\/peninsoul.com\/politica-integrada-de-calidad-y-medio-ambiente\/\",\"url\":\"https:\/\/peninsoul.com\/politica-integrada-de-calidad-y-medio-ambiente\/\",\"name\":\"Pol\u00edtica integrada de calidad y medio ambiente - Peninsoul\",\"isPartOf\":{\"@id\":\"https:\/\/peninsoul.com\/#website\"},\"datePublished\":\"2025-07-03T11:41:46+00:00\",\"dateModified\":\"2025-07-03T11:42:25+00:00\",\"breadcrumb\":{\"@id\":\"https:\/\/peninsoul.com\/politica-integrada-de-calidad-y-medio-ambiente\/#breadcrumb\"},\"inLanguage\":\"fr-FR\",\"potentialAction\":[{\"@type\":\"ReadAction\",\"target\":[\"https:\/\/peninsoul.com\/politica-integrada-de-calidad-y-medio-ambiente\/\"]}]},{\"@type\":\"BreadcrumbList\",\"@id\":\"https:\/\/peninsoul.com\/politica-integrada-de-calidad-y-medio-ambiente\/#breadcrumb\",\"itemListElement\":[{\"@type\":\"ListItem\",\"position\":1,\"name\":\"Inici\",\"item\":\"https:\/\/peninsoul.com\/\"},{\"@type\":\"ListItem\",\"position\":2,\"name\":\"Pol\u00edtica integrada de calidad y medio ambiente\"}]},{\"@type\":\"WebSite\",\"@id\":\"https:\/\/peninsoul.com\/#website\",\"url\":\"https:\/\/peninsoul.com\/\",\"name\":\"Peninsoul\",\"description\":\"Reciclar, transformar i connectar amb el m\u00f3n.\",\"potentialAction\":[{\"@type\":\"SearchAction\",\"target\":{\"@type\":\"EntryPoint\",\"urlTemplate\":\"https:\/\/peninsoul.com\/?s={search_term_string}\"},\"query-input\":{\"@type\":\"PropertyValueSpecification\",\"valueRequired\":true,\"valueName\":\"search_term_string\"}}],\"inLanguage\":\"fr-FR\"}]}<\/script>\n<!-- \/ Yoast SEO plugin. -->","yoast_head_json":{"title":"Politique int\u00e9gr\u00e9e en mati\u00e8re de qualit\u00e9 et d'environnement - Peninsoul","robots":{"index":"index","follow":"follow","max-snippet":"max-snippet:-1","max-image-preview":"max-image-preview:large","max-video-preview":"max-video-preview:-1"},"canonical":"https:\/\/peninsoul.com\/fr\/politique-integree-en-matiere-de-qualite-et-denvironnement\/","og_locale":"fr_FR","og_type":"article","og_title":"Pol\u00edtica integrada de calidad y medio ambiente - Peninsoul","og_description":"La direcci\u00f3n de PENINSOUL, SL y PENINPLASTIC, S.L. en su voluntad de ofrecer y garantizar a sus clientes la prestaci\u00f3n de un servicio de: \u201cValorizaci\u00f3n de residuos no peligrosos y almacenaje de residuos peligrosos hasta una capacidad de 30 t\u201d y \u201cComercializaci\u00f3n de papel y pl\u00e1stico para el reciclaje\u201d. Mejorando la calidad d\u00eda a d\u00eda, [&hellip;]","og_url":"https:\/\/peninsoul.com\/fr\/politique-integree-en-matiere-de-qualite-et-denvironnement\/","og_site_name":"Peninsoul","article_modified_time":"2025-07-03T11:42:25+00:00","twitter_card":"summary_large_image","twitter_misc":{"Dur\u00e9e de lecture estim\u00e9e":"2 minutes"},"schema":{"@context":"https:\/\/schema.org","@graph":[{"@type":"WebPage","@id":"https:\/\/peninsoul.com\/politica-integrada-de-calidad-y-medio-ambiente\/","url":"https:\/\/peninsoul.com\/politica-integrada-de-calidad-y-medio-ambiente\/","name":"Politique int\u00e9gr\u00e9e en mati\u00e8re de qualit\u00e9 et d'environnement - Peninsoul","isPartOf":{"@id":"https:\/\/peninsoul.com\/#website"},"datePublished":"2025-07-03T11:41:46+00:00","dateModified":"2025-07-03T11:42:25+00:00","breadcrumb":{"@id":"https:\/\/peninsoul.com\/politica-integrada-de-calidad-y-medio-ambiente\/#breadcrumb"},"inLanguage":"fr-FR","potentialAction":[{"@type":"ReadAction","target":["https:\/\/peninsoul.com\/politica-integrada-de-calidad-y-medio-ambiente\/"]}]},{"@type":"BreadcrumbList","@id":"https:\/\/peninsoul.com\/politica-integrada-de-calidad-y-medio-ambiente\/#breadcrumb","itemListElement":[{"@type":"ListItem","position":1,"name":"Inici","item":"https:\/\/peninsoul.com\/"},{"@type":"ListItem","position":2,"name":"Pol\u00edtica integrada de calidad y medio ambiente"}]},{"@type":"WebSite","@id":"https:\/\/peninsoul.com\/#website","url":"https:\/\/peninsoul.com\/","name":"Peninsoul","description":"Recyclez, transformez et connectez-vous au monde.","potentialAction":[{"@type":"SearchAction","target":{"@type":"EntryPoint","urlTemplate":"https:\/\/peninsoul.com\/?s={search_term_string}"},"query-input":{"@type":"PropertyValueSpecification","valueRequired":true,"valueName":"search_term_string"}}],"inLanguage":"fr-FR"}]}},"_links":{"self":[{"href":"https:\/\/peninsoul.com\/fr\/wp-json\/wp\/v2\/pages\/128","targetHints":{"allow":["GET"]}}],"collection":[{"href":"https:\/\/peninsoul.com\/fr\/wp-json\/wp\/v2\/pages"}],"about":[{"href":"https:\/\/peninsoul.com\/fr\/wp-json\/wp\/v2\/types\/page"}],"author":[{"embeddable":true,"href":"https:\/\/peninsoul.com\/fr\/wp-json\/wp\/v2\/users\/1"}],"replies":[{"embeddable":true,"href":"https:\/\/peninsoul.com\/fr\/wp-json\/wp\/v2\/comments?post=128"}],"version-history":[{"count":2,"href":"https:\/\/peninsoul.com\/fr\/wp-json\/wp\/v2\/pages\/128\/revisions"}],"predecessor-version":[{"id":130,"href":"https:\/\/peninsoul.com\/fr\/wp-json\/wp\/v2\/pages\/128\/revisions\/130"}],"wp:attachment":[{"href":"https:\/\/peninsoul.com\/fr\/wp-json\/wp\/v2\/media?parent=128"}],"curies":[{"name":"wp","href":"https:\/\/api.w.org\/{rel}","templated":true}]}}