{"id":9,"date":"2025-06-30T13:34:54","date_gmt":"2025-06-30T13:34:54","guid":{"rendered":"https:\/\/peninsoul.com\/?page_id=9"},"modified":"2025-09-08T13:02:27","modified_gmt":"2025-09-08T13:02:27","slug":"peninsoul","status":"publish","type":"page","link":"https:\/\/peninsoul.com\/es\/peninsoul\/","title":{"rendered":"Peninsoul"},"content":{"rendered":"<p data-start=\"293\" data-end=\"616\">Desde el a\u00f1o 2000, <strong>Peninsoul<\/strong> Operamos desde Barcelona con un objetivo claro: convertir el reciclaje en valor. Somos una empresa con vocaci\u00f3n internacional, especializada en la reutilizaci\u00f3n y comercializaci\u00f3n de papel recuperado, con una trayectoria de <strong>m\u00e1s de 25 a\u00f1os<\/strong> lo que ha consolidado nuestra posici\u00f3n como l\u00edderes mundiales en el sector.<\/p>\n<p data-start=\"618\" data-end=\"1024\">Con una planta de <strong>30 000 m\u00b2<\/strong> En La Roca del Vall\u00e8s (Barcelona), con un equipo de 80 profesionales altamente cualificados, desarrollamos operaciones comerciales en Europa y Asia, gestionando m\u00e1s de <strong>30 000 toneladas de papel reciclado al mes<\/strong>. Operamos con transparencia, estabilidad y nuestra propia capacidad log\u00edstica, garantizando el suministro a nuestros clientes y manteniendo relaciones de confianza con compradores y vendedores de todo el mundo.<\/p>\n<p data-start=\"1026\" data-end=\"1400\">Nuestro compromiso con la excelencia nos ha permitido ampliar nuestras actividades a nuevos \u00e1mbitos, como el comercio de pl\u00e1stico y pasta de papel, as\u00ed como la gesti\u00f3n de lotes de pacas mediante nuestras propias prensas. Esta diversificaci\u00f3n nos permite responder con rapidez a las necesidades de un mercado en constante evoluci\u00f3n, ofreciendo soluciones eficientes, sostenibles y competitivas.<\/p>\n<p data-start=\"1402\" data-end=\"1610\">En Peninsoul no solo reciclamos papel: reciclamos oportunidades y creamos el futuro. Apostamos por un modelo circular y responsable, en consonancia con los Objetivos de Desarrollo Sostenible y el respeto por el medio ambiente.<\/p>","protected":false},"excerpt":{"rendered":"<p>Des de l\u2019any 2000, Peninsoul treballa des de Barcelona amb un objectiu clar: convertir el reciclatge en valor. Som una empresa amb vocaci\u00f3 internacional, especialitzada en la reutilitzaci\u00f3 i comercialitzaci\u00f3 de paper recuperat, amb una traject\u00f2ria de m\u00e9s de 25 anys que ens ha consolidat com a referents globals del sector. Amb una planta de [&hellip;]<\/p>\n","protected":false},"author":1,"featured_media":33,"parent":0,"menu_order":0,"comment_status":"closed","ping_status":"closed","template":"page-qui-som.php","meta":{"_acf_changed":false,"footnotes":""},"class_list":["post-9","page","type-page","status-publish","has-post-thumbnail","hentry"],"acf":[],"yoast_head":"<!-- This site is optimized with the Yoast SEO plugin v27.1.1 - https:\/\/yoast.com\/product\/yoast-seo-wordpress\/ -->\n<title>Peninsoul - Peninsoul<\/title>\n<meta name=\"robots\" content=\"index, follow, max-snippet:-1, max-image-preview:large, max-video-preview:-1\" \/>\n<link rel=\"canonical\" href=\"https:\/\/peninsoul.com\/es\/peninsoul\/\" \/>\n<meta property=\"og:locale\" content=\"es_ES\" \/>\n<meta property=\"og:type\" content=\"article\" \/>\n<meta property=\"og:title\" content=\"Peninsoul - Peninsoul\" \/>\n<meta property=\"og:description\" content=\"Des de l\u2019any 2000, Peninsoul treballa des de Barcelona amb un objectiu clar: convertir el reciclatge en valor. Som una empresa amb vocaci\u00f3 internacional, especialitzada en la reutilitzaci\u00f3 i comercialitzaci\u00f3 de paper recuperat, amb una traject\u00f2ria de m\u00e9s de 25 anys que ens ha consolidat com a referents globals del sector. Amb una planta de [&hellip;]\" \/>\n<meta property=\"og:url\" content=\"https:\/\/peninsoul.com\/es\/peninsoul\/\" \/>\n<meta property=\"og:site_name\" content=\"Peninsoul\" \/>\n<meta property=\"article:modified_time\" content=\"2025-09-08T13:02:27+00:00\" \/>\n<meta property=\"og:image\" content=\"https:\/\/peninsoul.com\/wp-content\/uploads\/2025\/07\/empresa.jpg\" \/>\n\t<meta property=\"og:image:width\" content=\"1920\" \/>\n\t<meta property=\"og:image:height\" content=\"500\" \/>\n\t<meta property=\"og:image:type\" content=\"image\/jpeg\" \/>\n<meta name=\"twitter:card\" content=\"summary_large_image\" \/>\n<meta name=\"twitter:label1\" content=\"Tiempo de lectura\" \/>\n\t<meta name=\"twitter:data1\" content=\"1 minuto\" \/>\n<script type=\"application\/ld+json\" class=\"yoast-schema-graph\">{\"@context\":\"https:\/\/schema.org\",\"@graph\":[{\"@type\":\"WebPage\",\"@id\":\"https:\/\/peninsoul.com\/peninsoul\/\",\"url\":\"https:\/\/peninsoul.com\/peninsoul\/\",\"name\":\"Peninsoul - Peninsoul\",\"isPartOf\":{\"@id\":\"https:\/\/peninsoul.com\/#website\"},\"primaryImageOfPage\":{\"@id\":\"https:\/\/peninsoul.com\/peninsoul\/#primaryimage\"},\"image\":{\"@id\":\"https:\/\/peninsoul.com\/peninsoul\/#primaryimage\"},\"thumbnailUrl\":\"https:\/\/peninsoul.com\/wp-content\/uploads\/2025\/07\/empresa.jpg\",\"datePublished\":\"2025-06-30T13:34:54+00:00\",\"dateModified\":\"2025-09-08T13:02:27+00:00\",\"breadcrumb\":{\"@id\":\"https:\/\/peninsoul.com\/peninsoul\/#breadcrumb\"},\"inLanguage\":\"es\",\"potentialAction\":[{\"@type\":\"ReadAction\",\"target\":[\"https:\/\/peninsoul.com\/peninsoul\/\"]}]},{\"@type\":\"ImageObject\",\"inLanguage\":\"es\",\"@id\":\"https:\/\/peninsoul.com\/peninsoul\/#primaryimage\",\"url\":\"https:\/\/peninsoul.com\/wp-content\/uploads\/2025\/07\/empresa.jpg\",\"contentUrl\":\"https:\/\/peninsoul.com\/wp-content\/uploads\/2025\/07\/empresa.jpg\",\"width\":1920,\"height\":500},{\"@type\":\"BreadcrumbList\",\"@id\":\"https:\/\/peninsoul.com\/peninsoul\/#breadcrumb\",\"itemListElement\":[{\"@type\":\"ListItem\",\"position\":1,\"name\":\"Inici\",\"item\":\"https:\/\/peninsoul.com\/\"},{\"@type\":\"ListItem\",\"position\":2,\"name\":\"Peninsoul\"}]},{\"@type\":\"WebSite\",\"@id\":\"https:\/\/peninsoul.com\/#website\",\"url\":\"https:\/\/peninsoul.com\/\",\"name\":\"Peninsoul\",\"description\":\"Reciclar, transformar i connectar amb el m\u00f3n.\",\"potentialAction\":[{\"@type\":\"SearchAction\",\"target\":{\"@type\":\"EntryPoint\",\"urlTemplate\":\"https:\/\/peninsoul.com\/?s={search_term_string}\"},\"query-input\":{\"@type\":\"PropertyValueSpecification\",\"valueRequired\":true,\"valueName\":\"search_term_string\"}}],\"inLanguage\":\"es\"}]}<\/script>\n<!-- \/ Yoast SEO plugin. -->","yoast_head_json":{"title":"Peninsoul - Peninsoul","robots":{"index":"index","follow":"follow","max-snippet":"max-snippet:-1","max-image-preview":"max-image-preview:large","max-video-preview":"max-video-preview:-1"},"canonical":"https:\/\/peninsoul.com\/es\/peninsoul\/","og_locale":"es_ES","og_type":"article","og_title":"Peninsoul - Peninsoul","og_description":"Des de l\u2019any 2000, Peninsoul treballa des de Barcelona amb un objectiu clar: convertir el reciclatge en valor. Som una empresa amb vocaci\u00f3 internacional, especialitzada en la reutilitzaci\u00f3 i comercialitzaci\u00f3 de paper recuperat, amb una traject\u00f2ria de m\u00e9s de 25 anys que ens ha consolidat com a referents globals del sector. Amb una planta de [&hellip;]","og_url":"https:\/\/peninsoul.com\/es\/peninsoul\/","og_site_name":"Peninsoul","article_modified_time":"2025-09-08T13:02:27+00:00","og_image":[{"width":1920,"height":500,"url":"https:\/\/peninsoul.com\/wp-content\/uploads\/2025\/07\/empresa.jpg","type":"image\/jpeg"}],"twitter_card":"summary_large_image","twitter_misc":{"Tiempo de lectura":"1 minuto"},"schema":{"@context":"https:\/\/schema.org","@graph":[{"@type":"WebPage","@id":"https:\/\/peninsoul.com\/peninsoul\/","url":"https:\/\/peninsoul.com\/peninsoul\/","name":"Peninsoul - Peninsoul","isPartOf":{"@id":"https:\/\/peninsoul.com\/#website"},"primaryImageOfPage":{"@id":"https:\/\/peninsoul.com\/peninsoul\/#primaryimage"},"image":{"@id":"https:\/\/peninsoul.com\/peninsoul\/#primaryimage"},"thumbnailUrl":"https:\/\/peninsoul.com\/wp-content\/uploads\/2025\/07\/empresa.jpg","datePublished":"2025-06-30T13:34:54+00:00","dateModified":"2025-09-08T13:02:27+00:00","breadcrumb":{"@id":"https:\/\/peninsoul.com\/peninsoul\/#breadcrumb"},"inLanguage":"es","potentialAction":[{"@type":"ReadAction","target":["https:\/\/peninsoul.com\/peninsoul\/"]}]},{"@type":"ImageObject","inLanguage":"es","@id":"https:\/\/peninsoul.com\/peninsoul\/#primaryimage","url":"https:\/\/peninsoul.com\/wp-content\/uploads\/2025\/07\/empresa.jpg","contentUrl":"https:\/\/peninsoul.com\/wp-content\/uploads\/2025\/07\/empresa.jpg","width":1920,"height":500},{"@type":"BreadcrumbList","@id":"https:\/\/peninsoul.com\/peninsoul\/#breadcrumb","itemListElement":[{"@type":"ListItem","position":1,"name":"Inici","item":"https:\/\/peninsoul.com\/"},{"@type":"ListItem","position":2,"name":"Peninsoul"}]},{"@type":"WebSite","@id":"https:\/\/peninsoul.com\/#website","url":"https:\/\/peninsoul.com\/","name":"Peninsoul","description":"Recicla, transforma y con\u00e9ctate con el mundo.","potentialAction":[{"@type":"SearchAction","target":{"@type":"EntryPoint","urlTemplate":"https:\/\/peninsoul.com\/?s={search_term_string}"},"query-input":{"@type":"PropertyValueSpecification","valueRequired":true,"valueName":"search_term_string"}}],"inLanguage":"es"}]}},"_links":{"self":[{"href":"https:\/\/peninsoul.com\/es\/wp-json\/wp\/v2\/pages\/9","targetHints":{"allow":["GET"]}}],"collection":[{"href":"https:\/\/peninsoul.com\/es\/wp-json\/wp\/v2\/pages"}],"about":[{"href":"https:\/\/peninsoul.com\/es\/wp-json\/wp\/v2\/types\/page"}],"author":[{"embeddable":true,"href":"https:\/\/peninsoul.com\/es\/wp-json\/wp\/v2\/users\/1"}],"replies":[{"embeddable":true,"href":"https:\/\/peninsoul.com\/es\/wp-json\/wp\/v2\/comments?post=9"}],"version-history":[{"count":11,"href":"https:\/\/peninsoul.com\/es\/wp-json\/wp\/v2\/pages\/9\/revisions"}],"predecessor-version":[{"id":140,"href":"https:\/\/peninsoul.com\/es\/wp-json\/wp\/v2\/pages\/9\/revisions\/140"}],"wp:featuredmedia":[{"embeddable":true,"href":"https:\/\/peninsoul.com\/es\/wp-json\/wp\/v2\/media\/33"}],"wp:attachment":[{"href":"https:\/\/peninsoul.com\/es\/wp-json\/wp\/v2\/media?parent=9"}],"curies":[{"name":"wp","href":"https:\/\/api.w.org\/{rel}","templated":true}]}}