{"id":73,"date":"2025-07-02T13:05:56","date_gmt":"2025-07-02T13:05:56","guid":{"rendered":"https:\/\/peninsoul.com\/?page_id=73"},"modified":"2026-03-10T13:11:16","modified_gmt":"2026-03-10T13:11:16","slug":"contacto","status":"publish","type":"page","link":"https:\/\/peninsoul.com\/es\/contactar\/","title":{"rendered":"Contacto"},"content":{"rendered":"<div class=\"wpcf7 no-js\" id=\"wpcf7-f160-o1\" lang=\"ca\" dir=\"ltr\" data-wpcf7-id=\"160\">\n<div class=\"screen-reader-response\"><p role=\"status\" aria-live=\"polite\" aria-atomic=\"true\"><\/p> <ul><\/ul><\/div>\n<form action=\"\/es\/wp-json\/wp\/v2\/pages\/73#wpcf7-f160-o1\" method=\"post\" class=\"wpcf7-form init\" aria-label=\"Formulari de contacte\" novalidate=\"novalidate\" data-status=\"init\" data-trp-original-action=\"\/es\/wp-json\/wp\/v2\/pages\/73#wpcf7-f160-o1\">\n<fieldset class=\"hidden-fields-container\"><input type=\"hidden\" name=\"_wpcf7\" value=\"160\" \/><input type=\"hidden\" name=\"_wpcf7_version\" value=\"6.1.5\" \/><input type=\"hidden\" name=\"_wpcf7_locale\" value=\"ca\" \/><input type=\"hidden\" name=\"_wpcf7_unit_tag\" value=\"wpcf7-f160-o1\" \/><input type=\"hidden\" name=\"_wpcf7_container_post\" value=\"0\" \/><input type=\"hidden\" name=\"_wpcf7_posted_data_hash\" value=\"\" \/>\n<\/fieldset>\n<div class=\"wpcf7-turnstile cf-turnstile\" data-sitekey=\"0x4AAAAAACourU3pTI-6ExZl\" data-response-field-name=\"_wpcf7_turnstile_response\"><\/div>\n\n<div class=\"row row-cols-1 row-cols-md-2 justify-content-center\">\n\t<div class=\"col\">\n\t\t<p><span class=\"wpcf7-form-control-wrap\" data-name=\"nom\"><input size=\"40\" maxlength=\"400\" class=\"wpcf7-form-control wpcf7-text wpcf7-validates-as-required form-control bg-transparent\" aria-required=\"true\" aria-invalid=\"false\" placeholder=\"Nombre*\" value=\"\" type=\"text\" name=\"nom\" \/><\/span>\n\t\t<\/p>\n\t<\/div>\n\t<div class=\"col\">\n\t\t<p><span class=\"wpcf7-form-control-wrap\" data-name=\"empresa\"><input size=\"40\" maxlength=\"400\" class=\"wpcf7-form-control wpcf7-text form-control bg-transparent\" aria-invalid=\"false\" placeholder=\"Empresa\" value=\"\" type=\"text\" name=\"empresa\" \/><\/span>\n\t\t<\/p>\n\t<\/div>\n\t<div class=\"col\">\n\t\t<p><span class=\"wpcf7-form-control-wrap\" data-name=\"phone\"><input size=\"40\" maxlength=\"400\" class=\"wpcf7-form-control wpcf7-tel wpcf7-text wpcf7-validates-as-tel form-control bg-transparent\" aria-invalid=\"false\" placeholder=\"Tel\u00e9fono\" value=\"\" type=\"tel\" name=\"phone\" \/><\/span>\n\t\t<\/p>\n\t<\/div>\n\t<div class=\"col\">\n\t\t<p><span class=\"wpcf7-form-control-wrap\" data-name=\"email\"><input size=\"40\" maxlength=\"400\" class=\"wpcf7-form-control wpcf7-email wpcf7-validates-as-required wpcf7-text wpcf7-validates-as-email form-control bg-transparent\" aria-required=\"true\" aria-invalid=\"false\" placeholder=\"Correo electr\u00f3nico*\" value=\"\" type=\"email\" name=\"email\" \/><\/span>\n\t\t<\/p>\n\t<\/div>\n\t<div class=\"col-md-12\">\n\t\t<p><span class=\"wpcf7-form-control-wrap\" data-name=\"comment\"><textarea cols=\"40\" rows=\"4\" maxlength=\"2000\" class=\"wpcf7-form-control wpcf7-textarea form-control bg-transparent\" aria-invalid=\"false\" placeholder=\"Tu mensaje\" name=\"comment\"><\/textarea><\/span><br \/>\n\t\t<input class=\"wpcf7-form-control wpcf7-hidden\" value=\"\" type=\"hidden\" name=\"redirect\" \/>\n\t\t<\/p>\n\t<\/div>\n\t<div class=\"col-md-12\">\n\t\t<p><span class=\"wpcf7-form-control-wrap\" data-name=\"acceptance-46\"><span class=\"wpcf7-form-control wpcf7-acceptance\"><span class=\"wpcf7-list-item\"><label><input type=\"checkbox\" name=\"acceptance-46\" value=\"1\" class=\"accept\" aria-invalid=\"false\" \/><span class=\"wpcf7-list-item-label\"><span>Acepto los t\u00e9rminos y condiciones y entiendo que mis datos se almacenar\u00e1n de forma segura de acuerdo con nuestra pol\u00edtica. <a href=\"..\/politica-de-privacitat\" target=\"_blank\" class=\"text-decoration-underline\">Pol\u00edtica de privacidad<\/a><\/span><\/span><\/label><\/span><\/span><\/span>\n\t\t<\/p>\n\t<\/div>\n\t<div class=\"col-md-12\">\n\t\t<p><input class=\"wpcf7-form-control wpcf7-submit has-spinner btn mt-20px btn-large btn-base-color left-icon d-table d-lg-inline-block md-mx-auto border-radius-100px\" type=\"submit\" value=\"Enviar mensaje\" \/>\n\t\t<\/p>\n\t<\/div>\n<\/div><div class=\"wpcf7-response-output\" aria-hidden=\"true\"><\/div>\n<input type=\"hidden\" name=\"trp-form-language\" value=\"es\"\/><\/form>\n<\/div>","protected":false},"excerpt":{"rendered":"","protected":false},"author":1,"featured_media":131,"parent":0,"menu_order":0,"comment_status":"closed","ping_status":"closed","template":"","meta":{"_acf_changed":false,"footnotes":""},"class_list":["post-73","page","type-page","status-publish","has-post-thumbnail","hentry"],"acf":[],"yoast_head":"<!-- This site is optimized with the Yoast SEO plugin v27.1.1 - https:\/\/yoast.com\/product\/yoast-seo-wordpress\/ -->\n<title>Contactar - Peninsoul<\/title>\n<meta name=\"robots\" content=\"index, follow, max-snippet:-1, max-image-preview:large, max-video-preview:-1\" \/>\n<link rel=\"canonical\" href=\"https:\/\/peninsoul.com\/es\/contacto\/\" \/>\n<meta property=\"og:locale\" content=\"es_ES\" \/>\n<meta property=\"og:type\" content=\"article\" \/>\n<meta property=\"og:title\" content=\"Contactar - Peninsoul\" \/>\n<meta property=\"og:url\" content=\"https:\/\/peninsoul.com\/es\/contacto\/\" \/>\n<meta property=\"og:site_name\" content=\"Peninsoul\" \/>\n<meta property=\"article:modified_time\" content=\"2026-03-10T13:11:16+00:00\" \/>\n<meta property=\"og:image\" content=\"https:\/\/peninsoul.com\/wp-content\/uploads\/2025\/07\/contactar-1.jpg\" \/>\n\t<meta property=\"og:image:width\" content=\"1920\" \/>\n\t<meta property=\"og:image:height\" content=\"500\" \/>\n\t<meta property=\"og:image:type\" content=\"image\/jpeg\" \/>\n<meta name=\"twitter:card\" content=\"summary_large_image\" \/>\n<script type=\"application\/ld+json\" class=\"yoast-schema-graph\">{\"@context\":\"https:\/\/schema.org\",\"@graph\":[{\"@type\":\"WebPage\",\"@id\":\"https:\/\/peninsoul.com\/contactar\/\",\"url\":\"https:\/\/peninsoul.com\/contactar\/\",\"name\":\"Contactar - Peninsoul\",\"isPartOf\":{\"@id\":\"https:\/\/peninsoul.com\/#website\"},\"primaryImageOfPage\":{\"@id\":\"https:\/\/peninsoul.com\/contactar\/#primaryimage\"},\"image\":{\"@id\":\"https:\/\/peninsoul.com\/contactar\/#primaryimage\"},\"thumbnailUrl\":\"https:\/\/peninsoul.com\/wp-content\/uploads\/2025\/07\/contactar-1.jpg\",\"datePublished\":\"2025-07-02T13:05:56+00:00\",\"dateModified\":\"2026-03-10T13:11:16+00:00\",\"breadcrumb\":{\"@id\":\"https:\/\/peninsoul.com\/contactar\/#breadcrumb\"},\"inLanguage\":\"es\",\"potentialAction\":[{\"@type\":\"ReadAction\",\"target\":[\"https:\/\/peninsoul.com\/contactar\/\"]}]},{\"@type\":\"ImageObject\",\"inLanguage\":\"es\",\"@id\":\"https:\/\/peninsoul.com\/contactar\/#primaryimage\",\"url\":\"https:\/\/peninsoul.com\/wp-content\/uploads\/2025\/07\/contactar-1.jpg\",\"contentUrl\":\"https:\/\/peninsoul.com\/wp-content\/uploads\/2025\/07\/contactar-1.jpg\",\"width\":1920,\"height\":500},{\"@type\":\"BreadcrumbList\",\"@id\":\"https:\/\/peninsoul.com\/contactar\/#breadcrumb\",\"itemListElement\":[{\"@type\":\"ListItem\",\"position\":1,\"name\":\"Inici\",\"item\":\"https:\/\/peninsoul.com\/\"},{\"@type\":\"ListItem\",\"position\":2,\"name\":\"Contactar\"}]},{\"@type\":\"WebSite\",\"@id\":\"https:\/\/peninsoul.com\/#website\",\"url\":\"https:\/\/peninsoul.com\/\",\"name\":\"Peninsoul\",\"description\":\"Reciclar, transformar i connectar amb el m\u00f3n.\",\"potentialAction\":[{\"@type\":\"SearchAction\",\"target\":{\"@type\":\"EntryPoint\",\"urlTemplate\":\"https:\/\/peninsoul.com\/?s={search_term_string}\"},\"query-input\":{\"@type\":\"PropertyValueSpecification\",\"valueRequired\":true,\"valueName\":\"search_term_string\"}}],\"inLanguage\":\"es\"}]}<\/script>\n<!-- \/ Yoast SEO plugin. -->","yoast_head_json":{"title":"Contacto - Peninsoul","robots":{"index":"index","follow":"follow","max-snippet":"max-snippet:-1","max-image-preview":"max-image-preview:large","max-video-preview":"max-video-preview:-1"},"canonical":"https:\/\/peninsoul.com\/es\/contacto\/","og_locale":"es_ES","og_type":"article","og_title":"Contactar - Peninsoul","og_url":"https:\/\/peninsoul.com\/es\/contacto\/","og_site_name":"Peninsoul","article_modified_time":"2026-03-10T13:11:16+00:00","og_image":[{"width":1920,"height":500,"url":"https:\/\/peninsoul.com\/wp-content\/uploads\/2025\/07\/contactar-1.jpg","type":"image\/jpeg"}],"twitter_card":"summary_large_image","schema":{"@context":"https:\/\/schema.org","@graph":[{"@type":"WebPage","@id":"https:\/\/peninsoul.com\/contactar\/","url":"https:\/\/peninsoul.com\/contactar\/","name":"Contacto - Peninsoul","isPartOf":{"@id":"https:\/\/peninsoul.com\/#website"},"primaryImageOfPage":{"@id":"https:\/\/peninsoul.com\/contactar\/#primaryimage"},"image":{"@id":"https:\/\/peninsoul.com\/contactar\/#primaryimage"},"thumbnailUrl":"https:\/\/peninsoul.com\/wp-content\/uploads\/2025\/07\/contactar-1.jpg","datePublished":"2025-07-02T13:05:56+00:00","dateModified":"2026-03-10T13:11:16+00:00","breadcrumb":{"@id":"https:\/\/peninsoul.com\/contactar\/#breadcrumb"},"inLanguage":"es","potentialAction":[{"@type":"ReadAction","target":["https:\/\/peninsoul.com\/contactar\/"]}]},{"@type":"ImageObject","inLanguage":"es","@id":"https:\/\/peninsoul.com\/contactar\/#primaryimage","url":"https:\/\/peninsoul.com\/wp-content\/uploads\/2025\/07\/contactar-1.jpg","contentUrl":"https:\/\/peninsoul.com\/wp-content\/uploads\/2025\/07\/contactar-1.jpg","width":1920,"height":500},{"@type":"BreadcrumbList","@id":"https:\/\/peninsoul.com\/contactar\/#breadcrumb","itemListElement":[{"@type":"ListItem","position":1,"name":"Inici","item":"https:\/\/peninsoul.com\/"},{"@type":"ListItem","position":2,"name":"Contactar"}]},{"@type":"WebSite","@id":"https:\/\/peninsoul.com\/#website","url":"https:\/\/peninsoul.com\/","name":"Peninsoul","description":"Recicla, transforma y con\u00e9ctate con el mundo.","potentialAction":[{"@type":"SearchAction","target":{"@type":"EntryPoint","urlTemplate":"https:\/\/peninsoul.com\/?s={search_term_string}"},"query-input":{"@type":"PropertyValueSpecification","valueRequired":true,"valueName":"search_term_string"}}],"inLanguage":"es"}]}},"_links":{"self":[{"href":"https:\/\/peninsoul.com\/es\/wp-json\/wp\/v2\/pages\/73","targetHints":{"allow":["GET"]}}],"collection":[{"href":"https:\/\/peninsoul.com\/es\/wp-json\/wp\/v2\/pages"}],"about":[{"href":"https:\/\/peninsoul.com\/es\/wp-json\/wp\/v2\/types\/page"}],"author":[{"embeddable":true,"href":"https:\/\/peninsoul.com\/es\/wp-json\/wp\/v2\/users\/1"}],"replies":[{"embeddable":true,"href":"https:\/\/peninsoul.com\/es\/wp-json\/wp\/v2\/comments?post=73"}],"version-history":[{"count":9,"href":"https:\/\/peninsoul.com\/es\/wp-json\/wp\/v2\/pages\/73\/revisions"}],"predecessor-version":[{"id":161,"href":"https:\/\/peninsoul.com\/es\/wp-json\/wp\/v2\/pages\/73\/revisions\/161"}],"wp:featuredmedia":[{"embeddable":true,"href":"https:\/\/peninsoul.com\/es\/wp-json\/wp\/v2\/media\/131"}],"wp:attachment":[{"href":"https:\/\/peninsoul.com\/es\/wp-json\/wp\/v2\/media?parent=73"}],"curies":[{"name":"wp","href":"https:\/\/api.w.org\/{rel}","templated":true}]}}