{"id":162,"date":"2026-03-10T13:15:33","date_gmt":"2026-03-10T13:15:33","guid":{"rendered":"https:\/\/peninsoul.com\/?page_id=162"},"modified":"2026-03-10T13:19:20","modified_gmt":"2026-03-10T13:19:20","slug":"aviso-legal","status":"publish","type":"page","link":"https:\/\/peninsoul.com\/es\/avis-legal\/","title":{"rendered":"Aviso legal"},"content":{"rendered":"<h3 data-section-id=\"1vt3ifa\" data-start=\"392\" data-end=\"419\">1. Datos identificativos<\/h3>\n<p data-start=\"421\" data-end=\"618\">En cumplimiento del deber de informaci\u00f3n establecido en el art\u00edculo 10 de la <strong data-start=\"492\" data-end=\"602\">Ley 34\/2002, de 11 de julio, de Servicios de la Sociedad de la Informaci\u00f3n y de Comercio Electr\u00f3nico (LSSI-CE)<\/strong>, se informa que:<\/p>\n<p data-start=\"620\" data-end=\"872\">Peninsoul, SL (en adelante, la <strong data-start=\"651\" data-end=\"664\">Prestamista<\/strong>), con <strong data-start=\"671\" data-end=\"688\">N\u00famero de identificaci\u00f3n fiscal B62170113<\/strong> y domicilio social en <strong data-start=\"709\" data-end=\"790\">C. Albert Einstein, Pol\u00edgono Industrial Can Jorn, 08430 La Roca del Vall\u00e8s (Barcelona)<\/strong>, es el titular del sitio web. <strong data-start=\"819\" data-end=\"840\"><a class=\"decorated-link\" href=\"https:\/\/peninsoul.com\/es\/\" target=\"_new\" rel=\"noopener\" data-start=\"821\" data-end=\"838\">www.peninsoul.com<\/a><\/strong> (en adelante, el <strong data-start=\"858\" data-end=\"870\">sitio web<\/strong>).<\/p>\n<hr data-start=\"874\" data-end=\"877\" \/>\n<h3 data-section-id=\"1i0yn8p\" data-start=\"879\" data-end=\"892\">2. Objeto<\/h3>\n<p data-start=\"894\" data-end=\"969\">Este aviso legal regula el acceso y uso del sitio web. <a class=\"decorated-link\" href=\"https:\/\/peninsoul.com\/es\/\" target=\"_new\" rel=\"noopener\" data-start=\"951\" data-end=\"968\">www.peninsoul.com<\/a>.<\/p>\n<p data-start=\"971\" data-end=\"1130\">La navegaci\u00f3n por el sitio web confiere la condici\u00f3n de usuario e implica la aceptaci\u00f3n plena y sin reservas de todas las disposiciones contenidas en este aviso legal.<\/p>\n<p data-start=\"1132\" data-end=\"1341\">El Proveedor se reserva el derecho de modificar cualquier informaci\u00f3n que pueda aparecer en el sitio web, sin ninguna obligaci\u00f3n de dar aviso previo ni informar a los usuarios de estas modificaciones.<\/p>\n<hr data-start=\"1343\" data-end=\"1346\" \/>\n<h3 data-section-id=\"8mzejp\" data-start=\"1348\" data-end=\"1369\">3. Condiciones de uso<\/h3>\n<p data-start=\"1371\" data-end=\"1511\">El usuario se compromete a hacer un uso adecuado del sitio web y de sus contenidos, de conformidad con la legislaci\u00f3n aplicable, la buena fe y el orden p\u00fablico.<\/p>\n<p data-start=\"1513\" data-end=\"1528\">Est\u00e1 prohibido:<\/p>\n<ul data-start=\"1530\" data-end=\"1790\">\n<li data-section-id=\"13wkhvz\" data-start=\"1530\" data-end=\"1611\">\n<p data-start=\"1532\" data-end=\"1611\">Uso del sitio web con fines il\u00edcitos o contrarios a la legislaci\u00f3n vigente.<\/p>\n<\/li>\n<li data-section-id=\"zhcqme\" data-start=\"1612\" data-end=\"1694\">\n<p data-start=\"1614\" data-end=\"1694\">Causar da\u00f1os a los sistemas f\u00edsicos o l\u00f3gicos del propietario del sitio web o de terceros.<\/p>\n<\/li>\n<li data-section-id=\"bukula\" data-start=\"1695\" data-end=\"1790\">\n<p data-start=\"1697\" data-end=\"1790\">Introducir o propagar virus inform\u00e1ticos o cualquier otro sistema capaz de causar da\u00f1os.<\/p>\n<\/li>\n<\/ul>\n<p data-start=\"1792\" data-end=\"1942\">El propietario se reserva el derecho de denegar o retirar el acceso al sitio web sin previo aviso a los usuarios que incumplan estas condiciones.<\/p>\n<hr data-start=\"1944\" data-end=\"1947\" \/>\n<h3 data-section-id=\"1k9h8dm\" data-start=\"1949\" data-end=\"1991\">4. Propiedad intelectual e industrial<\/h3>\n<p data-start=\"1993\" data-end=\"2080\">Todo el contenido del sitio web, incluyendo, entre otros:<\/p>\n<ul data-start=\"2082\" data-end=\"2193\">\n<li data-section-id=\"irsfpl\" data-start=\"2082\" data-end=\"2092\">\n<p data-start=\"2084\" data-end=\"2092\">textos<\/p>\n<\/li>\n<li data-section-id=\"udhah4\" data-start=\"2093\" data-end=\"2104\">\n<p data-start=\"2095\" data-end=\"2104\">im\u00e1genes<\/p>\n<\/li>\n<li data-section-id=\"1elsr5w\" data-start=\"2105\" data-end=\"2117\">\n<p data-start=\"2107\" data-end=\"2117\">dise\u00f1os<\/p>\n<\/li>\n<li data-section-id=\"1ign6ot\" data-start=\"2118\" data-end=\"2130\">\n<p data-start=\"2120\" data-end=\"2130\">logotipos<\/p>\n<\/li>\n<li data-section-id=\"v9zodg\" data-start=\"2131\" data-end=\"2142\">\n<p data-start=\"2133\" data-end=\"2142\">marcas<\/p>\n<\/li>\n<li data-section-id=\"16jjtgn\" data-start=\"2143\" data-end=\"2155\">\n<p data-start=\"2145\" data-end=\"2155\">software<\/p>\n<\/li>\n<li data-section-id=\"1eibwm3\" data-start=\"2156\" data-end=\"2193\">\n<p data-start=\"2158\" data-end=\"2193\">Estructura y dise\u00f1o del sitio web<\/p>\n<\/li>\n<\/ul>\n<p data-start=\"2195\" data-end=\"2276\">son propiedad del titular o cuentan con las licencias necesarias para su uso.<\/p>\n<p data-start=\"2278\" data-end=\"2420\">Queda prohibida la reproducci\u00f3n, distribuci\u00f3n o comunicaci\u00f3n p\u00fablica, total o parcial, de los contenidos sin la autorizaci\u00f3n expresa del titular de los derechos.<\/p>\n<hr data-start=\"2422\" data-end=\"2425\" \/>\n<h3 data-section-id=\"1vrprdi\" data-start=\"2427\" data-end=\"2448\">5. Responsabilidad<\/h3>\n<p data-start=\"2450\" data-end=\"2634\">El Proveedor declina cualquier responsabilidad derivada de la informaci\u00f3n publicada en el sitio web, siempre que dicha informaci\u00f3n haya sido manipulada o introducida por un tercero.<\/p>\n<p data-start=\"2636\" data-end=\"2772\">El sitio web puede utilizar cookies. El usuario puede consultar la informaci\u00f3n sobre el uso de cookies en la secci\u00f3n correspondiente. <strong data-start=\"2748\" data-end=\"2771\">Pol\u00edtica de cookies<\/strong>.<\/p>\n<hr data-start=\"2774\" data-end=\"2777\" \/>\n<h3 data-section-id=\"1wqwr9r\" data-start=\"2779\" data-end=\"2801\">6. Enlaces externos<\/h3>\n<p data-start=\"2803\" data-end=\"3023\">Desde el sitio web, es posible que se le redirija a contenido de terceros. Dado que el Proveedor no siempre puede controlar el contenido proporcionado por terceros, no asume ninguna responsabilidad por dicho contenido.<\/p>\n<hr data-start=\"3025\" data-end=\"3028\" \/>\n<h3 data-section-id=\"1k9zfrc\" data-start=\"3030\" data-end=\"3070\">7. Ley aplicable y jurisdicci\u00f3n<\/h3>\n<p data-start=\"3072\" data-end=\"3157\">La relaci\u00f3n entre el Prestamista y el usuario se regir\u00e1 por la legislaci\u00f3n espa\u00f1ola aplicable.<\/p>\n<p data-start=\"3159\" data-end=\"3315\">Para la resoluci\u00f3n de cualquier controversia que pueda surgir, las partes se someter\u00e1n a los juzgados y tribunales competentes seg\u00fan la legislaci\u00f3n aplicable.<\/p>","protected":false},"excerpt":{"rendered":"<p>1. Dades identificatives En compliment amb el deure d&#8217;informaci\u00f3 recollit en l&#8217;article 10 de la Llei 34\/2002, d&#8217;11 de juliol, de Serveis de la Societat de la Informaci\u00f3 i del Comer\u00e7 Electr\u00f2nic (LSSI-CE), s&#8217;informa que: Peninsoul, SL (en endavant, el Prestador), amb NIF B62170113 i domicili social a C. Albert Einstein, Pol. Ind. C\u2019an Jorn, [&hellip;]<\/p>\n","protected":false},"author":1,"featured_media":0,"parent":0,"menu_order":0,"comment_status":"closed","ping_status":"closed","template":"page-legals.php","meta":{"_acf_changed":false,"footnotes":""},"class_list":["post-162","page","type-page","status-publish","hentry"],"acf":[],"yoast_head":"<!-- This site is optimized with the Yoast SEO plugin v27.1.1 - https:\/\/yoast.com\/product\/yoast-seo-wordpress\/ -->\n<title>Av\u00eds legal - Peninsoul<\/title>\n<meta name=\"robots\" content=\"index, follow, max-snippet:-1, max-image-preview:large, max-video-preview:-1\" \/>\n<link rel=\"canonical\" href=\"https:\/\/peninsoul.com\/es\/aviso-legal\/\" \/>\n<meta property=\"og:locale\" content=\"es_ES\" \/>\n<meta property=\"og:type\" content=\"article\" \/>\n<meta property=\"og:title\" content=\"Av\u00eds legal - Peninsoul\" \/>\n<meta property=\"og:description\" content=\"1. Dades identificatives En compliment amb el deure d&#8217;informaci\u00f3 recollit en l&#8217;article 10 de la Llei 34\/2002, d&#8217;11 de juliol, de Serveis de la Societat de la Informaci\u00f3 i del Comer\u00e7 Electr\u00f2nic (LSSI-CE), s&#8217;informa que: Peninsoul, SL (en endavant, el Prestador), amb NIF B62170113 i domicili social a C. Albert Einstein, Pol. Ind. C\u2019an Jorn, [&hellip;]\" \/>\n<meta property=\"og:url\" content=\"https:\/\/peninsoul.com\/es\/aviso-legal\/\" \/>\n<meta property=\"og:site_name\" content=\"Peninsoul\" \/>\n<meta property=\"article:modified_time\" content=\"2026-03-10T13:19:20+00:00\" \/>\n<meta name=\"twitter:card\" content=\"summary_large_image\" \/>\n<meta name=\"twitter:label1\" content=\"Tiempo de lectura\" \/>\n\t<meta name=\"twitter:data1\" content=\"2 minutos\" \/>\n<script type=\"application\/ld+json\" class=\"yoast-schema-graph\">{\"@context\":\"https:\/\/schema.org\",\"@graph\":[{\"@type\":\"WebPage\",\"@id\":\"https:\/\/peninsoul.com\/avis-legal\/\",\"url\":\"https:\/\/peninsoul.com\/avis-legal\/\",\"name\":\"Av\u00eds legal - Peninsoul\",\"isPartOf\":{\"@id\":\"https:\/\/peninsoul.com\/#website\"},\"datePublished\":\"2026-03-10T13:15:33+00:00\",\"dateModified\":\"2026-03-10T13:19:20+00:00\",\"breadcrumb\":{\"@id\":\"https:\/\/peninsoul.com\/avis-legal\/#breadcrumb\"},\"inLanguage\":\"es\",\"potentialAction\":[{\"@type\":\"ReadAction\",\"target\":[\"https:\/\/peninsoul.com\/avis-legal\/\"]}]},{\"@type\":\"BreadcrumbList\",\"@id\":\"https:\/\/peninsoul.com\/avis-legal\/#breadcrumb\",\"itemListElement\":[{\"@type\":\"ListItem\",\"position\":1,\"name\":\"Inici\",\"item\":\"https:\/\/peninsoul.com\/\"},{\"@type\":\"ListItem\",\"position\":2,\"name\":\"Av\u00eds legal\"}]},{\"@type\":\"WebSite\",\"@id\":\"https:\/\/peninsoul.com\/#website\",\"url\":\"https:\/\/peninsoul.com\/\",\"name\":\"Peninsoul\",\"description\":\"Reciclar, transformar i connectar amb el m\u00f3n.\",\"potentialAction\":[{\"@type\":\"SearchAction\",\"target\":{\"@type\":\"EntryPoint\",\"urlTemplate\":\"https:\/\/peninsoul.com\/?s={search_term_string}\"},\"query-input\":{\"@type\":\"PropertyValueSpecification\",\"valueRequired\":true,\"valueName\":\"search_term_string\"}}],\"inLanguage\":\"es\"}]}<\/script>\n<!-- \/ Yoast SEO plugin. -->","yoast_head_json":{"title":"Aviso legal - Peninsoul","robots":{"index":"index","follow":"follow","max-snippet":"max-snippet:-1","max-image-preview":"max-image-preview:large","max-video-preview":"max-video-preview:-1"},"canonical":"https:\/\/peninsoul.com\/es\/aviso-legal\/","og_locale":"es_ES","og_type":"article","og_title":"Av\u00eds legal - Peninsoul","og_description":"1. Dades identificatives En compliment amb el deure d&#8217;informaci\u00f3 recollit en l&#8217;article 10 de la Llei 34\/2002, d&#8217;11 de juliol, de Serveis de la Societat de la Informaci\u00f3 i del Comer\u00e7 Electr\u00f2nic (LSSI-CE), s&#8217;informa que: Peninsoul, SL (en endavant, el Prestador), amb NIF B62170113 i domicili social a C. Albert Einstein, Pol. Ind. C\u2019an Jorn, [&hellip;]","og_url":"https:\/\/peninsoul.com\/es\/aviso-legal\/","og_site_name":"Peninsoul","article_modified_time":"2026-03-10T13:19:20+00:00","twitter_card":"summary_large_image","twitter_misc":{"Tiempo de lectura":"2 minutos"},"schema":{"@context":"https:\/\/schema.org","@graph":[{"@type":"WebPage","@id":"https:\/\/peninsoul.com\/avis-legal\/","url":"https:\/\/peninsoul.com\/avis-legal\/","name":"Aviso legal - Peninsoul","isPartOf":{"@id":"https:\/\/peninsoul.com\/#website"},"datePublished":"2026-03-10T13:15:33+00:00","dateModified":"2026-03-10T13:19:20+00:00","breadcrumb":{"@id":"https:\/\/peninsoul.com\/avis-legal\/#breadcrumb"},"inLanguage":"es","potentialAction":[{"@type":"ReadAction","target":["https:\/\/peninsoul.com\/avis-legal\/"]}]},{"@type":"BreadcrumbList","@id":"https:\/\/peninsoul.com\/avis-legal\/#breadcrumb","itemListElement":[{"@type":"ListItem","position":1,"name":"Inici","item":"https:\/\/peninsoul.com\/"},{"@type":"ListItem","position":2,"name":"Av\u00eds legal"}]},{"@type":"WebSite","@id":"https:\/\/peninsoul.com\/#website","url":"https:\/\/peninsoul.com\/","name":"Peninsoul","description":"Recicla, transforma y con\u00e9ctate con el mundo.","potentialAction":[{"@type":"SearchAction","target":{"@type":"EntryPoint","urlTemplate":"https:\/\/peninsoul.com\/?s={search_term_string}"},"query-input":{"@type":"PropertyValueSpecification","valueRequired":true,"valueName":"search_term_string"}}],"inLanguage":"es"}]}},"_links":{"self":[{"href":"https:\/\/peninsoul.com\/es\/wp-json\/wp\/v2\/pages\/162","targetHints":{"allow":["GET"]}}],"collection":[{"href":"https:\/\/peninsoul.com\/es\/wp-json\/wp\/v2\/pages"}],"about":[{"href":"https:\/\/peninsoul.com\/es\/wp-json\/wp\/v2\/types\/page"}],"author":[{"embeddable":true,"href":"https:\/\/peninsoul.com\/es\/wp-json\/wp\/v2\/users\/1"}],"replies":[{"embeddable":true,"href":"https:\/\/peninsoul.com\/es\/wp-json\/wp\/v2\/comments?post=162"}],"version-history":[{"count":2,"href":"https:\/\/peninsoul.com\/es\/wp-json\/wp\/v2\/pages\/162\/revisions"}],"predecessor-version":[{"id":168,"href":"https:\/\/peninsoul.com\/es\/wp-json\/wp\/v2\/pages\/162\/revisions\/168"}],"wp:attachment":[{"href":"https:\/\/peninsoul.com\/es\/wp-json\/wp\/v2\/media?parent=162"}],"curies":[{"name":"wp","href":"https:\/\/api.w.org\/{rel}","templated":true}]}}