{"id":128,"date":"2025-07-03T11:41:46","date_gmt":"2025-07-03T11:41:46","guid":{"rendered":"https:\/\/peninsoul.com\/?page_id=128"},"modified":"2025-07-03T11:42:25","modified_gmt":"2025-07-03T11:42:25","slug":"politica-integrada-de-calidad-y-medio-ambiente","status":"publish","type":"page","link":"https:\/\/peninsoul.com\/es\/politica-integrada-de-calidad-y-medio-ambiente\/","title":{"rendered":"Pol\u00edtica integrada de calidad y medio ambiente"},"content":{"rendered":"<p>La direcci\u00f3n de PENINSOUL, S.L. y PENINPLASTIC, S.L., en su compromiso de ofrecer y garantizar a sus clientes la prestaci\u00f3n de un servicio de:<br \/>\n\u201cValorizaci\u00f3n de residuos no peligrosos y almacenamiento de residuos peligrosos hasta<br \/>\n\u201duna capacidad de 30 toneladas\u201c y \u201dcomercializaci\u00f3n de papel y pl\u00e1stico para su reciclaje\u00bb.<\/p>\n<p>Mejorar la calidad d\u00eda a d\u00eda y ser conscientes de la importancia del medio ambiente y de c\u00f3mo los residuos industriales pueden afectarlo.<\/p>\n<p>La pol\u00edtica de calidad y medio ambiente de PENINSOUL, S.L. y PENINPLASTIC, S.L. se basa en los siguientes compromisos:<\/p>\n<ol>\n<li>Compromiso de cumplir con todos los requisitos, ya sean legales, contractuales o de otra \u00edndole, que<br \/>\nno es aplicable debido a la naturaleza de nuestra actividad, tanto en la prestaci\u00f3n de nuestros servicios,<br \/>\ntanto en el \u00e1mbito medioambiental de nuestra actividad, de modo que nuestra conducta en ning\u00fan caso<br \/>\npodr\u00eda infringir los requisitos legales y las especificaciones establecidas por las distintas administraciones<br \/>\np\u00fablicos.<\/li>\n<li>El compromiso de llevar a cabo nuestro trabajo en un entorno de gesti\u00f3n que garantice la mejora.<br \/>\nse refleja en nuestros procesos, en nuestras formas de trabajar y en nuestras relaciones con las partes<br \/>\nlas partes interesadas, mediante el establecimiento y la revisi\u00f3n peri\u00f3dica de nuestros objetivos de calidad y medioambientales<br \/>\nmedioambiental.<\/li>\n<li>Compromiso con la protecci\u00f3n del medio ambiente y nuestro entorno mediante acciones y medidas espec\u00edficas.<br \/>\na la prevenci\u00f3n de cualquier tipo de contaminaci\u00f3n que pudiera derivarse de nuestras operaciones debido a nuestro<br \/>\nactividad, ya sea por parte nuestra o de nuestros subcontratistas.<\/li>\n<li>Compromiso con la promoci\u00f3n y la difusi\u00f3n de nuestra pol\u00edtica de calidad y gesti\u00f3n.<br \/>\nmedioambiental dentro de nuestra organizaci\u00f3n, mediante la formaci\u00f3n continua y la comunicaci\u00f3n con<br \/>\nnuestro trabajo.<\/li>\n<li>Compromiso de difundir y promover la cultura del desarrollo sostenible en el \u00e1mbito del reciclaje de los<br \/>\nresiduos industriales.<\/li>\n<li>El compromiso de controlar eficazmente todos nuestros procesos, prestando especial atenci\u00f3n a:\n<ul>\n<li>Dotarnos de los recursos necesarios, tanto humanos como t\u00e9cnicos.<\/li>\n<li>Calidad de nuestros productos y servicios<\/li>\n<li>Eficiencia y eficacia de nuestros servicios.<\/li>\n<li>Las relaciones con nuestros clientes.<\/li>\n<li>Fomento de la recogida y el reciclaje de residuos industriales autorizados en PENINSOUL, S.L. y<br \/>\nPENINPLASTIC, S.L.<\/li>\n<li>Control y seguimiento de los residuos, especialmente los de nuestros clientes.<\/li>\n<\/ul>\n<\/li>\n<li>Compromiso de seleccionar proveedores que den prioridad a la calidad y de colaborar con ellos y con las partes.<br \/>\ninteresado.<\/li>\n<li>El compromiso de dar a conocer nuestra pol\u00edtica de calidad y ponerla a disposici\u00f3n de las partes interesadas y<br \/>\nGesti\u00f3n medioambiental.<\/li>\n<\/ol>\n<p>&nbsp;<\/p>","protected":false},"excerpt":{"rendered":"<p>La direcci\u00f3n de PENINSOUL, SL y PENINPLASTIC, S.L. en su voluntad de ofrecer y garantizar a sus clientes la prestaci\u00f3n de un servicio de: \u201cValorizaci\u00f3n de residuos no peligrosos y almacenaje de residuos peligrosos hasta una capacidad de 30 t\u201d y \u201cComercializaci\u00f3n de papel y pl\u00e1stico para el reciclaje\u201d. Mejorando la calidad d\u00eda a d\u00eda, [&hellip;]<\/p>\n","protected":false},"author":1,"featured_media":0,"parent":0,"menu_order":0,"comment_status":"closed","ping_status":"closed","template":"page-legals.php","meta":{"_acf_changed":false,"footnotes":""},"class_list":["post-128","page","type-page","status-publish","hentry"],"acf":[],"yoast_head":"<!-- This site is optimized with the Yoast SEO plugin v27.1.1 - https:\/\/yoast.com\/product\/yoast-seo-wordpress\/ -->\n<title>Pol\u00edtica integrada de calidad y medio ambiente - Peninsoul<\/title>\n<meta name=\"robots\" content=\"index, follow, max-snippet:-1, max-image-preview:large, max-video-preview:-1\" \/>\n<link rel=\"canonical\" href=\"https:\/\/peninsoul.com\/es\/politica-integrada-de-calidad-y-medio-ambiente\/\" \/>\n<meta property=\"og:locale\" content=\"es_ES\" \/>\n<meta property=\"og:type\" content=\"article\" \/>\n<meta property=\"og:title\" content=\"Pol\u00edtica integrada de calidad y medio ambiente - Peninsoul\" \/>\n<meta property=\"og:description\" content=\"La direcci\u00f3n de PENINSOUL, SL y PENINPLASTIC, S.L. en su voluntad de ofrecer y garantizar a sus clientes la prestaci\u00f3n de un servicio de: \u201cValorizaci\u00f3n de residuos no peligrosos y almacenaje de residuos peligrosos hasta una capacidad de 30 t\u201d y \u201cComercializaci\u00f3n de papel y pl\u00e1stico para el reciclaje\u201d. Mejorando la calidad d\u00eda a d\u00eda, [&hellip;]\" \/>\n<meta property=\"og:url\" content=\"https:\/\/peninsoul.com\/es\/politica-integrada-de-calidad-y-medio-ambiente\/\" \/>\n<meta property=\"og:site_name\" content=\"Peninsoul\" \/>\n<meta property=\"article:modified_time\" content=\"2025-07-03T11:42:25+00:00\" \/>\n<meta name=\"twitter:card\" content=\"summary_large_image\" \/>\n<meta name=\"twitter:label1\" content=\"Tiempo de lectura\" \/>\n\t<meta name=\"twitter:data1\" content=\"2 minutos\" \/>\n<script type=\"application\/ld+json\" class=\"yoast-schema-graph\">{\"@context\":\"https:\/\/schema.org\",\"@graph\":[{\"@type\":\"WebPage\",\"@id\":\"https:\/\/peninsoul.com\/politica-integrada-de-calidad-y-medio-ambiente\/\",\"url\":\"https:\/\/peninsoul.com\/politica-integrada-de-calidad-y-medio-ambiente\/\",\"name\":\"Pol\u00edtica integrada de calidad y medio ambiente - Peninsoul\",\"isPartOf\":{\"@id\":\"https:\/\/peninsoul.com\/#website\"},\"datePublished\":\"2025-07-03T11:41:46+00:00\",\"dateModified\":\"2025-07-03T11:42:25+00:00\",\"breadcrumb\":{\"@id\":\"https:\/\/peninsoul.com\/politica-integrada-de-calidad-y-medio-ambiente\/#breadcrumb\"},\"inLanguage\":\"es\",\"potentialAction\":[{\"@type\":\"ReadAction\",\"target\":[\"https:\/\/peninsoul.com\/politica-integrada-de-calidad-y-medio-ambiente\/\"]}]},{\"@type\":\"BreadcrumbList\",\"@id\":\"https:\/\/peninsoul.com\/politica-integrada-de-calidad-y-medio-ambiente\/#breadcrumb\",\"itemListElement\":[{\"@type\":\"ListItem\",\"position\":1,\"name\":\"Inici\",\"item\":\"https:\/\/peninsoul.com\/\"},{\"@type\":\"ListItem\",\"position\":2,\"name\":\"Pol\u00edtica integrada de calidad y medio ambiente\"}]},{\"@type\":\"WebSite\",\"@id\":\"https:\/\/peninsoul.com\/#website\",\"url\":\"https:\/\/peninsoul.com\/\",\"name\":\"Peninsoul\",\"description\":\"Reciclar, transformar i connectar amb el m\u00f3n.\",\"potentialAction\":[{\"@type\":\"SearchAction\",\"target\":{\"@type\":\"EntryPoint\",\"urlTemplate\":\"https:\/\/peninsoul.com\/?s={search_term_string}\"},\"query-input\":{\"@type\":\"PropertyValueSpecification\",\"valueRequired\":true,\"valueName\":\"search_term_string\"}}],\"inLanguage\":\"es\"}]}<\/script>\n<!-- \/ Yoast SEO plugin. -->","yoast_head_json":{"title":"Pol\u00edtica integrada de calidad y medio ambiente - Peninsoul","robots":{"index":"index","follow":"follow","max-snippet":"max-snippet:-1","max-image-preview":"max-image-preview:large","max-video-preview":"max-video-preview:-1"},"canonical":"https:\/\/peninsoul.com\/es\/politica-integrada-de-calidad-y-medio-ambiente\/","og_locale":"es_ES","og_type":"article","og_title":"Pol\u00edtica integrada de calidad y medio ambiente - Peninsoul","og_description":"La direcci\u00f3n de PENINSOUL, SL y PENINPLASTIC, S.L. en su voluntad de ofrecer y garantizar a sus clientes la prestaci\u00f3n de un servicio de: \u201cValorizaci\u00f3n de residuos no peligrosos y almacenaje de residuos peligrosos hasta una capacidad de 30 t\u201d y \u201cComercializaci\u00f3n de papel y pl\u00e1stico para el reciclaje\u201d. Mejorando la calidad d\u00eda a d\u00eda, [&hellip;]","og_url":"https:\/\/peninsoul.com\/es\/politica-integrada-de-calidad-y-medio-ambiente\/","og_site_name":"Peninsoul","article_modified_time":"2025-07-03T11:42:25+00:00","twitter_card":"summary_large_image","twitter_misc":{"Tiempo de lectura":"2 minutos"},"schema":{"@context":"https:\/\/schema.org","@graph":[{"@type":"WebPage","@id":"https:\/\/peninsoul.com\/politica-integrada-de-calidad-y-medio-ambiente\/","url":"https:\/\/peninsoul.com\/politica-integrada-de-calidad-y-medio-ambiente\/","name":"Pol\u00edtica integrada de calidad y medio ambiente - Peninsoul","isPartOf":{"@id":"https:\/\/peninsoul.com\/#website"},"datePublished":"2025-07-03T11:41:46+00:00","dateModified":"2025-07-03T11:42:25+00:00","breadcrumb":{"@id":"https:\/\/peninsoul.com\/politica-integrada-de-calidad-y-medio-ambiente\/#breadcrumb"},"inLanguage":"es","potentialAction":[{"@type":"ReadAction","target":["https:\/\/peninsoul.com\/politica-integrada-de-calidad-y-medio-ambiente\/"]}]},{"@type":"BreadcrumbList","@id":"https:\/\/peninsoul.com\/politica-integrada-de-calidad-y-medio-ambiente\/#breadcrumb","itemListElement":[{"@type":"ListItem","position":1,"name":"Inici","item":"https:\/\/peninsoul.com\/"},{"@type":"ListItem","position":2,"name":"Pol\u00edtica integrada de calidad y medio ambiente"}]},{"@type":"WebSite","@id":"https:\/\/peninsoul.com\/#website","url":"https:\/\/peninsoul.com\/","name":"Peninsoul","description":"Recicla, transforma y con\u00e9ctate con el mundo.","potentialAction":[{"@type":"SearchAction","target":{"@type":"EntryPoint","urlTemplate":"https:\/\/peninsoul.com\/?s={search_term_string}"},"query-input":{"@type":"PropertyValueSpecification","valueRequired":true,"valueName":"search_term_string"}}],"inLanguage":"es"}]}},"_links":{"self":[{"href":"https:\/\/peninsoul.com\/es\/wp-json\/wp\/v2\/pages\/128","targetHints":{"allow":["GET"]}}],"collection":[{"href":"https:\/\/peninsoul.com\/es\/wp-json\/wp\/v2\/pages"}],"about":[{"href":"https:\/\/peninsoul.com\/es\/wp-json\/wp\/v2\/types\/page"}],"author":[{"embeddable":true,"href":"https:\/\/peninsoul.com\/es\/wp-json\/wp\/v2\/users\/1"}],"replies":[{"embeddable":true,"href":"https:\/\/peninsoul.com\/es\/wp-json\/wp\/v2\/comments?post=128"}],"version-history":[{"count":2,"href":"https:\/\/peninsoul.com\/es\/wp-json\/wp\/v2\/pages\/128\/revisions"}],"predecessor-version":[{"id":130,"href":"https:\/\/peninsoul.com\/es\/wp-json\/wp\/v2\/pages\/128\/revisions\/130"}],"wp:attachment":[{"href":"https:\/\/peninsoul.com\/es\/wp-json\/wp\/v2\/media?parent=128"}],"curies":[{"name":"wp","href":"https:\/\/api.w.org\/{rel}","templated":true}]}}