{"id":126,"date":"2025-07-03T11:30:32","date_gmt":"2025-07-03T11:30:32","guid":{"rendered":"https:\/\/peninsoul.com\/?page_id=126"},"modified":"2026-03-10T13:18:35","modified_gmt":"2026-03-10T13:18:35","slug":"politica-de-privacidad","status":"publish","type":"page","link":"https:\/\/peninsoul.com\/es\/politica-de-privacitat\/","title":{"rendered":"Pol\u00edtica de privacidad"},"content":{"rendered":"<h3 data-section-id=\"1fojpzs\" data-start=\"3348\" data-end=\"3380\">1. Responsable del tratamiento<\/h3>\n<p data-start=\"3382\" data-end=\"3606\">En cumplimiento del Reglamento (UE) 2016\/679, de 27 de abril de 2016 (RGPD), y de la Ley Org\u00e1nica 3\/2018, de Protecci\u00f3n de Datos de Car\u00e1cter Personal y Garant\u00eda de los Derechos Digitales, se informa de que el responsable del tratamiento es:<\/p>\n<p data-start=\"3608\" data-end=\"3766\"><strong data-start=\"3608\" data-end=\"3625\">Peninsoul, S.L.<\/strong><br data-start=\"3625\" data-end=\"3628\" \/>N\u00famero de identificaci\u00f3n fiscal: <strong data-start=\"3633\" data-end=\"3646\">B62170113<\/strong><br data-start=\"3646\" data-end=\"3649\" \/>Direcci\u00f3n: <strong data-start=\"3657\" data-end=\"3737\">Pol\u00edgono Industrial C. Albert Einstein, C'an Jorn, 08430 La Roca del Vall\u00e8s (Barcelona)<\/strong><br data-start=\"3737\" data-end=\"3740\" \/>Sitio web: <strong data-start=\"3745\" data-end=\"3766\"><a class=\"decorated-link\" href=\"https:\/\/peninsoul.com\/es\/\" target=\"_new\" rel=\"noopener\" data-start=\"3747\" data-end=\"3764\">www.peninsoul.com<\/a><\/strong><\/p>\n<hr data-start=\"3768\" data-end=\"3771\" \/>\n<h3 data-section-id=\"1sbik3j\" data-start=\"3773\" data-end=\"3816\">2. Finalidad del tratamiento de datos<\/h3>\n<p data-start=\"3818\" data-end=\"3929\">Los datos personales recopilados a trav\u00e9s del sitio web se utilizar\u00e1n para los siguientes fines:<\/p>\n<ul data-start=\"3931\" data-end=\"4161\">\n<li data-section-id=\"kirdf2\" data-start=\"3931\" data-end=\"3991\">\n<p data-start=\"3933\" data-end=\"3991\">Atender las consultas o solicitudes de los usuarios.<\/p>\n<\/li>\n<li data-section-id=\"sa483n\" data-start=\"3992\" data-end=\"4040\">\n<p data-start=\"3994\" data-end=\"4040\">Gestionar la relaci\u00f3n comercial o profesional.<\/p>\n<\/li>\n<li data-section-id=\"14r3y5l\" data-start=\"4041\" data-end=\"4106\">\n<p data-start=\"4043\" data-end=\"4106\">Enviar comunicaciones relacionadas con los servicios solicitados.<\/p>\n<\/li>\n<li data-section-id=\"114n6a7\" data-start=\"4107\" data-end=\"4161\">\n<p data-start=\"4109\" data-end=\"4161\">Mejorar los servicios y la funcionalidad del sitio web.<\/p>\n<\/li>\n<\/ul>\n<p data-start=\"4163\" data-end=\"4315\">Los datos se conservar\u00e1n durante el tiempo que sea necesario para cumplir la finalidad para la que se recopilaron o mientras sigan vigentes las obligaciones legales.<\/p>\n<hr data-start=\"4317\" data-end=\"4320\" \/>\n<h3 data-section-id=\"r95vn0\" data-start=\"4322\" data-end=\"4356\">3. Fundamento jur\u00eddico del tratamiento<\/h3>\n<p data-start=\"4358\" data-end=\"4406\">La base jur\u00eddica para el tratamiento de los datos es:<\/p>\n<ul data-start=\"4408\" data-end=\"4541\">\n<li data-section-id=\"1nhffc4\" data-start=\"4408\" data-end=\"4446\">\n<p data-start=\"4410\" data-end=\"4446\">El <strong data-start=\"4413\" data-end=\"4445\">Consentimiento del interesado<\/strong>.<\/p>\n<\/li>\n<li data-section-id=\"1vc7760\" data-start=\"4447\" data-end=\"4503\">\n<p data-start=\"4449\" data-end=\"4503\">El cumplimiento de una relaci\u00f3n contractual o precontractual.<\/p>\n<\/li>\n<li data-section-id=\"ss8i5o\" data-start=\"4504\" data-end=\"4541\">\n<p data-start=\"4506\" data-end=\"4541\">Cumplimiento de las obligaciones legales.<\/p>\n<\/li>\n<\/ul>\n<hr data-start=\"4543\" data-end=\"4546\" \/>\n<h3 data-section-id=\"u67v50\" data-start=\"4548\" data-end=\"4584\">4. Cesi\u00f3n de datos a terceros<\/h3>\n<p data-start=\"4586\" data-end=\"4722\">Los datos personales no se ceder\u00e1n a terceros, salvo que exista una obligaci\u00f3n legal o sea necesario para la prestaci\u00f3n del servicio.<\/p>\n<p data-start=\"4724\" data-end=\"4910\">En determinados casos, pueden intervenir proveedores de servicios que tratan los datos por cuenta del responsable del tratamiento, siempre en virtud de un acuerdo de confidencialidad y con las garant\u00edas jur\u00eddicas adecuadas.<\/p>\n<hr data-start=\"4912\" data-end=\"4915\" \/>\n<h3 data-section-id=\"14l7o6m\" data-start=\"4917\" data-end=\"4941\">5. Derechos de los usuarios<\/h3>\n<p data-start=\"4943\" data-end=\"4968\">Los usuarios tienen derecho a:<\/p>\n<ul data-start=\"4970\" data-end=\"5232\">\n<li data-section-id=\"xhlyzm\" data-start=\"4970\" data-end=\"5007\">\n<p data-start=\"4972\" data-end=\"5007\">Accede a tus datos personales<\/p>\n<\/li>\n<li data-section-id=\"1sgnoyj\" data-start=\"5008\" data-end=\"5056\">\n<p data-start=\"5010\" data-end=\"5056\">Solicitar la rectificaci\u00f3n de datos inexactos<\/p>\n<\/li>\n<li data-section-id=\"nl3iiz\" data-start=\"5057\" data-end=\"5102\">\n<p data-start=\"5059\" data-end=\"5102\">Solicita la supresi\u00f3n de tus datos<\/p>\n<\/li>\n<li data-section-id=\"dudekp\" data-start=\"5103\" data-end=\"5144\">\n<p data-start=\"5105\" data-end=\"5144\">Solicitar la limitaci\u00f3n del tratamiento<\/p>\n<\/li>\n<li data-section-id=\"jstjtj\" data-start=\"5145\" data-end=\"5189\">\n<p data-start=\"5147\" data-end=\"5189\">Para oponerse al tratamiento de sus datos<\/p>\n<\/li>\n<li data-section-id=\"51zfpt\" data-start=\"5190\" data-end=\"5232\">\n<p data-start=\"5192\" data-end=\"5232\">Solicitar la portabilidad de los datos<\/p>\n<\/li>\n<\/ul>\n<p data-start=\"5234\" data-end=\"5307\">Para ejercer estos derechos, el usuario puede enviar una solicitud por escrito a:<\/p>\n<p data-start=\"5309\" data-end=\"5406\"><strong data-start=\"5309\" data-end=\"5326\">Peninsoul, S.L.<\/strong><br data-start=\"5326\" data-end=\"5329\" \/>Pol\u00edgono Industrial C. Albert Einstein, C'an Jorn<br data-start=\"5367\" data-end=\"5370\" \/>08430 La Roca del Vall\u00e8s (Barcelona)<\/p>\n<p data-start=\"5408\" data-end=\"5550\">Tambi\u00e9n puede presentar una reclamaci\u00f3n ante la\u2019<strong data-start=\"5454\" data-end=\"5497\">Agencia Espa\u00f1ola de Protecci\u00f3n de Datos<\/strong> si considera que se han vulnerado sus derechos.<\/p>\n<p data-start=\"5552\" data-end=\"5576\">Sitio web: <a class=\"decorated-link\" href=\"https:\/\/www.aepd.es\" target=\"_new\" rel=\"noopener\" data-start=\"5557\" data-end=\"5576\">https:\/\/www.aepd.es<\/a><\/p>\n<hr data-start=\"5578\" data-end=\"5581\" \/>\n<h3 data-section-id=\"o45nmr\" data-start=\"5583\" data-end=\"5611\">6. Seguridad de los datos<\/h3>\n<p data-start=\"5613\" data-end=\"5819\">El responsable del tratamiento aplica las medidas t\u00e9cnicas y organizativas necesarias para garantizar la seguridad de los datos personales y evitar su alteraci\u00f3n, p\u00e9rdida, tratamiento o acceso no autorizado.<\/p>\n<hr data-start=\"5821\" data-end=\"5824\" \/>\n<h3 data-section-id=\"hj6tst\" data-start=\"5826\" data-end=\"5874\">7. Modificaciones de la pol\u00edtica de privacidad<\/h3>\n<p data-start=\"5876\" data-end=\"5996\">El Prestamista se reserva el derecho a modificar esta pol\u00edtica para adaptarla a la nueva legislaci\u00f3n o jurisprudencia.<\/p>\n<p data-start=\"5998\" data-end=\"6081\">En tales casos, los cambios se anunciar\u00e1n en esta p\u00e1gina con la debida antelaci\u00f3n.<\/p>","protected":false},"excerpt":{"rendered":"<p>1. Responsable del tractament En compliment del Reglament (UE) 2016\/679 de 27 d\u2019abril de 2016 (RGPD) i de la Llei Org\u00e0nica 3\/2018 de Protecci\u00f3 de Dades Personals i garantia dels drets digitals, s&#8217;informa que el responsable del tractament de les dades \u00e9s: Peninsoul, SLNIF: B62170113Adre\u00e7a: C. Albert Einstein Pol. Ind. C\u2019an Jorn, 08430 La Roca [&hellip;]<\/p>\n","protected":false},"author":1,"featured_media":0,"parent":0,"menu_order":0,"comment_status":"closed","ping_status":"closed","template":"page-legals.php","meta":{"_acf_changed":false,"footnotes":""},"class_list":["post-126","page","type-page","status-publish","hentry"],"acf":[],"yoast_head":"<!-- This site is optimized with the Yoast SEO plugin v27.1.1 - https:\/\/yoast.com\/product\/yoast-seo-wordpress\/ -->\n<title>Pol\u00edtica de privacitat - Peninsoul<\/title>\n<meta name=\"robots\" content=\"index, follow, max-snippet:-1, max-image-preview:large, max-video-preview:-1\" \/>\n<link rel=\"canonical\" href=\"https:\/\/peninsoul.com\/es\/politica-de-privacidad\/\" \/>\n<meta property=\"og:locale\" content=\"es_ES\" \/>\n<meta property=\"og:type\" content=\"article\" \/>\n<meta property=\"og:title\" content=\"Pol\u00edtica de privacitat - Peninsoul\" \/>\n<meta property=\"og:description\" content=\"1. Responsable del tractament En compliment del Reglament (UE) 2016\/679 de 27 d\u2019abril de 2016 (RGPD) i de la Llei Org\u00e0nica 3\/2018 de Protecci\u00f3 de Dades Personals i garantia dels drets digitals, s&#8217;informa que el responsable del tractament de les dades \u00e9s: Peninsoul, SLNIF: B62170113Adre\u00e7a: C. Albert Einstein Pol. Ind. C\u2019an Jorn, 08430 La Roca [&hellip;]\" \/>\n<meta property=\"og:url\" content=\"https:\/\/peninsoul.com\/es\/politica-de-privacidad\/\" \/>\n<meta property=\"og:site_name\" content=\"Peninsoul\" \/>\n<meta property=\"article:modified_time\" content=\"2026-03-10T13:18:35+00:00\" \/>\n<meta name=\"twitter:card\" content=\"summary_large_image\" \/>\n<meta name=\"twitter:label1\" content=\"Tiempo de lectura\" \/>\n\t<meta name=\"twitter:data1\" content=\"2 minutos\" \/>\n<script type=\"application\/ld+json\" class=\"yoast-schema-graph\">{\"@context\":\"https:\/\/schema.org\",\"@graph\":[{\"@type\":\"WebPage\",\"@id\":\"https:\/\/peninsoul.com\/en\/politica-de-privacitat\/\",\"url\":\"https:\/\/peninsoul.com\/en\/politica-de-privacitat\/\",\"name\":\"Pol\u00edtica de privacitat - Peninsoul\",\"isPartOf\":{\"@id\":\"https:\/\/peninsoul.com\/#website\"},\"datePublished\":\"2025-07-03T11:30:32+00:00\",\"dateModified\":\"2026-03-10T13:18:35+00:00\",\"breadcrumb\":{\"@id\":\"https:\/\/peninsoul.com\/en\/politica-de-privacitat\/#breadcrumb\"},\"inLanguage\":\"es\",\"potentialAction\":[{\"@type\":\"ReadAction\",\"target\":[\"https:\/\/peninsoul.com\/en\/politica-de-privacitat\/\"]}]},{\"@type\":\"BreadcrumbList\",\"@id\":\"https:\/\/peninsoul.com\/en\/politica-de-privacitat\/#breadcrumb\",\"itemListElement\":[{\"@type\":\"ListItem\",\"position\":1,\"name\":\"Inici\",\"item\":\"https:\/\/peninsoul.com\/\"},{\"@type\":\"ListItem\",\"position\":2,\"name\":\"Pol\u00edtica de privacitat\"}]},{\"@type\":\"WebSite\",\"@id\":\"https:\/\/peninsoul.com\/#website\",\"url\":\"https:\/\/peninsoul.com\/\",\"name\":\"Peninsoul\",\"description\":\"Reciclar, transformar i connectar amb el m\u00f3n.\",\"potentialAction\":[{\"@type\":\"SearchAction\",\"target\":{\"@type\":\"EntryPoint\",\"urlTemplate\":\"https:\/\/peninsoul.com\/?s={search_term_string}\"},\"query-input\":{\"@type\":\"PropertyValueSpecification\",\"valueRequired\":true,\"valueName\":\"search_term_string\"}}],\"inLanguage\":\"es\"}]}<\/script>\n<!-- \/ Yoast SEO plugin. -->","yoast_head_json":{"title":"Pol\u00edtica de privacidad - Peninsoul","robots":{"index":"index","follow":"follow","max-snippet":"max-snippet:-1","max-image-preview":"max-image-preview:large","max-video-preview":"max-video-preview:-1"},"canonical":"https:\/\/peninsoul.com\/es\/politica-de-privacidad\/","og_locale":"es_ES","og_type":"article","og_title":"Pol\u00edtica de privacitat - Peninsoul","og_description":"1. Responsable del tractament En compliment del Reglament (UE) 2016\/679 de 27 d\u2019abril de 2016 (RGPD) i de la Llei Org\u00e0nica 3\/2018 de Protecci\u00f3 de Dades Personals i garantia dels drets digitals, s&#8217;informa que el responsable del tractament de les dades \u00e9s: Peninsoul, SLNIF: B62170113Adre\u00e7a: C. Albert Einstein Pol. Ind. C\u2019an Jorn, 08430 La Roca [&hellip;]","og_url":"https:\/\/peninsoul.com\/es\/politica-de-privacidad\/","og_site_name":"Peninsoul","article_modified_time":"2026-03-10T13:18:35+00:00","twitter_card":"summary_large_image","twitter_misc":{"Tiempo de lectura":"2 minutos"},"schema":{"@context":"https:\/\/schema.org","@graph":[{"@type":"WebPage","@id":"https:\/\/peninsoul.com\/en\/politica-de-privacitat\/","url":"https:\/\/peninsoul.com\/en\/politica-de-privacitat\/","name":"Pol\u00edtica de privacidad - Peninsoul","isPartOf":{"@id":"https:\/\/peninsoul.com\/#website"},"datePublished":"2025-07-03T11:30:32+00:00","dateModified":"2026-03-10T13:18:35+00:00","breadcrumb":{"@id":"https:\/\/peninsoul.com\/en\/politica-de-privacitat\/#breadcrumb"},"inLanguage":"es","potentialAction":[{"@type":"ReadAction","target":["https:\/\/peninsoul.com\/en\/politica-de-privacitat\/"]}]},{"@type":"BreadcrumbList","@id":"https:\/\/peninsoul.com\/en\/politica-de-privacitat\/#breadcrumb","itemListElement":[{"@type":"ListItem","position":1,"name":"Inici","item":"https:\/\/peninsoul.com\/"},{"@type":"ListItem","position":2,"name":"Pol\u00edtica de privacitat"}]},{"@type":"WebSite","@id":"https:\/\/peninsoul.com\/#website","url":"https:\/\/peninsoul.com\/","name":"Peninsoul","description":"Recicla, transforma y con\u00e9ctate con el mundo.","potentialAction":[{"@type":"SearchAction","target":{"@type":"EntryPoint","urlTemplate":"https:\/\/peninsoul.com\/?s={search_term_string}"},"query-input":{"@type":"PropertyValueSpecification","valueRequired":true,"valueName":"search_term_string"}}],"inLanguage":"es"}]}},"_links":{"self":[{"href":"https:\/\/peninsoul.com\/es\/wp-json\/wp\/v2\/pages\/126","targetHints":{"allow":["GET"]}}],"collection":[{"href":"https:\/\/peninsoul.com\/es\/wp-json\/wp\/v2\/pages"}],"about":[{"href":"https:\/\/peninsoul.com\/es\/wp-json\/wp\/v2\/types\/page"}],"author":[{"embeddable":true,"href":"https:\/\/peninsoul.com\/es\/wp-json\/wp\/v2\/users\/1"}],"replies":[{"embeddable":true,"href":"https:\/\/peninsoul.com\/es\/wp-json\/wp\/v2\/comments?post=126"}],"version-history":[{"count":4,"href":"https:\/\/peninsoul.com\/es\/wp-json\/wp\/v2\/pages\/126\/revisions"}],"predecessor-version":[{"id":167,"href":"https:\/\/peninsoul.com\/es\/wp-json\/wp\/v2\/pages\/126\/revisions\/167"}],"wp:attachment":[{"href":"https:\/\/peninsoul.com\/es\/wp-json\/wp\/v2\/media?parent=126"}],"curies":[{"name":"wp","href":"https:\/\/api.w.org\/{rel}","templated":true}]}}