{"id":9,"date":"2025-06-30T13:34:54","date_gmt":"2025-06-30T13:34:54","guid":{"rendered":"https:\/\/peninsoul.com\/?page_id=9"},"modified":"2025-09-08T13:02:27","modified_gmt":"2025-09-08T13:02:27","slug":"peninsoul","status":"publish","type":"page","link":"https:\/\/peninsoul.com\/en\/peninsoul\/","title":{"rendered":"Peninsoul"},"content":{"rendered":"<p data-start=\"293\" data-end=\"616\">Since 2000, <strong>Peninsoul<\/strong> We operate from Barcelona with a clear objective: to turn recycling into value. We are an internationally-minded company, specialising in the reuse and marketing of recovered paper, with a track record of <strong>more than 25 years<\/strong> which has consolidated our position as global leaders in the sector.<\/p>\n<p data-start=\"618\" data-end=\"1024\">With a plant of <strong>30,000 m\u00b2<\/strong> At La Roca del Vall\u00e8s \u2013 Barcelona, with a team of 80 highly qualified professionals, we develop commercial operations in Europe and Asia, managing more than <strong>30,000 tonnes of recovered paper per month<\/strong>. We operate with transparency, stability and our own logistical capacity, ensuring supply to our clients and maintaining relationships of trust with buyers and sellers around the world.<\/p>\n<p data-start=\"1026\" data-end=\"1400\">Our commitment to excellence has enabled us to expand our operations into new areas such as the trade in plastic and paper pulp and the management of bale stocklots using our own presses. This diversification allows us to respond swiftly to the needs of a constantly evolving market, offering efficient, sustainable and competitive solutions.<\/p>\n<p data-start=\"1402\" data-end=\"1610\">At Peninsoul we don't just recycle paper: we recycle opportunities and create the future. We are committed to a circular and responsible model, aligned with the Sustainable Development Goals and respect for the environment.<\/p>","protected":false},"excerpt":{"rendered":"<p>Des de l\u2019any 2000, Peninsoul treballa des de Barcelona amb un objectiu clar: convertir el reciclatge en valor. Som una empresa amb vocaci\u00f3 internacional, especialitzada en la reutilitzaci\u00f3 i comercialitzaci\u00f3 de paper recuperat, amb una traject\u00f2ria de m\u00e9s de 25 anys que ens ha consolidat com a referents globals del sector. Amb una planta de [&hellip;]<\/p>\n","protected":false},"author":1,"featured_media":33,"parent":0,"menu_order":0,"comment_status":"closed","ping_status":"closed","template":"page-qui-som.php","meta":{"_acf_changed":false,"footnotes":""},"class_list":["post-9","page","type-page","status-publish","has-post-thumbnail","hentry"],"acf":[],"yoast_head":"<!-- This site is optimized with the Yoast SEO plugin v27.1.1 - https:\/\/yoast.com\/product\/yoast-seo-wordpress\/ -->\n<title>Peninsoul - Peninsoul<\/title>\n<meta name=\"robots\" content=\"index, follow, max-snippet:-1, max-image-preview:large, max-video-preview:-1\" \/>\n<link rel=\"canonical\" href=\"https:\/\/peninsoul.com\/en\/peninsoul\/\" \/>\n<meta property=\"og:locale\" content=\"en_GB\" \/>\n<meta property=\"og:type\" content=\"article\" \/>\n<meta property=\"og:title\" content=\"Peninsoul - Peninsoul\" \/>\n<meta property=\"og:description\" content=\"Des de l\u2019any 2000, Peninsoul treballa des de Barcelona amb un objectiu clar: convertir el reciclatge en valor. Som una empresa amb vocaci\u00f3 internacional, especialitzada en la reutilitzaci\u00f3 i comercialitzaci\u00f3 de paper recuperat, amb una traject\u00f2ria de m\u00e9s de 25 anys que ens ha consolidat com a referents globals del sector. Amb una planta de [&hellip;]\" \/>\n<meta property=\"og:url\" content=\"https:\/\/peninsoul.com\/en\/peninsoul\/\" \/>\n<meta property=\"og:site_name\" content=\"Peninsoul\" \/>\n<meta property=\"article:modified_time\" content=\"2025-09-08T13:02:27+00:00\" \/>\n<meta property=\"og:image\" content=\"https:\/\/peninsoul.com\/wp-content\/uploads\/2025\/07\/empresa.jpg\" \/>\n\t<meta property=\"og:image:width\" content=\"1920\" \/>\n\t<meta property=\"og:image:height\" content=\"500\" \/>\n\t<meta property=\"og:image:type\" content=\"image\/jpeg\" \/>\n<meta name=\"twitter:card\" content=\"summary_large_image\" \/>\n<meta name=\"twitter:label1\" content=\"Estimated reading time\" \/>\n\t<meta name=\"twitter:data1\" content=\"1 minute\" \/>\n<script type=\"application\/ld+json\" class=\"yoast-schema-graph\">{\"@context\":\"https:\/\/schema.org\",\"@graph\":[{\"@type\":\"WebPage\",\"@id\":\"https:\/\/peninsoul.com\/peninsoul\/\",\"url\":\"https:\/\/peninsoul.com\/peninsoul\/\",\"name\":\"Peninsoul - Peninsoul\",\"isPartOf\":{\"@id\":\"https:\/\/peninsoul.com\/#website\"},\"primaryImageOfPage\":{\"@id\":\"https:\/\/peninsoul.com\/peninsoul\/#primaryimage\"},\"image\":{\"@id\":\"https:\/\/peninsoul.com\/peninsoul\/#primaryimage\"},\"thumbnailUrl\":\"https:\/\/peninsoul.com\/wp-content\/uploads\/2025\/07\/empresa.jpg\",\"datePublished\":\"2025-06-30T13:34:54+00:00\",\"dateModified\":\"2025-09-08T13:02:27+00:00\",\"breadcrumb\":{\"@id\":\"https:\/\/peninsoul.com\/peninsoul\/#breadcrumb\"},\"inLanguage\":\"en-GB\",\"potentialAction\":[{\"@type\":\"ReadAction\",\"target\":[\"https:\/\/peninsoul.com\/peninsoul\/\"]}]},{\"@type\":\"ImageObject\",\"inLanguage\":\"en-GB\",\"@id\":\"https:\/\/peninsoul.com\/peninsoul\/#primaryimage\",\"url\":\"https:\/\/peninsoul.com\/wp-content\/uploads\/2025\/07\/empresa.jpg\",\"contentUrl\":\"https:\/\/peninsoul.com\/wp-content\/uploads\/2025\/07\/empresa.jpg\",\"width\":1920,\"height\":500},{\"@type\":\"BreadcrumbList\",\"@id\":\"https:\/\/peninsoul.com\/peninsoul\/#breadcrumb\",\"itemListElement\":[{\"@type\":\"ListItem\",\"position\":1,\"name\":\"Inici\",\"item\":\"https:\/\/peninsoul.com\/\"},{\"@type\":\"ListItem\",\"position\":2,\"name\":\"Peninsoul\"}]},{\"@type\":\"WebSite\",\"@id\":\"https:\/\/peninsoul.com\/#website\",\"url\":\"https:\/\/peninsoul.com\/\",\"name\":\"Peninsoul\",\"description\":\"Reciclar, transformar i connectar amb el m\u00f3n.\",\"potentialAction\":[{\"@type\":\"SearchAction\",\"target\":{\"@type\":\"EntryPoint\",\"urlTemplate\":\"https:\/\/peninsoul.com\/?s={search_term_string}\"},\"query-input\":{\"@type\":\"PropertyValueSpecification\",\"valueRequired\":true,\"valueName\":\"search_term_string\"}}],\"inLanguage\":\"en-GB\"}]}<\/script>\n<!-- \/ Yoast SEO plugin. -->","yoast_head_json":{"title":"Peninsoul - Peninsoul","robots":{"index":"index","follow":"follow","max-snippet":"max-snippet:-1","max-image-preview":"max-image-preview:large","max-video-preview":"max-video-preview:-1"},"canonical":"https:\/\/peninsoul.com\/en\/peninsoul\/","og_locale":"en_GB","og_type":"article","og_title":"Peninsoul - Peninsoul","og_description":"Des de l\u2019any 2000, Peninsoul treballa des de Barcelona amb un objectiu clar: convertir el reciclatge en valor. Som una empresa amb vocaci\u00f3 internacional, especialitzada en la reutilitzaci\u00f3 i comercialitzaci\u00f3 de paper recuperat, amb una traject\u00f2ria de m\u00e9s de 25 anys que ens ha consolidat com a referents globals del sector. Amb una planta de [&hellip;]","og_url":"https:\/\/peninsoul.com\/en\/peninsoul\/","og_site_name":"Peninsoul","article_modified_time":"2025-09-08T13:02:27+00:00","og_image":[{"width":1920,"height":500,"url":"https:\/\/peninsoul.com\/wp-content\/uploads\/2025\/07\/empresa.jpg","type":"image\/jpeg"}],"twitter_card":"summary_large_image","twitter_misc":{"Estimated reading time":"1 minute"},"schema":{"@context":"https:\/\/schema.org","@graph":[{"@type":"WebPage","@id":"https:\/\/peninsoul.com\/peninsoul\/","url":"https:\/\/peninsoul.com\/peninsoul\/","name":"Peninsoul - Peninsoul","isPartOf":{"@id":"https:\/\/peninsoul.com\/#website"},"primaryImageOfPage":{"@id":"https:\/\/peninsoul.com\/peninsoul\/#primaryimage"},"image":{"@id":"https:\/\/peninsoul.com\/peninsoul\/#primaryimage"},"thumbnailUrl":"https:\/\/peninsoul.com\/wp-content\/uploads\/2025\/07\/empresa.jpg","datePublished":"2025-06-30T13:34:54+00:00","dateModified":"2025-09-08T13:02:27+00:00","breadcrumb":{"@id":"https:\/\/peninsoul.com\/peninsoul\/#breadcrumb"},"inLanguage":"en-GB","potentialAction":[{"@type":"ReadAction","target":["https:\/\/peninsoul.com\/peninsoul\/"]}]},{"@type":"ImageObject","inLanguage":"en-GB","@id":"https:\/\/peninsoul.com\/peninsoul\/#primaryimage","url":"https:\/\/peninsoul.com\/wp-content\/uploads\/2025\/07\/empresa.jpg","contentUrl":"https:\/\/peninsoul.com\/wp-content\/uploads\/2025\/07\/empresa.jpg","width":1920,"height":500},{"@type":"BreadcrumbList","@id":"https:\/\/peninsoul.com\/peninsoul\/#breadcrumb","itemListElement":[{"@type":"ListItem","position":1,"name":"Inici","item":"https:\/\/peninsoul.com\/"},{"@type":"ListItem","position":2,"name":"Peninsoul"}]},{"@type":"WebSite","@id":"https:\/\/peninsoul.com\/#website","url":"https:\/\/peninsoul.com\/","name":"Peninsoul","description":"Recycle, transform and connect with the world.","potentialAction":[{"@type":"SearchAction","target":{"@type":"EntryPoint","urlTemplate":"https:\/\/peninsoul.com\/?s={search_term_string}"},"query-input":{"@type":"PropertyValueSpecification","valueRequired":true,"valueName":"search_term_string"}}],"inLanguage":"en-GB"}]}},"_links":{"self":[{"href":"https:\/\/peninsoul.com\/en\/wp-json\/wp\/v2\/pages\/9","targetHints":{"allow":["GET"]}}],"collection":[{"href":"https:\/\/peninsoul.com\/en\/wp-json\/wp\/v2\/pages"}],"about":[{"href":"https:\/\/peninsoul.com\/en\/wp-json\/wp\/v2\/types\/page"}],"author":[{"embeddable":true,"href":"https:\/\/peninsoul.com\/en\/wp-json\/wp\/v2\/users\/1"}],"replies":[{"embeddable":true,"href":"https:\/\/peninsoul.com\/en\/wp-json\/wp\/v2\/comments?post=9"}],"version-history":[{"count":11,"href":"https:\/\/peninsoul.com\/en\/wp-json\/wp\/v2\/pages\/9\/revisions"}],"predecessor-version":[{"id":140,"href":"https:\/\/peninsoul.com\/en\/wp-json\/wp\/v2\/pages\/9\/revisions\/140"}],"wp:featuredmedia":[{"embeddable":true,"href":"https:\/\/peninsoul.com\/en\/wp-json\/wp\/v2\/media\/33"}],"wp:attachment":[{"href":"https:\/\/peninsoul.com\/en\/wp-json\/wp\/v2\/media?parent=9"}],"curies":[{"name":"wp","href":"https:\/\/api.w.org\/{rel}","templated":true}]}}