{"id":70,"date":"2025-07-02T09:29:45","date_gmt":"2025-07-02T09:29:45","guid":{"rendered":"https:\/\/peninsoul.com\/?page_id=70"},"modified":"2025-09-08T12:58:28","modified_gmt":"2025-09-08T12:58:28","slug":"corporate-social-responsibility","status":"publish","type":"page","link":"https:\/\/peninsoul.com\/en\/responsabilitat-social-corporativa\/","title":{"rendered":"Corporate Social Responsibility"},"content":{"rendered":"<p data-start=\"217\" data-end=\"379\">At Peninsoul we believe that progress is only real when it is shared. That's why, <strong data-start=\"294\" data-end=\"378\">Solidarity and social responsibility are part of our corporate DNA.<\/strong>.<\/p>\n<p data-start=\"381\" data-end=\"860\">Every year, we collaborate with <strong data-start=\"472\" data-end=\"533\">The Social Work of Sant Joan de D\u00e9u Hospital in Barcelona<\/strong>, a non-profit organisation working to improve the lives of the most vulnerable groups. This initiative is part of our commitment to people and the territory, and we are proud to be able to contribute actively to the work of one of the most important international cooperation organisations.<\/p>\n<p data-start=\"862\" data-end=\"881\">Furthermore, at Peninsoul:<\/p>\n<ul data-start=\"883\" data-end=\"1276\">\n<li data-start=\"883\" data-end=\"983\">\n<p data-start=\"885\" data-end=\"983\"><strong data-start=\"885\" data-end=\"918\">We take part in social actions.<\/strong> in the area of influence of our plant in La Roca del Vall\u00e8s.<\/p>\n<\/li>\n<li data-start=\"984\" data-end=\"1137\">\n<p data-start=\"986\" data-end=\"1137\"><strong data-start=\"986\" data-end=\"1076\">We support programmes that promote the employment inclusion of people with disabilities.<\/strong>, offering real opportunities for integration into the world of work.<\/p>\n<\/li>\n<li data-start=\"1138\" data-end=\"1276\">\n<p data-start=\"1140\" data-end=\"1276\"><strong data-start=\"1140\" data-end=\"1190\">We encourage the active involvement of our team.<\/strong> in solidarity initiatives, promoting a corporate culture committed to the common good.<\/p>\n<\/li>\n<\/ul>\n<p data-start=\"1278\" data-end=\"1387\">Our commitment goes beyond recycling: we work for a <strong data-start=\"1344\" data-end=\"1386\">A more human, inclusive and responsible future<\/strong>.<\/p>","protected":false},"excerpt":{"rendered":"<p>A Peninsoul creiem que el progr\u00e9s nom\u00e9s \u00e9s real quan \u00e9s compartit. Per aix\u00f2, la solidaritat i la responsabilitat social formen part del nostre ADN corporatiu. Cada any, col\u00b7laborem amb l\u2019Obra Social de l\u2019Hospital Sant Joan de D\u00e9u de Barcelona, una entitat sense \u00e0nim de lucre que treballa per millorar la vida dels col\u00b7lectius m\u00e9s [&hellip;]<\/p>\n","protected":false},"author":1,"featured_media":72,"parent":0,"menu_order":0,"comment_status":"closed","ping_status":"closed","template":"","meta":{"_acf_changed":false,"footnotes":""},"class_list":["post-70","page","type-page","status-publish","has-post-thumbnail","hentry"],"acf":[],"yoast_head":"<!-- This site is optimized with the Yoast SEO plugin v27.1.1 - https:\/\/yoast.com\/product\/yoast-seo-wordpress\/ -->\n<title>Responsabilitat Social Corporativa - Peninsoul<\/title>\n<meta name=\"robots\" content=\"index, follow, max-snippet:-1, max-image-preview:large, max-video-preview:-1\" \/>\n<link rel=\"canonical\" href=\"https:\/\/peninsoul.com\/en\/corporate-social-responsibility\/\" \/>\n<meta property=\"og:locale\" content=\"en_GB\" \/>\n<meta property=\"og:type\" content=\"article\" \/>\n<meta property=\"og:title\" content=\"Responsabilitat Social Corporativa - Peninsoul\" \/>\n<meta property=\"og:description\" content=\"A Peninsoul creiem que el progr\u00e9s nom\u00e9s \u00e9s real quan \u00e9s compartit. Per aix\u00f2, la solidaritat i la responsabilitat social formen part del nostre ADN corporatiu. Cada any, col\u00b7laborem amb l\u2019Obra Social de l\u2019Hospital Sant Joan de D\u00e9u de Barcelona, una entitat sense \u00e0nim de lucre que treballa per millorar la vida dels col\u00b7lectius m\u00e9s [&hellip;]\" \/>\n<meta property=\"og:url\" content=\"https:\/\/peninsoul.com\/en\/corporate-social-responsibility\/\" \/>\n<meta property=\"og:site_name\" content=\"Peninsoul\" \/>\n<meta property=\"article:modified_time\" content=\"2025-09-08T12:58:28+00:00\" \/>\n<meta property=\"og:image\" content=\"https:\/\/peninsoul.com\/wp-content\/uploads\/2025\/07\/responsabilitat.jpg\" \/>\n\t<meta property=\"og:image:width\" content=\"1920\" \/>\n\t<meta property=\"og:image:height\" content=\"500\" \/>\n\t<meta property=\"og:image:type\" content=\"image\/jpeg\" \/>\n<meta name=\"twitter:card\" content=\"summary_large_image\" \/>\n<meta name=\"twitter:label1\" content=\"Estimated reading time\" \/>\n\t<meta name=\"twitter:data1\" content=\"1 minute\" \/>\n<script type=\"application\/ld+json\" class=\"yoast-schema-graph\">{\"@context\":\"https:\/\/schema.org\",\"@graph\":[{\"@type\":\"WebPage\",\"@id\":\"https:\/\/peninsoul.com\/responsabilitat-social-corporativa\/\",\"url\":\"https:\/\/peninsoul.com\/responsabilitat-social-corporativa\/\",\"name\":\"Responsabilitat Social Corporativa - Peninsoul\",\"isPartOf\":{\"@id\":\"https:\/\/peninsoul.com\/#website\"},\"primaryImageOfPage\":{\"@id\":\"https:\/\/peninsoul.com\/responsabilitat-social-corporativa\/#primaryimage\"},\"image\":{\"@id\":\"https:\/\/peninsoul.com\/responsabilitat-social-corporativa\/#primaryimage\"},\"thumbnailUrl\":\"https:\/\/peninsoul.com\/wp-content\/uploads\/2025\/07\/responsabilitat.jpg\",\"datePublished\":\"2025-07-02T09:29:45+00:00\",\"dateModified\":\"2025-09-08T12:58:28+00:00\",\"breadcrumb\":{\"@id\":\"https:\/\/peninsoul.com\/responsabilitat-social-corporativa\/#breadcrumb\"},\"inLanguage\":\"en-GB\",\"potentialAction\":[{\"@type\":\"ReadAction\",\"target\":[\"https:\/\/peninsoul.com\/responsabilitat-social-corporativa\/\"]}]},{\"@type\":\"ImageObject\",\"inLanguage\":\"en-GB\",\"@id\":\"https:\/\/peninsoul.com\/responsabilitat-social-corporativa\/#primaryimage\",\"url\":\"https:\/\/peninsoul.com\/wp-content\/uploads\/2025\/07\/responsabilitat.jpg\",\"contentUrl\":\"https:\/\/peninsoul.com\/wp-content\/uploads\/2025\/07\/responsabilitat.jpg\",\"width\":1920,\"height\":500},{\"@type\":\"BreadcrumbList\",\"@id\":\"https:\/\/peninsoul.com\/responsabilitat-social-corporativa\/#breadcrumb\",\"itemListElement\":[{\"@type\":\"ListItem\",\"position\":1,\"name\":\"Inici\",\"item\":\"https:\/\/peninsoul.com\/\"},{\"@type\":\"ListItem\",\"position\":2,\"name\":\"Responsabilitat Social Corporativa\"}]},{\"@type\":\"WebSite\",\"@id\":\"https:\/\/peninsoul.com\/#website\",\"url\":\"https:\/\/peninsoul.com\/\",\"name\":\"Peninsoul\",\"description\":\"Reciclar, transformar i connectar amb el m\u00f3n.\",\"potentialAction\":[{\"@type\":\"SearchAction\",\"target\":{\"@type\":\"EntryPoint\",\"urlTemplate\":\"https:\/\/peninsoul.com\/?s={search_term_string}\"},\"query-input\":{\"@type\":\"PropertyValueSpecification\",\"valueRequired\":true,\"valueName\":\"search_term_string\"}}],\"inLanguage\":\"en-GB\"}]}<\/script>\n<!-- \/ Yoast SEO plugin. -->","yoast_head_json":{"title":"Corporate Social Responsibility - Peninsoul","robots":{"index":"index","follow":"follow","max-snippet":"max-snippet:-1","max-image-preview":"max-image-preview:large","max-video-preview":"max-video-preview:-1"},"canonical":"https:\/\/peninsoul.com\/en\/corporate-social-responsibility\/","og_locale":"en_GB","og_type":"article","og_title":"Responsabilitat Social Corporativa - Peninsoul","og_description":"A Peninsoul creiem que el progr\u00e9s nom\u00e9s \u00e9s real quan \u00e9s compartit. Per aix\u00f2, la solidaritat i la responsabilitat social formen part del nostre ADN corporatiu. Cada any, col\u00b7laborem amb l\u2019Obra Social de l\u2019Hospital Sant Joan de D\u00e9u de Barcelona, una entitat sense \u00e0nim de lucre que treballa per millorar la vida dels col\u00b7lectius m\u00e9s [&hellip;]","og_url":"https:\/\/peninsoul.com\/en\/corporate-social-responsibility\/","og_site_name":"Peninsoul","article_modified_time":"2025-09-08T12:58:28+00:00","og_image":[{"width":1920,"height":500,"url":"https:\/\/peninsoul.com\/wp-content\/uploads\/2025\/07\/responsabilitat.jpg","type":"image\/jpeg"}],"twitter_card":"summary_large_image","twitter_misc":{"Estimated reading time":"1 minute"},"schema":{"@context":"https:\/\/schema.org","@graph":[{"@type":"WebPage","@id":"https:\/\/peninsoul.com\/responsabilitat-social-corporativa\/","url":"https:\/\/peninsoul.com\/responsabilitat-social-corporativa\/","name":"Corporate Social Responsibility - Peninsoul","isPartOf":{"@id":"https:\/\/peninsoul.com\/#website"},"primaryImageOfPage":{"@id":"https:\/\/peninsoul.com\/responsabilitat-social-corporativa\/#primaryimage"},"image":{"@id":"https:\/\/peninsoul.com\/responsabilitat-social-corporativa\/#primaryimage"},"thumbnailUrl":"https:\/\/peninsoul.com\/wp-content\/uploads\/2025\/07\/responsabilitat.jpg","datePublished":"2025-07-02T09:29:45+00:00","dateModified":"2025-09-08T12:58:28+00:00","breadcrumb":{"@id":"https:\/\/peninsoul.com\/responsabilitat-social-corporativa\/#breadcrumb"},"inLanguage":"en-GB","potentialAction":[{"@type":"ReadAction","target":["https:\/\/peninsoul.com\/responsabilitat-social-corporativa\/"]}]},{"@type":"ImageObject","inLanguage":"en-GB","@id":"https:\/\/peninsoul.com\/responsabilitat-social-corporativa\/#primaryimage","url":"https:\/\/peninsoul.com\/wp-content\/uploads\/2025\/07\/responsabilitat.jpg","contentUrl":"https:\/\/peninsoul.com\/wp-content\/uploads\/2025\/07\/responsabilitat.jpg","width":1920,"height":500},{"@type":"BreadcrumbList","@id":"https:\/\/peninsoul.com\/responsabilitat-social-corporativa\/#breadcrumb","itemListElement":[{"@type":"ListItem","position":1,"name":"Inici","item":"https:\/\/peninsoul.com\/"},{"@type":"ListItem","position":2,"name":"Responsabilitat Social Corporativa"}]},{"@type":"WebSite","@id":"https:\/\/peninsoul.com\/#website","url":"https:\/\/peninsoul.com\/","name":"Peninsoul","description":"Recycle, transform and connect with the world.","potentialAction":[{"@type":"SearchAction","target":{"@type":"EntryPoint","urlTemplate":"https:\/\/peninsoul.com\/?s={search_term_string}"},"query-input":{"@type":"PropertyValueSpecification","valueRequired":true,"valueName":"search_term_string"}}],"inLanguage":"en-GB"}]}},"_links":{"self":[{"href":"https:\/\/peninsoul.com\/en\/wp-json\/wp\/v2\/pages\/70","targetHints":{"allow":["GET"]}}],"collection":[{"href":"https:\/\/peninsoul.com\/en\/wp-json\/wp\/v2\/pages"}],"about":[{"href":"https:\/\/peninsoul.com\/en\/wp-json\/wp\/v2\/types\/page"}],"author":[{"embeddable":true,"href":"https:\/\/peninsoul.com\/en\/wp-json\/wp\/v2\/users\/1"}],"replies":[{"embeddable":true,"href":"https:\/\/peninsoul.com\/en\/wp-json\/wp\/v2\/comments?post=70"}],"version-history":[{"count":3,"href":"https:\/\/peninsoul.com\/en\/wp-json\/wp\/v2\/pages\/70\/revisions"}],"predecessor-version":[{"id":139,"href":"https:\/\/peninsoul.com\/en\/wp-json\/wp\/v2\/pages\/70\/revisions\/139"}],"wp:featuredmedia":[{"embeddable":true,"href":"https:\/\/peninsoul.com\/en\/wp-json\/wp\/v2\/media\/72"}],"wp:attachment":[{"href":"https:\/\/peninsoul.com\/en\/wp-json\/wp\/v2\/media?parent=70"}],"curies":[{"name":"wp","href":"https:\/\/api.w.org\/{rel}","templated":true}]}}