{"id":39,"date":"2025-07-01T11:40:14","date_gmt":"2025-07-01T11:40:14","guid":{"rendered":"https:\/\/peninsoul.com\/?page_id=39"},"modified":"2025-09-08T13:06:36","modified_gmt":"2025-09-08T13:06:36","slug":"that-differentiates-us","status":"publish","type":"page","link":"https:\/\/peninsoul.com\/en\/que-ens-diferencia\/","title":{"rendered":"What sets us apart?"},"content":{"rendered":"<p data-start=\"219\" data-end=\"584\">A <strong>Peninsoul<\/strong> We understand recycling and the marketing of paper not only as an industrial activity, but as a commitment to quality, efficiency and the sustainable future of our environment. What really sets us apart is not just the volume of tonnes we handle each month, but <strong data-start=\"508\" data-end=\"583\">the way we do it, with rigour, innovation and a long-term perspective<\/strong>.<\/p>\n<p data-start=\"586\" data-end=\"945\">With over 25 years of experience, we have built a solid network of trusted relationships with suppliers and clients both nationally and internationally. We are firmly committed to <strong data-start=\"762\" data-end=\"845\">proximity, adaptability and technology as drivers of continuous improvement<\/strong>, and we strive every day to bring real value to the recovered paper supply chain.<\/p>\n<p data-start=\"947\" data-end=\"1288\">From the receipt of materials to their export, every process is designed to optimise results, reduce incidents and ensure traceability. This approach has enabled us to establish ourselves as a benchmark in the sector, maintaining a <strong data-start=\"1197\" data-end=\"1287\">Balance between industrial growth, environmental responsibility and quality of service<\/strong>.<\/p>\n<p data-start=\"1290\" data-end=\"1326\">These are our strengths:<\/p>","protected":false},"excerpt":{"rendered":"<p>A Peninsoul entenem el reciclatge i la comercialitzaci\u00f3 de paper no nom\u00e9s com una activitat industrial, sin\u00f3 com un comprom\u00eds amb la qualitat, l\u2019efici\u00e8ncia i el futur sostenible del nostre entorn. El que realment ens fa diferents no \u00e9s nom\u00e9s el volum de tones que gestionem cada mes, sin\u00f3 la manera com ho fem, amb [&hellip;]<\/p>\n","protected":false},"author":1,"featured_media":42,"parent":0,"menu_order":0,"comment_status":"closed","ping_status":"closed","template":"","meta":{"_acf_changed":false,"footnotes":""},"class_list":["post-39","page","type-page","status-publish","has-post-thumbnail","hentry"],"acf":[],"yoast_head":"<!-- This site is optimized with the Yoast SEO plugin v27.1.1 - https:\/\/yoast.com\/product\/yoast-seo-wordpress\/ -->\n<title>Qu\u00e8 ens diferencia? - Peninsoul<\/title>\n<meta name=\"robots\" content=\"index, follow, max-snippet:-1, max-image-preview:large, max-video-preview:-1\" \/>\n<link rel=\"canonical\" href=\"https:\/\/peninsoul.com\/en\/that-differentiates-us\/\" \/>\n<meta property=\"og:locale\" content=\"en_GB\" \/>\n<meta property=\"og:type\" content=\"article\" \/>\n<meta property=\"og:title\" content=\"Qu\u00e8 ens diferencia? - Peninsoul\" \/>\n<meta property=\"og:description\" content=\"A Peninsoul entenem el reciclatge i la comercialitzaci\u00f3 de paper no nom\u00e9s com una activitat industrial, sin\u00f3 com un comprom\u00eds amb la qualitat, l\u2019efici\u00e8ncia i el futur sostenible del nostre entorn. El que realment ens fa diferents no \u00e9s nom\u00e9s el volum de tones que gestionem cada mes, sin\u00f3 la manera com ho fem, amb [&hellip;]\" \/>\n<meta property=\"og:url\" content=\"https:\/\/peninsoul.com\/en\/that-differentiates-us\/\" \/>\n<meta property=\"og:site_name\" content=\"Peninsoul\" \/>\n<meta property=\"article:modified_time\" content=\"2025-09-08T13:06:36+00:00\" \/>\n<meta property=\"og:image\" content=\"https:\/\/peninsoul.com\/wp-content\/uploads\/2025\/07\/diferencies.jpg\" \/>\n\t<meta property=\"og:image:width\" content=\"1920\" \/>\n\t<meta property=\"og:image:height\" content=\"500\" \/>\n\t<meta property=\"og:image:type\" content=\"image\/jpeg\" \/>\n<meta name=\"twitter:card\" content=\"summary_large_image\" \/>\n<meta name=\"twitter:label1\" content=\"Estimated reading time\" \/>\n\t<meta name=\"twitter:data1\" content=\"1 minute\" \/>\n<script type=\"application\/ld+json\" class=\"yoast-schema-graph\">{\"@context\":\"https:\/\/schema.org\",\"@graph\":[{\"@type\":\"WebPage\",\"@id\":\"https:\/\/peninsoul.com\/que-ens-diferencia\/\",\"url\":\"https:\/\/peninsoul.com\/que-ens-diferencia\/\",\"name\":\"Qu\u00e8 ens diferencia? - Peninsoul\",\"isPartOf\":{\"@id\":\"https:\/\/peninsoul.com\/#website\"},\"primaryImageOfPage\":{\"@id\":\"https:\/\/peninsoul.com\/que-ens-diferencia\/#primaryimage\"},\"image\":{\"@id\":\"https:\/\/peninsoul.com\/que-ens-diferencia\/#primaryimage\"},\"thumbnailUrl\":\"https:\/\/peninsoul.com\/wp-content\/uploads\/2025\/07\/diferencies.jpg\",\"datePublished\":\"2025-07-01T11:40:14+00:00\",\"dateModified\":\"2025-09-08T13:06:36+00:00\",\"breadcrumb\":{\"@id\":\"https:\/\/peninsoul.com\/que-ens-diferencia\/#breadcrumb\"},\"inLanguage\":\"en-GB\",\"potentialAction\":[{\"@type\":\"ReadAction\",\"target\":[\"https:\/\/peninsoul.com\/que-ens-diferencia\/\"]}]},{\"@type\":\"ImageObject\",\"inLanguage\":\"en-GB\",\"@id\":\"https:\/\/peninsoul.com\/que-ens-diferencia\/#primaryimage\",\"url\":\"https:\/\/peninsoul.com\/wp-content\/uploads\/2025\/07\/diferencies.jpg\",\"contentUrl\":\"https:\/\/peninsoul.com\/wp-content\/uploads\/2025\/07\/diferencies.jpg\",\"width\":1920,\"height\":500},{\"@type\":\"BreadcrumbList\",\"@id\":\"https:\/\/peninsoul.com\/que-ens-diferencia\/#breadcrumb\",\"itemListElement\":[{\"@type\":\"ListItem\",\"position\":1,\"name\":\"Inici\",\"item\":\"https:\/\/peninsoul.com\/\"},{\"@type\":\"ListItem\",\"position\":2,\"name\":\"Qu\u00e8 ens diferencia?\"}]},{\"@type\":\"WebSite\",\"@id\":\"https:\/\/peninsoul.com\/#website\",\"url\":\"https:\/\/peninsoul.com\/\",\"name\":\"Peninsoul\",\"description\":\"Reciclar, transformar i connectar amb el m\u00f3n.\",\"potentialAction\":[{\"@type\":\"SearchAction\",\"target\":{\"@type\":\"EntryPoint\",\"urlTemplate\":\"https:\/\/peninsoul.com\/?s={search_term_string}\"},\"query-input\":{\"@type\":\"PropertyValueSpecification\",\"valueRequired\":true,\"valueName\":\"search_term_string\"}}],\"inLanguage\":\"en-GB\"}]}<\/script>\n<!-- \/ Yoast SEO plugin. -->","yoast_head_json":{"title":"What sets us apart? - Peninsoul","robots":{"index":"index","follow":"follow","max-snippet":"max-snippet:-1","max-image-preview":"max-image-preview:large","max-video-preview":"max-video-preview:-1"},"canonical":"https:\/\/peninsoul.com\/en\/that-differentiates-us\/","og_locale":"en_GB","og_type":"article","og_title":"Qu\u00e8 ens diferencia? - Peninsoul","og_description":"A Peninsoul entenem el reciclatge i la comercialitzaci\u00f3 de paper no nom\u00e9s com una activitat industrial, sin\u00f3 com un comprom\u00eds amb la qualitat, l\u2019efici\u00e8ncia i el futur sostenible del nostre entorn. El que realment ens fa diferents no \u00e9s nom\u00e9s el volum de tones que gestionem cada mes, sin\u00f3 la manera com ho fem, amb [&hellip;]","og_url":"https:\/\/peninsoul.com\/en\/that-differentiates-us\/","og_site_name":"Peninsoul","article_modified_time":"2025-09-08T13:06:36+00:00","og_image":[{"width":1920,"height":500,"url":"https:\/\/peninsoul.com\/wp-content\/uploads\/2025\/07\/diferencies.jpg","type":"image\/jpeg"}],"twitter_card":"summary_large_image","twitter_misc":{"Estimated reading time":"1 minute"},"schema":{"@context":"https:\/\/schema.org","@graph":[{"@type":"WebPage","@id":"https:\/\/peninsoul.com\/que-ens-diferencia\/","url":"https:\/\/peninsoul.com\/que-ens-diferencia\/","name":"What sets us apart? - Peninsoul","isPartOf":{"@id":"https:\/\/peninsoul.com\/#website"},"primaryImageOfPage":{"@id":"https:\/\/peninsoul.com\/que-ens-diferencia\/#primaryimage"},"image":{"@id":"https:\/\/peninsoul.com\/que-ens-diferencia\/#primaryimage"},"thumbnailUrl":"https:\/\/peninsoul.com\/wp-content\/uploads\/2025\/07\/diferencies.jpg","datePublished":"2025-07-01T11:40:14+00:00","dateModified":"2025-09-08T13:06:36+00:00","breadcrumb":{"@id":"https:\/\/peninsoul.com\/que-ens-diferencia\/#breadcrumb"},"inLanguage":"en-GB","potentialAction":[{"@type":"ReadAction","target":["https:\/\/peninsoul.com\/que-ens-diferencia\/"]}]},{"@type":"ImageObject","inLanguage":"en-GB","@id":"https:\/\/peninsoul.com\/que-ens-diferencia\/#primaryimage","url":"https:\/\/peninsoul.com\/wp-content\/uploads\/2025\/07\/diferencies.jpg","contentUrl":"https:\/\/peninsoul.com\/wp-content\/uploads\/2025\/07\/diferencies.jpg","width":1920,"height":500},{"@type":"BreadcrumbList","@id":"https:\/\/peninsoul.com\/que-ens-diferencia\/#breadcrumb","itemListElement":[{"@type":"ListItem","position":1,"name":"Inici","item":"https:\/\/peninsoul.com\/"},{"@type":"ListItem","position":2,"name":"Qu\u00e8 ens diferencia?"}]},{"@type":"WebSite","@id":"https:\/\/peninsoul.com\/#website","url":"https:\/\/peninsoul.com\/","name":"Peninsoul","description":"Recycle, transform and connect with the world.","potentialAction":[{"@type":"SearchAction","target":{"@type":"EntryPoint","urlTemplate":"https:\/\/peninsoul.com\/?s={search_term_string}"},"query-input":{"@type":"PropertyValueSpecification","valueRequired":true,"valueName":"search_term_string"}}],"inLanguage":"en-GB"}]}},"_links":{"self":[{"href":"https:\/\/peninsoul.com\/en\/wp-json\/wp\/v2\/pages\/39","targetHints":{"allow":["GET"]}}],"collection":[{"href":"https:\/\/peninsoul.com\/en\/wp-json\/wp\/v2\/pages"}],"about":[{"href":"https:\/\/peninsoul.com\/en\/wp-json\/wp\/v2\/types\/page"}],"author":[{"embeddable":true,"href":"https:\/\/peninsoul.com\/en\/wp-json\/wp\/v2\/users\/1"}],"replies":[{"embeddable":true,"href":"https:\/\/peninsoul.com\/en\/wp-json\/wp\/v2\/comments?post=39"}],"version-history":[{"count":10,"href":"https:\/\/peninsoul.com\/en\/wp-json\/wp\/v2\/pages\/39\/revisions"}],"predecessor-version":[{"id":141,"href":"https:\/\/peninsoul.com\/en\/wp-json\/wp\/v2\/pages\/39\/revisions\/141"}],"wp:featuredmedia":[{"embeddable":true,"href":"https:\/\/peninsoul.com\/en\/wp-json\/wp\/v2\/media\/42"}],"wp:attachment":[{"href":"https:\/\/peninsoul.com\/en\/wp-json\/wp\/v2\/media?parent=39"}],"curies":[{"name":"wp","href":"https:\/\/api.w.org\/{rel}","templated":true}]}}