{"id":162,"date":"2026-03-10T13:15:33","date_gmt":"2026-03-10T13:15:33","guid":{"rendered":"https:\/\/peninsoul.com\/?page_id=162"},"modified":"2026-03-10T13:19:20","modified_gmt":"2026-03-10T13:19:20","slug":"legal-notice","status":"publish","type":"page","link":"https:\/\/peninsoul.com\/en\/avis-legal\/","title":{"rendered":"Legal notice"},"content":{"rendered":"<h3 data-section-id=\"1vt3ifa\" data-start=\"392\" data-end=\"419\">1. Identifying data<\/h3>\n<p data-start=\"421\" data-end=\"618\">In compliance with the information duty set out in Article 10 of the <strong data-start=\"492\" data-end=\"602\">Law 34\/2002 of 11 July on Information Society Services and Electronic Commerce (LSSI-CE)<\/strong>, it is reported that:<\/p>\n<p data-start=\"620\" data-end=\"872\">Peninsoul, SL (hereinafter, the <strong data-start=\"651\" data-end=\"664\">Lender<\/strong>), with <strong data-start=\"671\" data-end=\"688\">Tax Identification Number B62170113<\/strong> and registered office at <strong data-start=\"709\" data-end=\"790\">C. Albert Einstein, Can Jorn Industrial Estate, 08430 La Roca del Vall\u00e8s (Barcelona)<\/strong>, is the website's headline <strong data-start=\"819\" data-end=\"840\"><a class=\"decorated-link\" href=\"https:\/\/peninsoul.com\/en\/\" target=\"_new\" rel=\"noopener\" data-start=\"821\" data-end=\"838\">www.peninsoul.com<\/a><\/strong> (hereinafter, the <strong data-start=\"858\" data-end=\"870\">website<\/strong>).<\/p>\n<hr data-start=\"874\" data-end=\"877\" \/>\n<h3 data-section-id=\"1i0yn8p\" data-start=\"879\" data-end=\"892\">2. Object<\/h3>\n<p data-start=\"894\" data-end=\"969\">This legal notice governs access to and use of the website. <a class=\"decorated-link\" href=\"https:\/\/peninsoul.com\/en\/\" target=\"_new\" rel=\"noopener\" data-start=\"951\" data-end=\"968\">www.peninsoul.com<\/a>.<\/p>\n<p data-start=\"971\" data-end=\"1130\">Navigating the website confers user status and implies full and unreserved acceptance of all the provisions contained in this legal notice.<\/p>\n<p data-start=\"1132\" data-end=\"1341\">The Provider reserves the right to modify any information that may appear on the website, without any obligation to give prior notice or inform users of such modifications.<\/p>\n<hr data-start=\"1343\" data-end=\"1346\" \/>\n<h3 data-section-id=\"8mzejp\" data-start=\"1348\" data-end=\"1369\">3. Terms of Use<\/h3>\n<p data-start=\"1371\" data-end=\"1511\">The user undertakes to make appropriate use of the website and its contents, in accordance with applicable law, good faith and public order.<\/p>\n<p data-start=\"1513\" data-end=\"1528\">It is prohibited:<\/p>\n<ul data-start=\"1530\" data-end=\"1790\">\n<li data-section-id=\"13wkhvz\" data-start=\"1530\" data-end=\"1611\">\n<p data-start=\"1532\" data-end=\"1611\">Use of the website for illicit purposes or in contravention of current legislation.<\/p>\n<\/li>\n<li data-section-id=\"zhcqme\" data-start=\"1612\" data-end=\"1694\">\n<p data-start=\"1614\" data-end=\"1694\">Causing damage to the physical or logical systems of the website owner or of third parties.<\/p>\n<\/li>\n<li data-section-id=\"bukula\" data-start=\"1695\" data-end=\"1790\">\n<p data-start=\"1697\" data-end=\"1790\">Introducing or spreading computer viruses or any other system capable of causing damage.<\/p>\n<\/li>\n<\/ul>\n<p data-start=\"1792\" data-end=\"1942\">The website operator reserves the right to deny or withdraw access to the website without prior notice to users who fail to comply with these conditions.<\/p>\n<hr data-start=\"1944\" data-end=\"1947\" \/>\n<h3 data-section-id=\"1k9h8dm\" data-start=\"1949\" data-end=\"1991\">4. Intellectual and industrial property<\/h3>\n<p data-start=\"1993\" data-end=\"2080\">All content of the website, including, but not limited to:<\/p>\n<ul data-start=\"2082\" data-end=\"2193\">\n<li data-section-id=\"irsfpl\" data-start=\"2082\" data-end=\"2092\">\n<p data-start=\"2084\" data-end=\"2092\">texts<\/p>\n<\/li>\n<li data-section-id=\"udhah4\" data-start=\"2093\" data-end=\"2104\">\n<p data-start=\"2095\" data-end=\"2104\">images<\/p>\n<\/li>\n<li data-section-id=\"1elsr5w\" data-start=\"2105\" data-end=\"2117\">\n<p data-start=\"2107\" data-end=\"2117\">designs<\/p>\n<\/li>\n<li data-section-id=\"1ign6ot\" data-start=\"2118\" data-end=\"2130\">\n<p data-start=\"2120\" data-end=\"2130\">logos<\/p>\n<\/li>\n<li data-section-id=\"v9zodg\" data-start=\"2131\" data-end=\"2142\">\n<p data-start=\"2133\" data-end=\"2142\">marks<\/p>\n<\/li>\n<li data-section-id=\"16jjtgn\" data-start=\"2143\" data-end=\"2155\">\n<p data-start=\"2145\" data-end=\"2155\">software<\/p>\n<\/li>\n<li data-section-id=\"1eibwm3\" data-start=\"2156\" data-end=\"2193\">\n<p data-start=\"2158\" data-end=\"2193\">Website structure and design<\/p>\n<\/li>\n<\/ul>\n<p data-start=\"2195\" data-end=\"2276\">are owned by the holder or have the necessary licences for their use.<\/p>\n<p data-start=\"2278\" data-end=\"2420\">Reproduction, distribution or public communication, in whole or in part, of the contents is prohibited without the express authorisation of the rights holder.<\/p>\n<hr data-start=\"2422\" data-end=\"2425\" \/>\n<h3 data-section-id=\"1vrprdi\" data-start=\"2427\" data-end=\"2448\">5. Responsibility<\/h3>\n<p data-start=\"2450\" data-end=\"2634\">The Provider disclaims any liability arising from information published on the website, provided that such information has been manipulated or entered by a third party.<\/p>\n<p data-start=\"2636\" data-end=\"2772\">The website may use cookies. The user can consult information about the use of cookies in the relevant section. <strong data-start=\"2748\" data-end=\"2771\">Cookie Policy<\/strong>.<\/p>\n<hr data-start=\"2774\" data-end=\"2777\" \/>\n<h3 data-section-id=\"1wqwr9r\" data-start=\"2779\" data-end=\"2801\">6. External links<\/h3>\n<p data-start=\"2803\" data-end=\"3023\">From the website, you may be redirected to third-party content. Since the Provider cannot always control content provided by third parties, it assumes no responsibility for such content.<\/p>\n<hr data-start=\"3025\" data-end=\"3028\" \/>\n<h3 data-section-id=\"1k9zfrc\" data-start=\"3030\" data-end=\"3070\">7. Applicable law and jurisdiction<\/h3>\n<p data-start=\"3072\" data-end=\"3157\">The relationship between the Lender and the user shall be governed by the applicable Spanish legislation.<\/p>\n<p data-start=\"3159\" data-end=\"3315\">For the resolution of any dispute that may arise, the parties shall submit to the courts and tribunals that are competent under applicable law.<\/p>","protected":false},"excerpt":{"rendered":"<p>1. Dades identificatives En compliment amb el deure d&#8217;informaci\u00f3 recollit en l&#8217;article 10 de la Llei 34\/2002, d&#8217;11 de juliol, de Serveis de la Societat de la Informaci\u00f3 i del Comer\u00e7 Electr\u00f2nic (LSSI-CE), s&#8217;informa que: Peninsoul, SL (en endavant, el Prestador), amb NIF B62170113 i domicili social a C. Albert Einstein, Pol. Ind. C\u2019an Jorn, [&hellip;]<\/p>\n","protected":false},"author":1,"featured_media":0,"parent":0,"menu_order":0,"comment_status":"closed","ping_status":"closed","template":"page-legals.php","meta":{"_acf_changed":false,"footnotes":""},"class_list":["post-162","page","type-page","status-publish","hentry"],"acf":[],"yoast_head":"<!-- This site is optimized with the Yoast SEO plugin v27.1.1 - https:\/\/yoast.com\/product\/yoast-seo-wordpress\/ -->\n<title>Av\u00eds legal - Peninsoul<\/title>\n<meta name=\"robots\" content=\"index, follow, max-snippet:-1, max-image-preview:large, max-video-preview:-1\" \/>\n<link rel=\"canonical\" href=\"https:\/\/peninsoul.com\/en\/legal-notice\/\" \/>\n<meta property=\"og:locale\" content=\"en_GB\" \/>\n<meta property=\"og:type\" content=\"article\" \/>\n<meta property=\"og:title\" content=\"Av\u00eds legal - Peninsoul\" \/>\n<meta property=\"og:description\" content=\"1. Dades identificatives En compliment amb el deure d&#8217;informaci\u00f3 recollit en l&#8217;article 10 de la Llei 34\/2002, d&#8217;11 de juliol, de Serveis de la Societat de la Informaci\u00f3 i del Comer\u00e7 Electr\u00f2nic (LSSI-CE), s&#8217;informa que: Peninsoul, SL (en endavant, el Prestador), amb NIF B62170113 i domicili social a C. Albert Einstein, Pol. Ind. C\u2019an Jorn, [&hellip;]\" \/>\n<meta property=\"og:url\" content=\"https:\/\/peninsoul.com\/en\/legal-notice\/\" \/>\n<meta property=\"og:site_name\" content=\"Peninsoul\" \/>\n<meta property=\"article:modified_time\" content=\"2026-03-10T13:19:20+00:00\" \/>\n<meta name=\"twitter:card\" content=\"summary_large_image\" \/>\n<meta name=\"twitter:label1\" content=\"Estimated reading time\" \/>\n\t<meta name=\"twitter:data1\" content=\"2 minutes\" \/>\n<script type=\"application\/ld+json\" class=\"yoast-schema-graph\">{\"@context\":\"https:\/\/schema.org\",\"@graph\":[{\"@type\":\"WebPage\",\"@id\":\"https:\/\/peninsoul.com\/avis-legal\/\",\"url\":\"https:\/\/peninsoul.com\/avis-legal\/\",\"name\":\"Av\u00eds legal - Peninsoul\",\"isPartOf\":{\"@id\":\"https:\/\/peninsoul.com\/#website\"},\"datePublished\":\"2026-03-10T13:15:33+00:00\",\"dateModified\":\"2026-03-10T13:19:20+00:00\",\"breadcrumb\":{\"@id\":\"https:\/\/peninsoul.com\/avis-legal\/#breadcrumb\"},\"inLanguage\":\"en-GB\",\"potentialAction\":[{\"@type\":\"ReadAction\",\"target\":[\"https:\/\/peninsoul.com\/avis-legal\/\"]}]},{\"@type\":\"BreadcrumbList\",\"@id\":\"https:\/\/peninsoul.com\/avis-legal\/#breadcrumb\",\"itemListElement\":[{\"@type\":\"ListItem\",\"position\":1,\"name\":\"Inici\",\"item\":\"https:\/\/peninsoul.com\/\"},{\"@type\":\"ListItem\",\"position\":2,\"name\":\"Av\u00eds legal\"}]},{\"@type\":\"WebSite\",\"@id\":\"https:\/\/peninsoul.com\/#website\",\"url\":\"https:\/\/peninsoul.com\/\",\"name\":\"Peninsoul\",\"description\":\"Reciclar, transformar i connectar amb el m\u00f3n.\",\"potentialAction\":[{\"@type\":\"SearchAction\",\"target\":{\"@type\":\"EntryPoint\",\"urlTemplate\":\"https:\/\/peninsoul.com\/?s={search_term_string}\"},\"query-input\":{\"@type\":\"PropertyValueSpecification\",\"valueRequired\":true,\"valueName\":\"search_term_string\"}}],\"inLanguage\":\"en-GB\"}]}<\/script>\n<!-- \/ Yoast SEO plugin. -->","yoast_head_json":{"title":"Legal notice - Peninsoul","robots":{"index":"index","follow":"follow","max-snippet":"max-snippet:-1","max-image-preview":"max-image-preview:large","max-video-preview":"max-video-preview:-1"},"canonical":"https:\/\/peninsoul.com\/en\/legal-notice\/","og_locale":"en_GB","og_type":"article","og_title":"Av\u00eds legal - Peninsoul","og_description":"1. Dades identificatives En compliment amb el deure d&#8217;informaci\u00f3 recollit en l&#8217;article 10 de la Llei 34\/2002, d&#8217;11 de juliol, de Serveis de la Societat de la Informaci\u00f3 i del Comer\u00e7 Electr\u00f2nic (LSSI-CE), s&#8217;informa que: Peninsoul, SL (en endavant, el Prestador), amb NIF B62170113 i domicili social a C. Albert Einstein, Pol. Ind. C\u2019an Jorn, [&hellip;]","og_url":"https:\/\/peninsoul.com\/en\/legal-notice\/","og_site_name":"Peninsoul","article_modified_time":"2026-03-10T13:19:20+00:00","twitter_card":"summary_large_image","twitter_misc":{"Estimated reading time":"2 minutes"},"schema":{"@context":"https:\/\/schema.org","@graph":[{"@type":"WebPage","@id":"https:\/\/peninsoul.com\/avis-legal\/","url":"https:\/\/peninsoul.com\/avis-legal\/","name":"Legal notice - Peninsoul","isPartOf":{"@id":"https:\/\/peninsoul.com\/#website"},"datePublished":"2026-03-10T13:15:33+00:00","dateModified":"2026-03-10T13:19:20+00:00","breadcrumb":{"@id":"https:\/\/peninsoul.com\/avis-legal\/#breadcrumb"},"inLanguage":"en-GB","potentialAction":[{"@type":"ReadAction","target":["https:\/\/peninsoul.com\/avis-legal\/"]}]},{"@type":"BreadcrumbList","@id":"https:\/\/peninsoul.com\/avis-legal\/#breadcrumb","itemListElement":[{"@type":"ListItem","position":1,"name":"Inici","item":"https:\/\/peninsoul.com\/"},{"@type":"ListItem","position":2,"name":"Av\u00eds legal"}]},{"@type":"WebSite","@id":"https:\/\/peninsoul.com\/#website","url":"https:\/\/peninsoul.com\/","name":"Peninsoul","description":"Recycle, transform and connect with the world.","potentialAction":[{"@type":"SearchAction","target":{"@type":"EntryPoint","urlTemplate":"https:\/\/peninsoul.com\/?s={search_term_string}"},"query-input":{"@type":"PropertyValueSpecification","valueRequired":true,"valueName":"search_term_string"}}],"inLanguage":"en-GB"}]}},"_links":{"self":[{"href":"https:\/\/peninsoul.com\/en\/wp-json\/wp\/v2\/pages\/162","targetHints":{"allow":["GET"]}}],"collection":[{"href":"https:\/\/peninsoul.com\/en\/wp-json\/wp\/v2\/pages"}],"about":[{"href":"https:\/\/peninsoul.com\/en\/wp-json\/wp\/v2\/types\/page"}],"author":[{"embeddable":true,"href":"https:\/\/peninsoul.com\/en\/wp-json\/wp\/v2\/users\/1"}],"replies":[{"embeddable":true,"href":"https:\/\/peninsoul.com\/en\/wp-json\/wp\/v2\/comments?post=162"}],"version-history":[{"count":2,"href":"https:\/\/peninsoul.com\/en\/wp-json\/wp\/v2\/pages\/162\/revisions"}],"predecessor-version":[{"id":168,"href":"https:\/\/peninsoul.com\/en\/wp-json\/wp\/v2\/pages\/162\/revisions\/168"}],"wp:attachment":[{"href":"https:\/\/peninsoul.com\/en\/wp-json\/wp\/v2\/media?parent=162"}],"curies":[{"name":"wp","href":"https:\/\/api.w.org\/{rel}","templated":true}]}}