{"id":128,"date":"2025-07-03T11:41:46","date_gmt":"2025-07-03T11:41:46","guid":{"rendered":"https:\/\/peninsoul.com\/?page_id=128"},"modified":"2025-07-03T11:42:25","modified_gmt":"2025-07-03T11:42:25","slug":"integrated-quality-and-environmental-policy","status":"publish","type":"page","link":"https:\/\/peninsoul.com\/en\/politica-integrada-de-calidad-y-medio-ambiente\/","title":{"rendered":"Integrated Quality and Environmental Policy"},"content":{"rendered":"<p>The management of PENINSOUL, SL and PENINPLASTIC, S.L., in its commitment to offering and guaranteeing its clients the provision of a service of:<br \/>\n\u201cValorisation of non-hazardous waste and storage of hazardous waste until<br \/>\na capacity of 30 tonnes\u201d and \u201cCommercialisation of paper and plastic for recycling\u201d.<\/p>\n<p>Improving quality day by day, and being conscious of the importance of the environment and how industrial waste can alter it.<\/p>\n<p>The Quality and Environmental Policy of PENINSOUL, SL and PENINPLASTIC, S.L. is based on the following commitments:<\/p>\n<ol>\n<li>Commitment to comply with all requirements, whether legal, contractual or of another nature, that<br \/>\nnot applicable by reason of our activity, both in the performance of our services,<br \/>\nas in the environmental sphere of our activity, so that our conduct in no case<br \/>\nmay contravene the legal requirements and specifications established by the various administrations<br \/>\npublics.<\/li>\n<li>Commitment to carry out our work within a management environment that guarantees improvement.<br \/>\ncontinues in our process, in our methods of operation and in our relationships with the parties<br \/>\ninterested parties, through the establishment and periodic review of our quality and environmental objectives<br \/>\nenvironmental.<\/li>\n<li>Commitment to protecting the environment and our surroundings through targeted actions and measures.<br \/>\nto the prevention of any type of pollution that might arise from operations due to our<br \/>\nactivity, whether by our own work or that of our subcontractors.<\/li>\n<li>Commitment to promoting an understanding of and disseminating our quality and management policy.<br \/>\nenvironmental within our organisation, through continuous training and communication with<br \/>\nour work.<\/li>\n<li>Commitment to disseminate and promote the culture of sustainable development in the field of recycling of the<br \/>\nindustrial waste.<\/li>\n<li>Commitment to effectively control all our processes, with particular emphasis on:\n<ul>\n<li>Provide ourselves with the necessary resources, both human and technical.<\/li>\n<li>Quality of our products and services<\/li>\n<li>Efficiency and effectiveness of our services.<\/li>\n<li>Relationships with our clients.<\/li>\n<li>Promotion of the collection and recycling of authorised industrial waste by PENINSOUL, SL and<br \/>\nPENINPLASTIC, S.L.<\/li>\n<li>Control and monitoring of waste, especially that which belongs to our clients.<\/li>\n<\/ul>\n<\/li>\n<li>Commitment to select quality-conscious suppliers and to collaborate with them and with the parties.<br \/>\ninterested.<\/li>\n<li>Commitment to make our quality policy public and make it available to interested parties and<br \/>\nEnvironmental management.<\/li>\n<\/ol>\n<p>&nbsp;<\/p>","protected":false},"excerpt":{"rendered":"<p>La direcci\u00f3n de PENINSOUL, SL y PENINPLASTIC, S.L. en su voluntad de ofrecer y garantizar a sus clientes la prestaci\u00f3n de un servicio de: \u201cValorizaci\u00f3n de residuos no peligrosos y almacenaje de residuos peligrosos hasta una capacidad de 30 t\u201d y \u201cComercializaci\u00f3n de papel y pl\u00e1stico para el reciclaje\u201d. Mejorando la calidad d\u00eda a d\u00eda, [&hellip;]<\/p>\n","protected":false},"author":1,"featured_media":0,"parent":0,"menu_order":0,"comment_status":"closed","ping_status":"closed","template":"page-legals.php","meta":{"_acf_changed":false,"footnotes":""},"class_list":["post-128","page","type-page","status-publish","hentry"],"acf":[],"yoast_head":"<!-- This site is optimized with the Yoast SEO plugin v27.1.1 - https:\/\/yoast.com\/product\/yoast-seo-wordpress\/ -->\n<title>Pol\u00edtica integrada de calidad y medio ambiente - Peninsoul<\/title>\n<meta name=\"robots\" content=\"index, follow, max-snippet:-1, max-image-preview:large, max-video-preview:-1\" \/>\n<link rel=\"canonical\" href=\"https:\/\/peninsoul.com\/en\/integrated-quality-and-environmental-policy\/\" \/>\n<meta property=\"og:locale\" content=\"en_GB\" \/>\n<meta property=\"og:type\" content=\"article\" \/>\n<meta property=\"og:title\" content=\"Pol\u00edtica integrada de calidad y medio ambiente - Peninsoul\" \/>\n<meta property=\"og:description\" content=\"La direcci\u00f3n de PENINSOUL, SL y PENINPLASTIC, S.L. en su voluntad de ofrecer y garantizar a sus clientes la prestaci\u00f3n de un servicio de: \u201cValorizaci\u00f3n de residuos no peligrosos y almacenaje de residuos peligrosos hasta una capacidad de 30 t\u201d y \u201cComercializaci\u00f3n de papel y pl\u00e1stico para el reciclaje\u201d. Mejorando la calidad d\u00eda a d\u00eda, [&hellip;]\" \/>\n<meta property=\"og:url\" content=\"https:\/\/peninsoul.com\/en\/integrated-quality-and-environmental-policy\/\" \/>\n<meta property=\"og:site_name\" content=\"Peninsoul\" \/>\n<meta property=\"article:modified_time\" content=\"2025-07-03T11:42:25+00:00\" \/>\n<meta name=\"twitter:card\" content=\"summary_large_image\" \/>\n<meta name=\"twitter:label1\" content=\"Estimated reading time\" \/>\n\t<meta name=\"twitter:data1\" content=\"2 minutes\" \/>\n<script type=\"application\/ld+json\" class=\"yoast-schema-graph\">{\"@context\":\"https:\/\/schema.org\",\"@graph\":[{\"@type\":\"WebPage\",\"@id\":\"https:\/\/peninsoul.com\/politica-integrada-de-calidad-y-medio-ambiente\/\",\"url\":\"https:\/\/peninsoul.com\/politica-integrada-de-calidad-y-medio-ambiente\/\",\"name\":\"Pol\u00edtica integrada de calidad y medio ambiente - Peninsoul\",\"isPartOf\":{\"@id\":\"https:\/\/peninsoul.com\/#website\"},\"datePublished\":\"2025-07-03T11:41:46+00:00\",\"dateModified\":\"2025-07-03T11:42:25+00:00\",\"breadcrumb\":{\"@id\":\"https:\/\/peninsoul.com\/politica-integrada-de-calidad-y-medio-ambiente\/#breadcrumb\"},\"inLanguage\":\"en-GB\",\"potentialAction\":[{\"@type\":\"ReadAction\",\"target\":[\"https:\/\/peninsoul.com\/politica-integrada-de-calidad-y-medio-ambiente\/\"]}]},{\"@type\":\"BreadcrumbList\",\"@id\":\"https:\/\/peninsoul.com\/politica-integrada-de-calidad-y-medio-ambiente\/#breadcrumb\",\"itemListElement\":[{\"@type\":\"ListItem\",\"position\":1,\"name\":\"Inici\",\"item\":\"https:\/\/peninsoul.com\/\"},{\"@type\":\"ListItem\",\"position\":2,\"name\":\"Pol\u00edtica integrada de calidad y medio ambiente\"}]},{\"@type\":\"WebSite\",\"@id\":\"https:\/\/peninsoul.com\/#website\",\"url\":\"https:\/\/peninsoul.com\/\",\"name\":\"Peninsoul\",\"description\":\"Reciclar, transformar i connectar amb el m\u00f3n.\",\"potentialAction\":[{\"@type\":\"SearchAction\",\"target\":{\"@type\":\"EntryPoint\",\"urlTemplate\":\"https:\/\/peninsoul.com\/?s={search_term_string}\"},\"query-input\":{\"@type\":\"PropertyValueSpecification\",\"valueRequired\":true,\"valueName\":\"search_term_string\"}}],\"inLanguage\":\"en-GB\"}]}<\/script>\n<!-- \/ Yoast SEO plugin. -->","yoast_head_json":{"title":"Integrated Quality and Environmental Policy - Peninsoul","robots":{"index":"index","follow":"follow","max-snippet":"max-snippet:-1","max-image-preview":"max-image-preview:large","max-video-preview":"max-video-preview:-1"},"canonical":"https:\/\/peninsoul.com\/en\/integrated-quality-and-environmental-policy\/","og_locale":"en_GB","og_type":"article","og_title":"Pol\u00edtica integrada de calidad y medio ambiente - Peninsoul","og_description":"La direcci\u00f3n de PENINSOUL, SL y PENINPLASTIC, S.L. en su voluntad de ofrecer y garantizar a sus clientes la prestaci\u00f3n de un servicio de: \u201cValorizaci\u00f3n de residuos no peligrosos y almacenaje de residuos peligrosos hasta una capacidad de 30 t\u201d y \u201cComercializaci\u00f3n de papel y pl\u00e1stico para el reciclaje\u201d. Mejorando la calidad d\u00eda a d\u00eda, [&hellip;]","og_url":"https:\/\/peninsoul.com\/en\/integrated-quality-and-environmental-policy\/","og_site_name":"Peninsoul","article_modified_time":"2025-07-03T11:42:25+00:00","twitter_card":"summary_large_image","twitter_misc":{"Estimated reading time":"2 minutes"},"schema":{"@context":"https:\/\/schema.org","@graph":[{"@type":"WebPage","@id":"https:\/\/peninsoul.com\/politica-integrada-de-calidad-y-medio-ambiente\/","url":"https:\/\/peninsoul.com\/politica-integrada-de-calidad-y-medio-ambiente\/","name":"Integrated Quality and Environmental Policy - Peninsoul","isPartOf":{"@id":"https:\/\/peninsoul.com\/#website"},"datePublished":"2025-07-03T11:41:46+00:00","dateModified":"2025-07-03T11:42:25+00:00","breadcrumb":{"@id":"https:\/\/peninsoul.com\/politica-integrada-de-calidad-y-medio-ambiente\/#breadcrumb"},"inLanguage":"en-GB","potentialAction":[{"@type":"ReadAction","target":["https:\/\/peninsoul.com\/politica-integrada-de-calidad-y-medio-ambiente\/"]}]},{"@type":"BreadcrumbList","@id":"https:\/\/peninsoul.com\/politica-integrada-de-calidad-y-medio-ambiente\/#breadcrumb","itemListElement":[{"@type":"ListItem","position":1,"name":"Inici","item":"https:\/\/peninsoul.com\/"},{"@type":"ListItem","position":2,"name":"Pol\u00edtica integrada de calidad y medio ambiente"}]},{"@type":"WebSite","@id":"https:\/\/peninsoul.com\/#website","url":"https:\/\/peninsoul.com\/","name":"Peninsoul","description":"Recycle, transform and connect with the world.","potentialAction":[{"@type":"SearchAction","target":{"@type":"EntryPoint","urlTemplate":"https:\/\/peninsoul.com\/?s={search_term_string}"},"query-input":{"@type":"PropertyValueSpecification","valueRequired":true,"valueName":"search_term_string"}}],"inLanguage":"en-GB"}]}},"_links":{"self":[{"href":"https:\/\/peninsoul.com\/en\/wp-json\/wp\/v2\/pages\/128","targetHints":{"allow":["GET"]}}],"collection":[{"href":"https:\/\/peninsoul.com\/en\/wp-json\/wp\/v2\/pages"}],"about":[{"href":"https:\/\/peninsoul.com\/en\/wp-json\/wp\/v2\/types\/page"}],"author":[{"embeddable":true,"href":"https:\/\/peninsoul.com\/en\/wp-json\/wp\/v2\/users\/1"}],"replies":[{"embeddable":true,"href":"https:\/\/peninsoul.com\/en\/wp-json\/wp\/v2\/comments?post=128"}],"version-history":[{"count":2,"href":"https:\/\/peninsoul.com\/en\/wp-json\/wp\/v2\/pages\/128\/revisions"}],"predecessor-version":[{"id":130,"href":"https:\/\/peninsoul.com\/en\/wp-json\/wp\/v2\/pages\/128\/revisions\/130"}],"wp:attachment":[{"href":"https:\/\/peninsoul.com\/en\/wp-json\/wp\/v2\/media?parent=128"}],"curies":[{"name":"wp","href":"https:\/\/api.w.org\/{rel}","templated":true}]}}