{"id":126,"date":"2025-07-03T11:30:32","date_gmt":"2025-07-03T11:30:32","guid":{"rendered":"https:\/\/peninsoul.com\/?page_id=126"},"modified":"2026-03-10T13:18:35","modified_gmt":"2026-03-10T13:18:35","slug":"privacy-policy","status":"publish","type":"page","link":"https:\/\/peninsoul.com\/en\/politica-de-privacitat\/","title":{"rendered":"Privacy Policy"},"content":{"rendered":"<h3 data-section-id=\"1fojpzs\" data-start=\"3348\" data-end=\"3380\">1. Data controller<\/h3>\n<p data-start=\"3382\" data-end=\"3606\">In compliance with Regulation (EU) 2016\/679 of 27 April 2016 (GDPR) and Organic Law 3\/2018 on the Protection of Personal Data and Guarantee of Digital Rights, it is hereby notified that the data controller is:<\/p>\n<p data-start=\"3608\" data-end=\"3766\"><strong data-start=\"3608\" data-end=\"3625\">Peninsoul, SL<\/strong><br data-start=\"3625\" data-end=\"3628\" \/>Tax Identification Number: <strong data-start=\"3633\" data-end=\"3646\">B62170113<\/strong><br data-start=\"3646\" data-end=\"3649\" \/>Address: <strong data-start=\"3657\" data-end=\"3737\">C. Albert Einstein Industrial Estate C'an Jorn, 08430 La Roca del Vall\u00e8s (Barcelona)<\/strong><br data-start=\"3737\" data-end=\"3740\" \/>Web: <strong data-start=\"3745\" data-end=\"3766\"><a class=\"decorated-link\" href=\"https:\/\/peninsoul.com\/en\/\" target=\"_new\" rel=\"noopener\" data-start=\"3747\" data-end=\"3764\">www.peninsoul.com<\/a><\/strong><\/p>\n<hr data-start=\"3768\" data-end=\"3771\" \/>\n<h3 data-section-id=\"1sbik3j\" data-start=\"3773\" data-end=\"3816\">2. Purpose of the processing of data<\/h3>\n<p data-start=\"3818\" data-end=\"3929\">The personal data collected through the website will be used for the following purposes:<\/p>\n<ul data-start=\"3931\" data-end=\"4161\">\n<li data-section-id=\"kirdf2\" data-start=\"3931\" data-end=\"3991\">\n<p data-start=\"3933\" data-end=\"3991\">Attend to enquiries or requests made by users.<\/p>\n<\/li>\n<li data-section-id=\"sa483n\" data-start=\"3992\" data-end=\"4040\">\n<p data-start=\"3994\" data-end=\"4040\">Manage the business or professional relationship.<\/p>\n<\/li>\n<li data-section-id=\"14r3y5l\" data-start=\"4041\" data-end=\"4106\">\n<p data-start=\"4043\" data-end=\"4106\">Send communications relating to the services requested.<\/p>\n<\/li>\n<li data-section-id=\"114n6a7\" data-start=\"4107\" data-end=\"4161\">\n<p data-start=\"4109\" data-end=\"4161\">Improve the services and operation of the website.<\/p>\n<\/li>\n<\/ul>\n<p data-start=\"4163\" data-end=\"4315\">The data will be retained for as long as necessary to fulfil the purpose for which they were collected or while legal obligations remain.<\/p>\n<hr data-start=\"4317\" data-end=\"4320\" \/>\n<h3 data-section-id=\"r95vn0\" data-start=\"4322\" data-end=\"4356\">3. Legal basis for processing<\/h3>\n<p data-start=\"4358\" data-end=\"4406\">The legal basis for the processing of the data is:<\/p>\n<ul data-start=\"4408\" data-end=\"4541\">\n<li data-section-id=\"1nhffc4\" data-start=\"4408\" data-end=\"4446\">\n<p data-start=\"4410\" data-end=\"4446\">The <strong data-start=\"4413\" data-end=\"4445\">Consent of the data subject<\/strong>.<\/p>\n<\/li>\n<li data-section-id=\"1vc7760\" data-start=\"4447\" data-end=\"4503\">\n<p data-start=\"4449\" data-end=\"4503\">The performance of a contractual or pre-contractual relationship.<\/p>\n<\/li>\n<li data-section-id=\"ss8i5o\" data-start=\"4504\" data-end=\"4541\">\n<p data-start=\"4506\" data-end=\"4541\">Compliance with legal obligations.<\/p>\n<\/li>\n<\/ul>\n<hr data-start=\"4543\" data-end=\"4546\" \/>\n<h3 data-section-id=\"u67v50\" data-start=\"4548\" data-end=\"4584\">4. Disclosure of data to third parties<\/h3>\n<p data-start=\"4586\" data-end=\"4722\">Personal data will not be disclosed to third parties, except where there is a legal obligation or it is necessary for the provision of the service.<\/p>\n<p data-start=\"4724\" data-end=\"4910\">In certain cases, service providers may intervene, processing data on behalf of the data controller, always under a confidentiality agreement and with the appropriate legal safeguards.<\/p>\n<hr data-start=\"4912\" data-end=\"4915\" \/>\n<h3 data-section-id=\"14l7o6m\" data-start=\"4917\" data-end=\"4941\">5. Users' rights<\/h3>\n<p data-start=\"4943\" data-end=\"4968\">Users have the right to:<\/p>\n<ul data-start=\"4970\" data-end=\"5232\">\n<li data-section-id=\"xhlyzm\" data-start=\"4970\" data-end=\"5007\">\n<p data-start=\"4972\" data-end=\"5007\">Access your personal data<\/p>\n<\/li>\n<li data-section-id=\"1sgnoyj\" data-start=\"5008\" data-end=\"5056\">\n<p data-start=\"5010\" data-end=\"5056\">Request the rectification of inaccurate data<\/p>\n<\/li>\n<li data-section-id=\"nl3iiz\" data-start=\"5057\" data-end=\"5102\">\n<p data-start=\"5059\" data-end=\"5102\">Request the deletion of your data<\/p>\n<\/li>\n<li data-section-id=\"dudekp\" data-start=\"5103\" data-end=\"5144\">\n<p data-start=\"5105\" data-end=\"5144\">Request restriction of processing<\/p>\n<\/li>\n<li data-section-id=\"jstjtj\" data-start=\"5145\" data-end=\"5189\">\n<p data-start=\"5147\" data-end=\"5189\">To object to the processing of your data<\/p>\n<\/li>\n<li data-section-id=\"51zfpt\" data-start=\"5190\" data-end=\"5232\">\n<p data-start=\"5192\" data-end=\"5232\">Request data portability<\/p>\n<\/li>\n<\/ul>\n<p data-start=\"5234\" data-end=\"5307\">To exercise these rights, the user may send a written request to:<\/p>\n<p data-start=\"5309\" data-end=\"5406\"><strong data-start=\"5309\" data-end=\"5326\">Peninsoul, SL<\/strong><br data-start=\"5326\" data-end=\"5329\" \/>C. Albert Einstein Industrial Estate C'an Jorn<br data-start=\"5367\" data-end=\"5370\" \/>08430 La Roca del Vall\u00e8s (Barcelona)<\/p>\n<p data-start=\"5408\" data-end=\"5550\">You may also lodge a complaint with the\u2019<strong data-start=\"5454\" data-end=\"5497\">Spanish Data Protection Agency<\/strong> if you consider that your rights have been violated.<\/p>\n<p data-start=\"5552\" data-end=\"5576\">Web: <a class=\"decorated-link\" href=\"https:\/\/www.aepd.es\" target=\"_new\" rel=\"noopener\" data-start=\"5557\" data-end=\"5576\">https:\/\/www.aepd.es<\/a><\/p>\n<hr data-start=\"5578\" data-end=\"5581\" \/>\n<h3 data-section-id=\"o45nmr\" data-start=\"5583\" data-end=\"5611\">6. Data security<\/h3>\n<p data-start=\"5613\" data-end=\"5819\">The data controller implements the necessary technical and organisational measures to ensure the security of personal data and prevent its alteration, loss, processing or unauthorised access.<\/p>\n<hr data-start=\"5821\" data-end=\"5824\" \/>\n<h3 data-section-id=\"hj6tst\" data-start=\"5826\" data-end=\"5874\">7. Changes to the privacy policy<\/h3>\n<p data-start=\"5876\" data-end=\"5996\">The Lender reserves the right to amend this policy to adapt it to new legislation or case law.<\/p>\n<p data-start=\"5998\" data-end=\"6081\">In such cases, changes will be announced on this page with reasonable advance notice.<\/p>","protected":false},"excerpt":{"rendered":"<p>1. Responsable del tractament En compliment del Reglament (UE) 2016\/679 de 27 d\u2019abril de 2016 (RGPD) i de la Llei Org\u00e0nica 3\/2018 de Protecci\u00f3 de Dades Personals i garantia dels drets digitals, s&#8217;informa que el responsable del tractament de les dades \u00e9s: Peninsoul, SLNIF: B62170113Adre\u00e7a: C. Albert Einstein Pol. Ind. C\u2019an Jorn, 08430 La Roca [&hellip;]<\/p>\n","protected":false},"author":1,"featured_media":0,"parent":0,"menu_order":0,"comment_status":"closed","ping_status":"closed","template":"page-legals.php","meta":{"_acf_changed":false,"footnotes":""},"class_list":["post-126","page","type-page","status-publish","hentry"],"acf":[],"yoast_head":"<!-- This site is optimized with the Yoast SEO plugin v27.1.1 - https:\/\/yoast.com\/product\/yoast-seo-wordpress\/ -->\n<title>Pol\u00edtica de privacitat - Peninsoul<\/title>\n<meta name=\"robots\" content=\"index, follow, max-snippet:-1, max-image-preview:large, max-video-preview:-1\" \/>\n<link rel=\"canonical\" href=\"https:\/\/peninsoul.com\/en\/privacy-policy\/\" \/>\n<meta property=\"og:locale\" content=\"en_GB\" \/>\n<meta property=\"og:type\" content=\"article\" \/>\n<meta property=\"og:title\" content=\"Pol\u00edtica de privacitat - Peninsoul\" \/>\n<meta property=\"og:description\" content=\"1. Responsable del tractament En compliment del Reglament (UE) 2016\/679 de 27 d\u2019abril de 2016 (RGPD) i de la Llei Org\u00e0nica 3\/2018 de Protecci\u00f3 de Dades Personals i garantia dels drets digitals, s&#8217;informa que el responsable del tractament de les dades \u00e9s: Peninsoul, SLNIF: B62170113Adre\u00e7a: C. Albert Einstein Pol. Ind. C\u2019an Jorn, 08430 La Roca [&hellip;]\" \/>\n<meta property=\"og:url\" content=\"https:\/\/peninsoul.com\/en\/privacy-policy\/\" \/>\n<meta property=\"og:site_name\" content=\"Peninsoul\" \/>\n<meta property=\"article:modified_time\" content=\"2026-03-10T13:18:35+00:00\" \/>\n<meta name=\"twitter:card\" content=\"summary_large_image\" \/>\n<meta name=\"twitter:label1\" content=\"Estimated reading time\" \/>\n\t<meta name=\"twitter:data1\" content=\"2 minutes\" \/>\n<script type=\"application\/ld+json\" class=\"yoast-schema-graph\">{\"@context\":\"https:\/\/schema.org\",\"@graph\":[{\"@type\":\"WebPage\",\"@id\":\"https:\/\/peninsoul.com\/en\/politica-de-privacitat\/\",\"url\":\"https:\/\/peninsoul.com\/en\/politica-de-privacitat\/\",\"name\":\"Pol\u00edtica de privacitat - Peninsoul\",\"isPartOf\":{\"@id\":\"https:\/\/peninsoul.com\/#website\"},\"datePublished\":\"2025-07-03T11:30:32+00:00\",\"dateModified\":\"2026-03-10T13:18:35+00:00\",\"breadcrumb\":{\"@id\":\"https:\/\/peninsoul.com\/en\/politica-de-privacitat\/#breadcrumb\"},\"inLanguage\":\"en-GB\",\"potentialAction\":[{\"@type\":\"ReadAction\",\"target\":[\"https:\/\/peninsoul.com\/en\/politica-de-privacitat\/\"]}]},{\"@type\":\"BreadcrumbList\",\"@id\":\"https:\/\/peninsoul.com\/en\/politica-de-privacitat\/#breadcrumb\",\"itemListElement\":[{\"@type\":\"ListItem\",\"position\":1,\"name\":\"Inici\",\"item\":\"https:\/\/peninsoul.com\/\"},{\"@type\":\"ListItem\",\"position\":2,\"name\":\"Pol\u00edtica de privacitat\"}]},{\"@type\":\"WebSite\",\"@id\":\"https:\/\/peninsoul.com\/#website\",\"url\":\"https:\/\/peninsoul.com\/\",\"name\":\"Peninsoul\",\"description\":\"Reciclar, transformar i connectar amb el m\u00f3n.\",\"potentialAction\":[{\"@type\":\"SearchAction\",\"target\":{\"@type\":\"EntryPoint\",\"urlTemplate\":\"https:\/\/peninsoul.com\/?s={search_term_string}\"},\"query-input\":{\"@type\":\"PropertyValueSpecification\",\"valueRequired\":true,\"valueName\":\"search_term_string\"}}],\"inLanguage\":\"en-GB\"}]}<\/script>\n<!-- \/ Yoast SEO plugin. -->","yoast_head_json":{"title":"Privacy Policy - Peninsoul","robots":{"index":"index","follow":"follow","max-snippet":"max-snippet:-1","max-image-preview":"max-image-preview:large","max-video-preview":"max-video-preview:-1"},"canonical":"https:\/\/peninsoul.com\/en\/privacy-policy\/","og_locale":"en_GB","og_type":"article","og_title":"Pol\u00edtica de privacitat - Peninsoul","og_description":"1. Responsable del tractament En compliment del Reglament (UE) 2016\/679 de 27 d\u2019abril de 2016 (RGPD) i de la Llei Org\u00e0nica 3\/2018 de Protecci\u00f3 de Dades Personals i garantia dels drets digitals, s&#8217;informa que el responsable del tractament de les dades \u00e9s: Peninsoul, SLNIF: B62170113Adre\u00e7a: C. Albert Einstein Pol. Ind. C\u2019an Jorn, 08430 La Roca [&hellip;]","og_url":"https:\/\/peninsoul.com\/en\/privacy-policy\/","og_site_name":"Peninsoul","article_modified_time":"2026-03-10T13:18:35+00:00","twitter_card":"summary_large_image","twitter_misc":{"Estimated reading time":"2 minutes"},"schema":{"@context":"https:\/\/schema.org","@graph":[{"@type":"WebPage","@id":"https:\/\/peninsoul.com\/en\/politica-de-privacitat\/","url":"https:\/\/peninsoul.com\/en\/politica-de-privacitat\/","name":"Privacy Policy - Peninsoul","isPartOf":{"@id":"https:\/\/peninsoul.com\/#website"},"datePublished":"2025-07-03T11:30:32+00:00","dateModified":"2026-03-10T13:18:35+00:00","breadcrumb":{"@id":"https:\/\/peninsoul.com\/en\/politica-de-privacitat\/#breadcrumb"},"inLanguage":"en-GB","potentialAction":[{"@type":"ReadAction","target":["https:\/\/peninsoul.com\/en\/politica-de-privacitat\/"]}]},{"@type":"BreadcrumbList","@id":"https:\/\/peninsoul.com\/en\/politica-de-privacitat\/#breadcrumb","itemListElement":[{"@type":"ListItem","position":1,"name":"Inici","item":"https:\/\/peninsoul.com\/"},{"@type":"ListItem","position":2,"name":"Pol\u00edtica de privacitat"}]},{"@type":"WebSite","@id":"https:\/\/peninsoul.com\/#website","url":"https:\/\/peninsoul.com\/","name":"Peninsoul","description":"Recycle, transform and connect with the world.","potentialAction":[{"@type":"SearchAction","target":{"@type":"EntryPoint","urlTemplate":"https:\/\/peninsoul.com\/?s={search_term_string}"},"query-input":{"@type":"PropertyValueSpecification","valueRequired":true,"valueName":"search_term_string"}}],"inLanguage":"en-GB"}]}},"_links":{"self":[{"href":"https:\/\/peninsoul.com\/en\/wp-json\/wp\/v2\/pages\/126","targetHints":{"allow":["GET"]}}],"collection":[{"href":"https:\/\/peninsoul.com\/en\/wp-json\/wp\/v2\/pages"}],"about":[{"href":"https:\/\/peninsoul.com\/en\/wp-json\/wp\/v2\/types\/page"}],"author":[{"embeddable":true,"href":"https:\/\/peninsoul.com\/en\/wp-json\/wp\/v2\/users\/1"}],"replies":[{"embeddable":true,"href":"https:\/\/peninsoul.com\/en\/wp-json\/wp\/v2\/comments?post=126"}],"version-history":[{"count":4,"href":"https:\/\/peninsoul.com\/en\/wp-json\/wp\/v2\/pages\/126\/revisions"}],"predecessor-version":[{"id":167,"href":"https:\/\/peninsoul.com\/en\/wp-json\/wp\/v2\/pages\/126\/revisions\/167"}],"wp:attachment":[{"href":"https:\/\/peninsoul.com\/en\/wp-json\/wp\/v2\/media?parent=126"}],"curies":[{"name":"wp","href":"https:\/\/api.w.org\/{rel}","templated":true}]}}